{"id":31253,"date":"2025-02-20T22:33:04","date_gmt":"2025-02-20T22:33:04","guid":{"rendered":"https:\/\/olemosaic.orbitalia.org\/producto\/llavero-de-madera-letra-f-barcelona\/"},"modified":"2025-07-25T18:46:02","modified_gmt":"2025-07-25T16:46:02","slug":"porte-cles-en-bois-lettre-f-barcelone","status":"publish","type":"product","link":"https:\/\/olemosaic.orbitalia.org\/fr\/produit\/porte-cles-en-bois-lettre-f-barcelone\/","title":{"rendered":"Porte-cl\u00e9s en bois. Lettre F. Barcelone."},"content":{"rendered":"<p>Ce porte-cl\u00e9s en bois avec la lettre &lsquo;F&rsquo; est un souvenir vibrant qui capture l&rsquo;essence de Barcelone. Son design ing\u00e9nieux pr\u00e9sente une illustration color\u00e9e de la c\u00e9l\u00e8bre Sagrada Familia, mettant en avant les \u00e9l\u00e9ments architecturaux embl\u00e9matiques de ce monument moderniste. Avec des d\u00e9tails d\u00e9licats en rouge, jaune et bleu, le porte-cl\u00e9s \u00e9voque les mosa\u00efques typiques du modernisme catalan, refl\u00e9tant la cr\u00e9ativit\u00e9 et la richesse culturelle qui d\u00e9finissent cette ville unique. La lettre &lsquo;F&rsquo;, repr\u00e9sentative et stylis\u00e9e, n&rsquo;est pas seulement un d\u00e9tail visuel attrayant, mais aussi un symbole parfait pour se souvenir de la fascinante histoire artistique de Barcelone. Compl\u00e9t\u00e9 par un anneau m\u00e9tallique solide, ce porte-cl\u00e9s est pratique pour un usage quotidien, devenant un souvenir id\u00e9al tant pour les touristes que pour ceux qui souhaitent emporter un morceau de Barcelone avec eux. Chez Ol\u00e9 Mosaic, nous sommes fiers de proposer des souvenirs authentiques et de qualit\u00e9 en gros, ce porte-cl\u00e9s de la Sagrada Familia \u00e9tant une excellente option pour les boutiques de cadeaux touristiques \u00e0 la recherche de produits uniques et significatifs.<\/p>\n","protected":false},"excerpt":{"rendered":"<p>Porte-cl\u00e9s en bois en forme de lettre &lsquo;F&rsquo;, con\u00e7u pour rappeler la ville vibrante de Barcelone. Ce porte-cl\u00e9s pr\u00e9sente une illustration color\u00e9e de la c\u00e9l\u00e8bre Sagrada Familia, avec des d\u00e9tails en rouge, jaune et bleu, \u00e9voquant les mosa\u00efques caract\u00e9ristiques du modernisme catalan. La lettre &lsquo;F&rsquo; est compl\u00e9t\u00e9e par un anneau m\u00e9tallique qui facilite l&rsquo;usage quotidien, en faisant un souvenir unique et pratique qui capture l&rsquo;essence architecturale de Barcelone.<\/p>\n","protected":false},"featured_media":10491,"template":"","meta":{"_acf_changed":false},"product_brand":[],"product_cat":[607],"product_tag":[614],"class_list":{"0":"post-31253","1":"product","2":"type-product","3":"status-publish","4":"has-post-thumbnail","6":"product_cat-porte-cles","7":"product_tag-lettres","8":"pa_ciudad-barcelona","9":"pa_motivo-lettre-f","10":"pa_pais-espana","12":"first","13":"instock","14":"shipping-taxable","15":"product-type-simple"},"acf":[],"_links":{"self":[{"href":"https:\/\/olemosaic.orbitalia.org\/fr\/wp-json\/wp\/v2\/product\/31253","targetHints":{"allow":["GET"]}}],"collection":[{"href":"https:\/\/olemosaic.orbitalia.org\/fr\/wp-json\/wp\/v2\/product"}],"about":[{"href":"https:\/\/olemosaic.orbitalia.org\/fr\/wp-json\/wp\/v2\/types\/product"}],"wp:featuredmedia":[{"embeddable":true,"href":"https:\/\/olemosaic.orbitalia.org\/fr\/wp-json\/wp\/v2\/media\/10491"}],"wp:attachment":[{"href":"https:\/\/olemosaic.orbitalia.org\/fr\/wp-json\/wp\/v2\/media?parent=31253"}],"wp:term":[{"taxonomy":"product_brand","embeddable":true,"href":"https:\/\/olemosaic.orbitalia.org\/fr\/wp-json\/wp\/v2\/product_brand?post=31253"},{"taxonomy":"product_cat","embeddable":true,"href":"https:\/\/olemosaic.orbitalia.org\/fr\/wp-json\/wp\/v2\/product_cat?post=31253"},{"taxonomy":"product_tag","embeddable":true,"href":"https:\/\/olemosaic.orbitalia.org\/fr\/wp-json\/wp\/v2\/product_tag?post=31253"}],"curies":[{"name":"wp","href":"https:\/\/api.w.org\/{rel}","templated":true}]}}