{"id":31228,"date":"2025-02-20T22:33:03","date_gmt":"2025-02-20T22:33:03","guid":{"rendered":"https:\/\/olemosaic.orbitalia.org\/producto\/llavero-de-madera-dragon-barcelona\/"},"modified":"2025-07-25T19:51:38","modified_gmt":"2025-07-25T17:51:38","slug":"porte-cles-en-bois-dragon-barcelone","status":"publish","type":"product","link":"https:\/\/olemosaic.orbitalia.org\/fr\/produit\/porte-cles-en-bois-dragon-barcelone\/","title":{"rendered":"Porte-cl\u00e9s en bois. Dragon. Barcelone."},"content":{"rendered":"<p>Ce porte-cl\u00e9s en bois au design de dragon est un v\u00e9ritable hommage \u00e0 la cr\u00e9ativit\u00e9 d&rsquo;Antoni Gaud\u00ed, car il capture l&rsquo;essence du modernisme catalan dans un objet unique \u00e9voquant les mosa\u00efques color\u00e9es de Barcelone. Son design vibrant int\u00e8gre une composition complexe dans des tons bleus, verts et jaunes, mettant en valeur la figure du dragon, un symbole embl\u00e9matique du Parc G\u00fcell, l&rsquo;une des \u0153uvres les plus reconnaissables de Gaud\u00ed. Le mot \u00ab\u00a0Barcelona\u00a0\u00bb, inscrit avec une typographie joyeuse et color\u00e9e, se d\u00e9ploie avec caract\u00e8re sur un fond imitant les carreaux de c\u00e9ramique iconiques, refl\u00e9tant la riche tradition artistique de la ville.<\/p>\n<p>Ce porte-cl\u00e9s n&rsquo;est pas seulement id\u00e9al pour porter vos cl\u00e9s, mais il fonctionne aussi comme un souvenir parfait pour se rem\u00e9morer votre visite dans la fascinante Barcelone. Chaque d\u00e9tail du dragon et des mosa\u00efques a \u00e9t\u00e9 pens\u00e9 pour lui donner un air authentique et culturel, transformant ce porte-cl\u00e9s en un merveilleux souvenir qui connecte le touriste \u00e0 l&rsquo;architecture et \u00e0 l&rsquo;art de la ville. Chez Ol\u00e9 Mosaic, nous proposons une large vari\u00e9t\u00e9 de souvenirs de qualit\u00e9 en gros, et ce porte-cl\u00e9s dragon est une excellente option pour les boutiques de cadeaux touristiques cherchant \u00e0 mettre en avant des produits authentiques et pertinents. Profitez de cette occasion pour ravir vos clients avec un morceau de l&rsquo;h\u00e9ritage de Gaud\u00ed qu&rsquo;ils pourront emporter partout avec eux.<\/p>\n","protected":false},"excerpt":{"rendered":"<p>Porte-cl\u00e9s en bois au design de dragon, inspir\u00e9 de la c\u00e9l\u00e8bre \u0153uvre d&rsquo;Antoni Gaud\u00ed \u00e0 Barcelone. Cette pi\u00e8ce pr\u00e9sente une mosa\u00efque vibrante de couleurs dans des tons bleus, verts et jaunes, capturant l&rsquo;essence de la cr\u00e9ativit\u00e9 de l&rsquo;architecte. La figure du dragon est compl\u00e9t\u00e9e par le mot \u00ab\u00a0Barcelona\u00a0\u00bb en couleur, se d\u00e9tachant sur un fond reproduisant les carreaux iconiques. Un souvenir parfait pour emporter avec soi un morceau de l&rsquo;architecture moderniste.<\/p>\n","protected":false},"featured_media":10448,"template":"","meta":{"_acf_changed":false},"product_brand":[],"product_cat":[607],"product_tag":[],"class_list":{"0":"post-31228","1":"product","2":"type-product","3":"status-publish","4":"has-post-thumbnail","6":"product_cat-porte-cles","7":"pa_ciudad-barcelona","8":"pa_motivo-dragon","9":"pa_pais-espana","11":"first","12":"instock","13":"shipping-taxable","14":"product-type-simple"},"acf":[],"_links":{"self":[{"href":"https:\/\/olemosaic.orbitalia.org\/fr\/wp-json\/wp\/v2\/product\/31228","targetHints":{"allow":["GET"]}}],"collection":[{"href":"https:\/\/olemosaic.orbitalia.org\/fr\/wp-json\/wp\/v2\/product"}],"about":[{"href":"https:\/\/olemosaic.orbitalia.org\/fr\/wp-json\/wp\/v2\/types\/product"}],"wp:featuredmedia":[{"embeddable":true,"href":"https:\/\/olemosaic.orbitalia.org\/fr\/wp-json\/wp\/v2\/media\/10448"}],"wp:attachment":[{"href":"https:\/\/olemosaic.orbitalia.org\/fr\/wp-json\/wp\/v2\/media?parent=31228"}],"wp:term":[{"taxonomy":"product_brand","embeddable":true,"href":"https:\/\/olemosaic.orbitalia.org\/fr\/wp-json\/wp\/v2\/product_brand?post=31228"},{"taxonomy":"product_cat","embeddable":true,"href":"https:\/\/olemosaic.orbitalia.org\/fr\/wp-json\/wp\/v2\/product_cat?post=31228"},{"taxonomy":"product_tag","embeddable":true,"href":"https:\/\/olemosaic.orbitalia.org\/fr\/wp-json\/wp\/v2\/product_tag?post=31228"}],"curies":[{"name":"wp","href":"https:\/\/api.w.org\/{rel}","templated":true}]}}