{"id":31216,"date":"2025-02-20T23:33:02","date_gmt":"2025-02-20T22:33:02","guid":{"rendered":"https:\/\/olemosaic.orbitalia.org\/producto\/ref-2\/"},"modified":"2025-07-25T20:37:22","modified_gmt":"2025-07-25T18:37:22","slug":"boule-de-noel-avec-boite-chemin-de-compostelle-eventail","status":"publish","type":"product","link":"https:\/\/olemosaic.orbitalia.org\/fr\/produit\/boule-de-noel-avec-boite-chemin-de-compostelle-eventail\/","title":{"rendered":"Boule de No\u00ebl avec bo\u00eete. Chemin de Compostelle. \u00c9ventail."},"content":{"rendered":"<p>Ce porte-cl\u00e9s en c\u00e9ramique, inspir\u00e9 du Chemin de Compostelle, est un souvenir vibrant et significatif de l&rsquo;une des routes de p\u00e8lerinage les plus embl\u00e9matiques au monde. Avec son design color\u00e9, le porte-cl\u00e9s combine l&rsquo;iconique cath\u00e9drale de Saint-Jacques-de-Compostelle, reconnue pour son architecture majestueuse, et un \u00e9ventail voyant, symbole du joyeux folklore espagnol. Sa finition brillante et les d\u00e9tails peints \u00e0 la main garantissent que chaque pi\u00e8ce est unique, capturant l&rsquo;essence de la riche culture galicienne et sa tradition d&rsquo;accueil des p\u00e8lerins.<\/p>\n<p>Au centre du porte-cl\u00e9s, le texte \u00ab\u00a0CAMINO DE\u00a0\u00bb se d\u00e9tache avec des lettres ludiques, flanqu\u00e9 d&rsquo;une base d\u00e9corative en mosa\u00efque pr\u00e9sentant des tons verts et ros\u00e9s, \u00e9voquant le paysage et la vie des terres travers\u00e9es par cette c\u00e9l\u00e8bre route. Ce design n&rsquo;est pas seulement visuellement attrayant, il rend \u00e9galement hommage \u00e0 l&rsquo;exp\u00e9rience transformatrice du chemin et \u00e0 ses histoires.<\/p>\n<p>Le porte-cl\u00e9s est plus qu&rsquo;un simple accessoire ; c&rsquo;est un authentique souvenir du Chemin de Compostelle, id\u00e9al pour les touristes cherchant \u00e0 ramener un petit morceau d&rsquo;Espagne. Les souvenirs du Chemin ont une profonde signification culturelle, repr\u00e9sentant l&rsquo;unit\u00e9, la spiritualit\u00e9 et la beaut\u00e9 du voyage. Chez Ol\u00e9 Mosaic, en tant que grossistes de souvenirs, nous proposons des produits qui capturent l&rsquo;authenticit\u00e9 et la diversit\u00e9 du patrimoine espagnol, les rendant parfaits pour les boutiques de cadeaux touristiques souhaitant offrir des souvenirs m\u00e9morables.<\/p>\n","protected":false},"excerpt":{"rendered":"<p>Porte-cl\u00e9s en c\u00e9ramique inspir\u00e9 du Chemin de Compostelle, avec un design color\u00e9 combinant l&rsquo;iconique cath\u00e9drale de Saint-Jacques et un \u00e9ventail voyant. Ce porte-cl\u00e9s, au fini brillant et aux d\u00e9tails peints \u00e0 la main, capture l&rsquo;essence du folklore espagnol. Au centre, le texte \u00ab\u00a0CAMINO DE\u00a0\u00bb ressort, encadr\u00e9 par une base d\u00e9corative en mosa\u00efque dans des tons verts et ros\u00e9s, id\u00e9al pour se souvenir de votre itin\u00e9raire sur ce c\u00e9l\u00e8bre p\u00e8lerinage.<\/p>\n","protected":false},"featured_media":9846,"template":"","meta":{"_acf_changed":false},"product_brand":[],"product_cat":[659],"product_tag":[],"class_list":{"0":"post-31216","1":"product","2":"type-product","3":"status-publish","4":"has-post-thumbnail","6":"product_cat-boules-de-noel","7":"pa_ciudad-santiago-de-compostela","8":"pa_pais-espana","10":"first","11":"instock","12":"shipping-taxable","13":"product-type-simple"},"acf":[],"_links":{"self":[{"href":"https:\/\/olemosaic.orbitalia.org\/fr\/wp-json\/wp\/v2\/product\/31216","targetHints":{"allow":["GET"]}}],"collection":[{"href":"https:\/\/olemosaic.orbitalia.org\/fr\/wp-json\/wp\/v2\/product"}],"about":[{"href":"https:\/\/olemosaic.orbitalia.org\/fr\/wp-json\/wp\/v2\/types\/product"}],"wp:featuredmedia":[{"embeddable":true,"href":"https:\/\/olemosaic.orbitalia.org\/fr\/wp-json\/wp\/v2\/media\/9846"}],"wp:attachment":[{"href":"https:\/\/olemosaic.orbitalia.org\/fr\/wp-json\/wp\/v2\/media?parent=31216"}],"wp:term":[{"taxonomy":"product_brand","embeddable":true,"href":"https:\/\/olemosaic.orbitalia.org\/fr\/wp-json\/wp\/v2\/product_brand?post=31216"},{"taxonomy":"product_cat","embeddable":true,"href":"https:\/\/olemosaic.orbitalia.org\/fr\/wp-json\/wp\/v2\/product_cat?post=31216"},{"taxonomy":"product_tag","embeddable":true,"href":"https:\/\/olemosaic.orbitalia.org\/fr\/wp-json\/wp\/v2\/product_tag?post=31216"}],"curies":[{"name":"wp","href":"https:\/\/api.w.org\/{rel}","templated":true}]}}