{"id":31212,"date":"2025-02-20T23:33:02","date_gmt":"2025-02-20T22:33:02","guid":{"rendered":"https:\/\/olemosaic.orbitalia.org\/producto\/4-bols-de-coco-de-13-x-6-cm-animales-del-mar\/"},"modified":"2025-07-25T20:22:11","modified_gmt":"2025-07-25T18:22:11","slug":"4-bols-coco-de-13-x-6-cm-animaux-marins","status":"publish","type":"product","link":"https:\/\/olemosaic.orbitalia.org\/fr\/produit\/4-bols-coco-de-13-x-6-cm-animaux-marins\/","title":{"rendered":"4 Bols coco de 13 x 6 cm. Animaux marins."},"content":{"rendered":"<p>Cet ensemble de bols en c\u00e9ramique peints \u00e0 la main est un v\u00e9ritable bijou qui capture l&rsquo;essence du littoral m\u00e9diterran\u00e9en. Chaque bol pr\u00e9sente un design exquis de mosa\u00efque dans des tons vibrants de bleu, rose et dor\u00e9, \u00e9voquant la fra\u00eecheur des eaux marines. Les illustrations, m\u00e9ticuleusement \u00e9labor\u00e9es, mettent en avant des repr\u00e9sentations d&rsquo;un hippocampe, d&rsquo;un dauphin, d&rsquo;un poisson et d&rsquo;une tortue, avec un d\u00e9tail artistique qui rehausse leur beaut\u00e9 naturelle et symbolise la riche biodiversit\u00e9 de la c\u00f4te m\u00e9diterran\u00e9enne.<\/p>\n<p>Ces bols ne sont pas seulement id\u00e9aux pour servir des ap\u00e9ritifs, mais fonctionnent \u00e9galement comme \u00e9l\u00e9ments d\u00e9coratifs. Leur design \u00e9l\u00e9gant ajoute une touche distinctive et color\u00e9e \u00e0 n&rsquo;importe quel environnement, en faisant une pi\u00e8ce centrale sur les tables ou les \u00e9tag\u00e8res. L&rsquo;authenticit\u00e9 de leur fabrication artisanale garantit un produit unique, parfait pour ceux qui recherchent des souvenirs repr\u00e9sentant la culture espagnole et sa relation avec la mer.<\/p>\n<p>Ol\u00e9 Mosaic, en tant que distributeur d&rsquo;articles de c\u00e9ramique en gros, propose cet ensemble attrayant de bols comme un souvenir repr\u00e9sentatif qui souligne la beaut\u00e9 et la diversit\u00e9 des produits m\u00e9diterran\u00e9ens. Cet ensemble est une excellente option pour les boutiques de cadeaux touristiques qui souhaitent offrir \u00e0 leurs clients une exp\u00e9rience m\u00e9morable \u00e0 travers des articles authentiques et culturellement significatifs.<\/p>\n","protected":false},"excerpt":{"rendered":"<p>Ensemble de bols en c\u00e9ramique peints \u00e0 la main, avec des motifs marins typiques de la c\u00f4te m\u00e9diterran\u00e9enne. Chaque bol pr\u00e9sente un \u00e9l\u00e9gant design de mosa\u00efque dans des tons vibrants de bleu, rose et dor\u00e9, mettant en valeur les figures d&rsquo;un hippocampe, d&rsquo;un poisson, d&rsquo;un dauphin et d&rsquo;une tortue. Ils sont id\u00e9aux aussi bien pour d\u00e9corer que pour servir des ap\u00e9ritifs, \u00e9voquant la fra\u00eecheur et la beaut\u00e9 de la mer.<\/p>\n","protected":false},"featured_media":13814,"template":"","meta":{"_acf_changed":false},"product_brand":[],"product_cat":[521],"product_tag":[530],"class_list":{"0":"post-31212","1":"product","2":"type-product","3":"status-publish","4":"has-post-thumbnail","6":"product_cat-bols","7":"product_tag-animaux","8":"pa_motivo-animaux-marins","10":"first","11":"instock","12":"shipping-taxable","13":"product-type-simple"},"acf":[],"_links":{"self":[{"href":"https:\/\/olemosaic.orbitalia.org\/fr\/wp-json\/wp\/v2\/product\/31212","targetHints":{"allow":["GET"]}}],"collection":[{"href":"https:\/\/olemosaic.orbitalia.org\/fr\/wp-json\/wp\/v2\/product"}],"about":[{"href":"https:\/\/olemosaic.orbitalia.org\/fr\/wp-json\/wp\/v2\/types\/product"}],"wp:featuredmedia":[{"embeddable":true,"href":"https:\/\/olemosaic.orbitalia.org\/fr\/wp-json\/wp\/v2\/media\/13814"}],"wp:attachment":[{"href":"https:\/\/olemosaic.orbitalia.org\/fr\/wp-json\/wp\/v2\/media?parent=31212"}],"wp:term":[{"taxonomy":"product_brand","embeddable":true,"href":"https:\/\/olemosaic.orbitalia.org\/fr\/wp-json\/wp\/v2\/product_brand?post=31212"},{"taxonomy":"product_cat","embeddable":true,"href":"https:\/\/olemosaic.orbitalia.org\/fr\/wp-json\/wp\/v2\/product_cat?post=31212"},{"taxonomy":"product_tag","embeddable":true,"href":"https:\/\/olemosaic.orbitalia.org\/fr\/wp-json\/wp\/v2\/product_tag?post=31212"}],"curies":[{"name":"wp","href":"https:\/\/api.w.org\/{rel}","templated":true}]}}