{"id":31209,"date":"2025-02-20T23:33:01","date_gmt":"2025-02-20T22:33:01","guid":{"rendered":"https:\/\/olemosaic.orbitalia.org\/producto\/4-bols-de-coco-de-13-x-6-cm-bailaora-2\/"},"modified":"2025-07-25T19:02:14","modified_gmt":"2025-07-25T17:02:14","slug":"4-bols-en-noix-de-coco-13-x-6-cm-danseuse-flamenco-2","status":"publish","type":"product","link":"https:\/\/olemosaic.orbitalia.org\/fr\/produit\/4-bols-en-noix-de-coco-13-x-6-cm-danseuse-flamenco-2\/","title":{"rendered":"4 Bols en noix de coco de 13 x 6 cm. Danseuse de flamenco. Mosa\u00efque."},"content":{"rendered":"<p>Cet ensemble de 4 bols en noix de coco est l&rsquo;essence m\u00eame de la tradition et de l&rsquo;art flamenco, id\u00e9al pour ceux qui recherchent un souvenir authentique d&rsquo;Espagne. D&rsquo;une taille de 13 x 6 cm, chaque bol est m\u00e9ticuleusement fabriqu\u00e9 \u00e0 partir de coque de noix de coco, apportant une touche naturelle et artisanale qui souligne sa singularit\u00e9. Chaque pi\u00e8ce pr\u00e9sente un design vibrant, avec des mosa\u00efques color\u00e9es mettant en valeur la figure d&rsquo;une danseuse de flamenco au centre, symbolisant la passion et le rythme du flamenco.<\/p>\n<p>Les motifs floraux qui encadrent la danseuse sont orn\u00e9s de tons vibrants, allant des bleus et roses aux jaunes et orang\u00e9s. Chaque bol est une \u0153uvre d&rsquo;art qui combine la beaut\u00e9 de la danse flamenco avec le riche h\u00e9ritage culturel de l&rsquo;Espagne. Son design n&rsquo;est pas seulement visuellement percutant, il en fait \u00e9galement un excellent accessoire pour servir des ap\u00e9ritifs, transformant toute r\u00e9union en une c\u00e9l\u00e9bration de la culture espagnole.<\/p>\n<p>Ces bols ne sont pas seulement des ustensiles ; ce sont des souvenirs qui capturent l&rsquo;essence du flamenco et la chaleur de l&rsquo;hospitalit\u00e9 espagnole. Chez Ol\u00e9 Mosaic, nous nous consacrons \u00e0 la distribution de souvenirs en gros, et cet ensemble de bols en noix de coco est une option parfaite pour les boutiques de cadeaux touristiques qui souhaitent proposer des produits authentiques et repr\u00e9sentatifs de la tradition espagnole. Sa pertinence culturelle et son esth\u00e9tique vibrante en font un excellent souvenir d&rsquo;Espagne, id\u00e9al pour les touristes qui cherchent \u00e0 emporter un morceau de l&rsquo;art et de la culture de ce beau pays.<\/p>\n","protected":false},"excerpt":{"rendered":"<p>Ensemble de quatre bols en noix de coco, de 13 x 6 cm chacun, d\u00e9cor\u00e9s de mosa\u00efques color\u00e9es repr\u00e9sentant une danseuse de flamenco. Les bols sont fabriqu\u00e9s \u00e0 partir de coque de noix de coco, ce qui leur donne une touche naturelle et artisanale. Chaque pi\u00e8ce pr\u00e9sente un design unique, avec des motifs floraux dans des tons vibrants qui font ressortir le profil de la danseuse au centre. Une excellente option pour servir des ap\u00e9ritifs ou comme d\u00e9coration, \u00e9voquant l&rsquo;essence de l&rsquo;art flamenco.<\/p>\n","protected":false},"featured_media":13813,"template":"","meta":{"_acf_changed":false},"product_brand":[],"product_cat":[521],"product_tag":[],"class_list":{"0":"post-31209","1":"product","2":"type-product","3":"status-publish","4":"has-post-thumbnail","6":"product_cat-bols","7":"pa_motivo-danseurs","9":"first","10":"instock","11":"shipping-taxable","12":"product-type-simple"},"acf":[],"_links":{"self":[{"href":"https:\/\/olemosaic.orbitalia.org\/fr\/wp-json\/wp\/v2\/product\/31209","targetHints":{"allow":["GET"]}}],"collection":[{"href":"https:\/\/olemosaic.orbitalia.org\/fr\/wp-json\/wp\/v2\/product"}],"about":[{"href":"https:\/\/olemosaic.orbitalia.org\/fr\/wp-json\/wp\/v2\/types\/product"}],"wp:featuredmedia":[{"embeddable":true,"href":"https:\/\/olemosaic.orbitalia.org\/fr\/wp-json\/wp\/v2\/media\/13813"}],"wp:attachment":[{"href":"https:\/\/olemosaic.orbitalia.org\/fr\/wp-json\/wp\/v2\/media?parent=31209"}],"wp:term":[{"taxonomy":"product_brand","embeddable":true,"href":"https:\/\/olemosaic.orbitalia.org\/fr\/wp-json\/wp\/v2\/product_brand?post=31209"},{"taxonomy":"product_cat","embeddable":true,"href":"https:\/\/olemosaic.orbitalia.org\/fr\/wp-json\/wp\/v2\/product_cat?post=31209"},{"taxonomy":"product_tag","embeddable":true,"href":"https:\/\/olemosaic.orbitalia.org\/fr\/wp-json\/wp\/v2\/product_tag?post=31209"}],"curies":[{"name":"wp","href":"https:\/\/api.w.org\/{rel}","templated":true}]}}