{"id":31208,"date":"2025-02-20T23:33:01","date_gmt":"2025-02-20T22:33:01","guid":{"rendered":"https:\/\/olemosaic.orbitalia.org\/producto\/4-bols-de-coco-de-13-x-6-cm-delfin-gran-canaria-3\/"},"modified":"2025-07-25T18:34:20","modified_gmt":"2025-07-25T16:34:20","slug":"4-bols-en-noix-de-coco-13-x-6-cm-dauphin-gran-canaria-3","status":"publish","type":"product","link":"https:\/\/olemosaic.orbitalia.org\/fr\/produit\/4-bols-en-noix-de-coco-13-x-6-cm-dauphin-gran-canaria-3\/","title":{"rendered":"4 Bols en noix de coco de 13 x 6 cm. Dauphin. Gran Canaria. Motif c\u0153urs."},"content":{"rendered":"<p>Cet ensemble de quatre bols en noix de coco d\u00e9cor\u00e9s de sympathiques dauphins est une magnifique repr\u00e9sentation de la beaut\u00e9 naturelle de Gran Canaria. Chaque bol, de 13 x 6 cm, pr\u00e9sente un design vibrant et unique, peint \u00e0 la main, avec de charmants dauphins dansant dans une mer de c\u0153urs. Les couleurs \u00e9clatantes \u2014 bleu, orange, rouge et fuchsia \u2014 ajoutent une explosion de joie parfaite pour toute occasion, que ce soit pour servir des ap\u00e9ritifs lors d&rsquo;une r\u00e9union ou comme \u00e9l\u00e9ment d\u00e9coratif dans la maison.<\/p>\n<p>L&rsquo;inscription \u00ab\u00a0Gran Canaria\u00a0\u00bb sur chaque bol souligne son authenticit\u00e9 et son lien culturel, en faisant un souvenir id\u00e9al pour ceux qui visitent cette belle \u00eele. Ces bols en noix de coco ne sont pas seulement fonctionnels, ils \u00e9voquent \u00e9galement l&rsquo;esprit joyeux et chaleureux de Gran Canaria, une destination connue pour ses paysages impressionnants et sa vie marine exub\u00e9rante, o\u00f9 les dauphins sont un symbole de joie et de libert\u00e9.<\/p>\n<p>Chez Ol\u00e9 Mosaic, nous sommes distributeurs de souvenirs en gros et proposons cet ensemble de bols en noix de coco comme une excellente option pour les boutiques de cadeaux touristiques \u00e0 la recherche de produits authentiques et attrayants. Cet ensemble est un rappel parfait de l&rsquo;idiosyncrasie canarienne, id\u00e9al pour ceux qui souhaitent emporter un petit morceau de cette \u00eele magique.<\/p>\n","protected":false},"excerpt":{"rendered":"<p>Ensemble de 4 bols en noix de coco de 13 x 6 cm, d\u00e9cor\u00e9s de sympathiques dauphins repr\u00e9sentant la beaut\u00e9 naturelle de Gran Canaria. Chaque bol pr\u00e9sente une couleur vibrante diff\u00e9rente : bleu, orange, rouge et fuchsia, avec un design artisanal, peint \u00e0 la main, incluant des c\u0153urs et l&rsquo;inscription \u00ab\u00a0Gran Canaria\u00a0\u00bb. Ces bols sont parfaits pour servir des ap\u00e9ritifs ou comme \u00e9l\u00e9ment d\u00e9coratif, ajoutant une touche color\u00e9e et joyeuse \u00e0 n&rsquo;importe quelle ambiance.<\/p>\n","protected":false},"featured_media":10680,"template":"","meta":{"_acf_changed":false},"product_brand":[],"product_cat":[521],"product_tag":[530],"class_list":{"0":"post-31208","1":"product","2":"type-product","3":"status-publish","4":"has-post-thumbnail","6":"product_cat-bols","7":"product_tag-animaux","8":"pa_ciudad-gran-canaria","9":"pa_motivo-dauphins","10":"pa_pais-espana","12":"first","13":"instock","14":"shipping-taxable","15":"product-type-simple"},"acf":[],"_links":{"self":[{"href":"https:\/\/olemosaic.orbitalia.org\/fr\/wp-json\/wp\/v2\/product\/31208","targetHints":{"allow":["GET"]}}],"collection":[{"href":"https:\/\/olemosaic.orbitalia.org\/fr\/wp-json\/wp\/v2\/product"}],"about":[{"href":"https:\/\/olemosaic.orbitalia.org\/fr\/wp-json\/wp\/v2\/types\/product"}],"wp:featuredmedia":[{"embeddable":true,"href":"https:\/\/olemosaic.orbitalia.org\/fr\/wp-json\/wp\/v2\/media\/10680"}],"wp:attachment":[{"href":"https:\/\/olemosaic.orbitalia.org\/fr\/wp-json\/wp\/v2\/media?parent=31208"}],"wp:term":[{"taxonomy":"product_brand","embeddable":true,"href":"https:\/\/olemosaic.orbitalia.org\/fr\/wp-json\/wp\/v2\/product_brand?post=31208"},{"taxonomy":"product_cat","embeddable":true,"href":"https:\/\/olemosaic.orbitalia.org\/fr\/wp-json\/wp\/v2\/product_cat?post=31208"},{"taxonomy":"product_tag","embeddable":true,"href":"https:\/\/olemosaic.orbitalia.org\/fr\/wp-json\/wp\/v2\/product_tag?post=31208"}],"curies":[{"name":"wp","href":"https:\/\/api.w.org\/{rel}","templated":true}]}}