{"id":31207,"date":"2025-02-20T23:33:01","date_gmt":"2025-02-20T22:33:01","guid":{"rendered":"https:\/\/olemosaic.orbitalia.org\/producto\/4-bols-de-coco-de-13-x-6-cm-isla-gran-canaria-3\/"},"modified":"2025-07-25T20:23:29","modified_gmt":"2025-07-25T18:23:29","slug":"4-bols-en-noix-de-coco-13-x-6-cm-ile-gran-canaria-3","status":"publish","type":"product","link":"https:\/\/olemosaic.orbitalia.org\/fr\/produit\/4-bols-en-noix-de-coco-13-x-6-cm-ile-gran-canaria-3\/","title":{"rendered":"4 Bols en noix de coco de 13 x 6 cm. \u00cele. Gran Canaria. Motif c\u0153urs."},"content":{"rendered":"<p>Cet ensemble de 4 bols en noix de coco de 13 x 6 cm est un souvenir vibrant qui capture l&rsquo;essence festive de Gran Canaria. Chaque bol est soigneusement d\u00e9cor\u00e9 de couleurs joyeuses et \u00e9clatantes : un bleu radieux, un rouge intense, un orange chaleureux et un fuchsia brillant. Tous pr\u00e9sentent un design tr\u00e8s sp\u00e9cial avec des c\u0153urs, ce qui leur conf\u00e8re un caract\u00e8re unique et juv\u00e9nile. L&rsquo;inscription \u00ab\u00a0Gran Canaria\u00a0\u00bb \u00e0 l&rsquo;int\u00e9rieur de chaque bol souligne l&rsquo;esprit de l&rsquo;\u00eele et \u00e9tablit un lien direct avec sa culture vibrante.<\/p>\n<p>Ces bols sont parfaits aussi bien pour servir des ap\u00e9ritifs que pour \u00eatre utilis\u00e9s comme \u00e9l\u00e9ments d\u00e9coratifs dans la maison, apportant une touche de l&rsquo;\u00e9nergie canarienne \u00e0 n&rsquo;importe quelle ambiance. Leur design polyvalent en fait non seulement une option pratique, mais aussi une pi\u00e8ce attrayante qui ravira ceux qui cherchent \u00e0 emporter un petit morceau de l&rsquo;\u00eele. Chez Ol\u00e9 Mosaic, nous sommes fiers de proposer des souvenirs authentiques qui refl\u00e8tent la richesse culturelle de leurs origines. Cet ensemble de bols en noix de coco est un excellent choix pour les boutiques de cadeaux touristiques souhaitant proposer des produits alliant fonctionnalit\u00e9 et beaut\u00e9.<\/p>\n<p>En acqu\u00e9rant cet ensemble de bols en noix de coco, vous obtenez non seulement un article de haute qualit\u00e9, mais aussi une repr\u00e9sentation joyeuse de Gran Canaria qui restera grav\u00e9e dans la m\u00e9moire de ceux qui la visitent.<\/p>\n","protected":false},"excerpt":{"rendered":"<p>Ensemble de 4 bols en noix de coco de 13 x 6 cm, d\u00e9cor\u00e9s de couleurs vibrantes refl\u00e9tant l&rsquo;\u00e9nergie de Gran Canaria. Chaque bol pr\u00e9sente un design tr\u00e8s sp\u00e9cial avec des c\u0153urs et l&rsquo;inscription \u00ab\u00a0Gran Canaria\u00a0\u00bb \u00e0 l&rsquo;int\u00e9rieur, renfor\u00e7ant son attrait visuel. Les tons bleus, rouges, oranges et fuchsias apportent une touche joyeuse et festive, id\u00e9ale pour servir des ap\u00e9ritifs ou comme \u00e9l\u00e9ment d\u00e9coratif. Un souvenir unique qui capture l&rsquo;essence de l&rsquo;\u00eele.<\/p>\n","protected":false},"featured_media":10668,"template":"","meta":{"_acf_changed":false},"product_brand":[],"product_cat":[521],"product_tag":[],"class_list":{"0":"post-31207","1":"product","2":"type-product","3":"status-publish","4":"has-post-thumbnail","6":"product_cat-bols","7":"pa_ciudad-gran-canaria","8":"pa_motivo-iles","9":"pa_pais-espana","11":"first","12":"instock","13":"shipping-taxable","14":"product-type-simple"},"acf":[],"_links":{"self":[{"href":"https:\/\/olemosaic.orbitalia.org\/fr\/wp-json\/wp\/v2\/product\/31207","targetHints":{"allow":["GET"]}}],"collection":[{"href":"https:\/\/olemosaic.orbitalia.org\/fr\/wp-json\/wp\/v2\/product"}],"about":[{"href":"https:\/\/olemosaic.orbitalia.org\/fr\/wp-json\/wp\/v2\/types\/product"}],"wp:featuredmedia":[{"embeddable":true,"href":"https:\/\/olemosaic.orbitalia.org\/fr\/wp-json\/wp\/v2\/media\/10668"}],"wp:attachment":[{"href":"https:\/\/olemosaic.orbitalia.org\/fr\/wp-json\/wp\/v2\/media?parent=31207"}],"wp:term":[{"taxonomy":"product_brand","embeddable":true,"href":"https:\/\/olemosaic.orbitalia.org\/fr\/wp-json\/wp\/v2\/product_brand?post=31207"},{"taxonomy":"product_cat","embeddable":true,"href":"https:\/\/olemosaic.orbitalia.org\/fr\/wp-json\/wp\/v2\/product_cat?post=31207"},{"taxonomy":"product_tag","embeddable":true,"href":"https:\/\/olemosaic.orbitalia.org\/fr\/wp-json\/wp\/v2\/product_tag?post=31207"}],"curies":[{"name":"wp","href":"https:\/\/api.w.org\/{rel}","templated":true}]}}