{"id":31186,"date":"2025-02-20T23:33:00","date_gmt":"2025-02-20T22:33:00","guid":{"rendered":"https:\/\/olemosaic.orbitalia.org\/producto\/toro-figura-de-resina-de-9-cm-pintada-a-mano-3\/"},"modified":"2025-07-25T19:27:37","modified_gmt":"2025-07-25T17:27:37","slug":"taureau-figurine-resine-9-cm-peinte-a-la-main","status":"publish","type":"product","link":"https:\/\/olemosaic.orbitalia.org\/fr\/produit\/taureau-figurine-resine-9-cm-peinte-a-la-main\/","title":{"rendered":"Taureau. Figurine en mosa\u00efque de 9 cm. Mosa\u00efque."},"content":{"rendered":"<p>Ce taureau imposant en r\u00e9sine est un v\u00e9ritable symbole de la riche tradition culturelle espagnole, repr\u00e9sentant la force et l&rsquo;esprit de la tauromachie. Avec des dimensions de 9 cm, chaque figurine est m\u00e9ticuleusement peinte \u00e0 la main, ce qui garantit que chaque pi\u00e8ce est unique et poss\u00e8de un d\u00e9tail sp\u00e9cial qui la distingue. Son design vibrant, rehauss\u00e9 par une mosa\u00efque captivante dans des tons bleus, jaunes et rouges, lui donne un air frais et moderne, parfait pour ceux qui recherchent un souvenir qui transcende le conventionnel et capture l&rsquo;essence de l&rsquo;Espagne.<\/p>\n<p>La figurine se distingue par sa forme dynamique, qui refl\u00e8te la majest\u00e9 et la puissance du taureau, un animal \u00e9troitement li\u00e9 \u00e0 l&rsquo;identit\u00e9 espagnole et aux c\u00e9l\u00e9brations culturelles telles que les f\u00eates de San Ferm\u00edn \u00e0 Pampelune. La technique de peinture \u00e0 la main souligne chaque nuance et texture, transformant ce taureau en un ornement exceptionnel et aussi en un objet de collection qui ravira les touristes. Ce souvenir n&rsquo;est pas seulement un objet d\u00e9coratif, mais un rappel tangible de la passion et de l&rsquo;art qui caract\u00e9risent la culture espagnole.<\/p>\n<p>Chez Ol\u00e9 Mosaic, nous sommes fiers de proposer des produits authentiques qui repr\u00e9sentent la tradition et le folklore de l&rsquo;Espagne. Ce taureau en r\u00e9sine est un choix id\u00e9al pour les boutiques de cadeaux touristiques \u00e0 la recherche de souvenirs singuliers et de haute qualit\u00e9. En tant que grossistes de souvenirs, nous garantissons que chaque achat est un reflet fid\u00e8le de la culture locale et un excellent investissement pour ceux qui souhaitent emporter un morceau d&rsquo;Espagne chez eux.<\/p>\n","protected":false},"excerpt":{"rendered":"<p>Figurine de taureau de 9 cm, design artisanal, peinte \u00e0 la main. Ce souvenir attrayant capture l&rsquo;essence du symbolisme du taureau dans la culture espagnole. Son design est orn\u00e9 d&rsquo;une mosa\u00efque vibrante dans des tons bleus, jaunes et rouges, ce qui lui donne un air frais et moderne. Les d\u00e9tails m\u00e9ticuleusement \u00e9labor\u00e9s soulignent sa forme dynamique, tandis que la technique de design artisanal, peinte \u00e0 la main, assure une touche unique \u00e0 chaque pi\u00e8ce. Id\u00e9al comme d\u00e9coration ou pi\u00e8ce de collection, ce taureau repr\u00e9sente la tradition et l&rsquo;art de l&rsquo;Espagne.<\/p>\n","protected":false},"featured_media":6414,"template":"","meta":{"_acf_changed":false},"product_brand":[],"product_cat":[540],"product_tag":[530],"class_list":{"0":"post-31186","1":"product","2":"type-product","3":"status-publish","4":"has-post-thumbnail","6":"product_cat-chiffres","7":"product_tag-animaux","8":"pa_motivo-taureaux","10":"first","11":"instock","12":"shipping-taxable","13":"product-type-simple"},"acf":[],"_links":{"self":[{"href":"https:\/\/olemosaic.orbitalia.org\/fr\/wp-json\/wp\/v2\/product\/31186","targetHints":{"allow":["GET"]}}],"collection":[{"href":"https:\/\/olemosaic.orbitalia.org\/fr\/wp-json\/wp\/v2\/product"}],"about":[{"href":"https:\/\/olemosaic.orbitalia.org\/fr\/wp-json\/wp\/v2\/types\/product"}],"wp:featuredmedia":[{"embeddable":true,"href":"https:\/\/olemosaic.orbitalia.org\/fr\/wp-json\/wp\/v2\/media\/6414"}],"wp:attachment":[{"href":"https:\/\/olemosaic.orbitalia.org\/fr\/wp-json\/wp\/v2\/media?parent=31186"}],"wp:term":[{"taxonomy":"product_brand","embeddable":true,"href":"https:\/\/olemosaic.orbitalia.org\/fr\/wp-json\/wp\/v2\/product_brand?post=31186"},{"taxonomy":"product_cat","embeddable":true,"href":"https:\/\/olemosaic.orbitalia.org\/fr\/wp-json\/wp\/v2\/product_cat?post=31186"},{"taxonomy":"product_tag","embeddable":true,"href":"https:\/\/olemosaic.orbitalia.org\/fr\/wp-json\/wp\/v2\/product_tag?post=31186"}],"curies":[{"name":"wp","href":"https:\/\/api.w.org\/{rel}","templated":true}]}}