{"id":31184,"date":"2025-02-20T22:32:59","date_gmt":"2025-02-20T22:32:59","guid":{"rendered":"https:\/\/olemosaic.orbitalia.org\/producto\/iman-de-metal-casa-batllo-barcelona-plata-8-cm\/"},"modified":"2025-07-25T18:34:15","modified_gmt":"2025-07-25T16:34:15","slug":"aimant-metal-casa-batllo-barcelone-argent-8-cm","status":"publish","type":"product","link":"https:\/\/olemosaic.orbitalia.org\/fr\/produit\/aimant-metal-casa-batllo-barcelone-argent-8-cm\/","title":{"rendered":"Aimant en m\u00e9tal. Casa Batll\u00f3. Barcelone. Argent. 8 cm."},"content":{"rendered":"<p>Cet aimant d\u00e9coratif en m\u00e9tal, inspir\u00e9 de l&#8217;embl\u00e9matique Casa Batll\u00f3 de Barcelone, est un souvenir incontournable qui capture l&rsquo;essence du modernisme catalan. Avec sa taille de 8 cm, cet aimant attrayant pr\u00e9sente un design de style mosa\u00efque qui reproduit les couleurs vibrantes et les formes sinueuses caract\u00e9ristiques du chef-d&rsquo;\u0153uvre d&rsquo;Antoni Gaud\u00ed. La repr\u00e9sentation artistique comprend des d\u00e9tails ornementaux, tels que les fen\u00eatres iconiques et la spectaculaire fa\u00e7ade ondulante, qui mettent en valeur la cr\u00e9ativit\u00e9 et l&rsquo;ing\u00e9niosit\u00e9 d\u00e9finissant ce monument.<\/p>\n<p>Le mot \u00ab\u00a0Barcelone\u00a0\u00bb est imprim\u00e9 dans un style color\u00e9 et frappant, compl\u00e9tant parfaitement le motif du b\u00e2timent et ajoutant une touche suppl\u00e9mentaire de joie \u00e0 cette pi\u00e8ce d\u00e9corative. Cet aimant n&rsquo;est pas seulement un accessoire fonctionnel, mais aussi un moyen parfait de se souvenir de votre visite de ce joyau architectural et culturel de la ville.<\/p>\n<p>Id\u00e9al pour ceux qui recherchent des souvenirs authentiques de Barcelone, cet aimant en m\u00e9tal est un excellent cadeau pour les touristes souhaitant emporter un morceau du riche h\u00e9ritage culturel de la r\u00e9gion. Chez Ol\u00e9 Mosaic, en tant que distributeurs de souvenirs en gros, nous proposons des produits qui se distinguent par leur qualit\u00e9 et leur pertinence culturelle, devenant votre meilleure option pour acqu\u00e9rir des aimants de Barcelone et d&rsquo;autres souvenirs typiques.<\/p>\n","protected":false},"excerpt":{"rendered":"<p>Aimant m\u00e9tallique de l&#8217;embl\u00e9matique Casa Batll\u00f3 \u00e0 Barcelone, avec un design refl\u00e9tant les caract\u00e9ristiques uniques du modernisme catalan. Cet aimant attrayant mesure 8 cm et pr\u00e9sente une repr\u00e9sentation color\u00e9e sous forme de mosa\u00efque, capturant l&rsquo;architecture ondulante et les d\u00e9tails ornementaux de la fa\u00e7ade du b\u00e2timent. Le mot \u00ab\u00a0Barcelone\u00a0\u00bb est imprim\u00e9 avec des couleurs vibrantes, compl\u00e9tant le motif artistique du c\u00e9l\u00e8bre monument d&rsquo;Antoni Gaud\u00ed. Id\u00e9al pour se souvenir de votre visite de ce joyau architectural.<\/p>\n","protected":false},"featured_media":11396,"template":"","meta":{"_acf_changed":false},"product_brand":[],"product_cat":[697],"product_tag":[],"class_list":{"0":"post-31184","1":"product","2":"type-product","3":"status-publish","4":"has-post-thumbnail","6":"product_cat-aimants","7":"pa_ciudad-barcelona","8":"pa_motivo-casa-batllo","9":"pa_pais-espana","11":"first","12":"instock","13":"shipping-taxable","14":"product-type-simple"},"acf":[],"_links":{"self":[{"href":"https:\/\/olemosaic.orbitalia.org\/fr\/wp-json\/wp\/v2\/product\/31184","targetHints":{"allow":["GET"]}}],"collection":[{"href":"https:\/\/olemosaic.orbitalia.org\/fr\/wp-json\/wp\/v2\/product"}],"about":[{"href":"https:\/\/olemosaic.orbitalia.org\/fr\/wp-json\/wp\/v2\/types\/product"}],"wp:featuredmedia":[{"embeddable":true,"href":"https:\/\/olemosaic.orbitalia.org\/fr\/wp-json\/wp\/v2\/media\/11396"}],"wp:attachment":[{"href":"https:\/\/olemosaic.orbitalia.org\/fr\/wp-json\/wp\/v2\/media?parent=31184"}],"wp:term":[{"taxonomy":"product_brand","embeddable":true,"href":"https:\/\/olemosaic.orbitalia.org\/fr\/wp-json\/wp\/v2\/product_brand?post=31184"},{"taxonomy":"product_cat","embeddable":true,"href":"https:\/\/olemosaic.orbitalia.org\/fr\/wp-json\/wp\/v2\/product_cat?post=31184"},{"taxonomy":"product_tag","embeddable":true,"href":"https:\/\/olemosaic.orbitalia.org\/fr\/wp-json\/wp\/v2\/product_tag?post=31184"}],"curies":[{"name":"wp","href":"https:\/\/api.w.org\/{rel}","templated":true}]}}