{"id":31183,"date":"2025-02-20T22:32:59","date_gmt":"2025-02-20T22:32:59","guid":{"rendered":"https:\/\/olemosaic.orbitalia.org\/producto\/iman-de-metal-mariposa-8-cm\/"},"modified":"2025-07-25T20:32:31","modified_gmt":"2025-07-25T18:32:31","slug":"aimant-metal-papillon-8-cm","status":"publish","type":"product","link":"https:\/\/olemosaic.orbitalia.org\/fr\/produit\/aimant-metal-papillon-8-cm\/","title":{"rendered":"Aimant en m\u00e9tal. Papillon. 8 cm."},"content":{"rendered":"<p>Cet aimant d\u00e9coratif en m\u00e9tal de 8 cm est une petite \u0153uvre d&rsquo;art qui capture l&rsquo;essence vibrante de la nature espagnole. Avec un design \u00e9blouissant de papillons, cet aimant pr\u00e9sente des illustrations color\u00e9es dans des tons brillants tels que le bleu, le noir et le rose, compl\u00e9t\u00e9es par des fleurs rouges et jaunes. La combinaison de ces couleurs, sur un fond bleu clair, \u00e9voque une atmosph\u00e8re joyeuse et festive, id\u00e9ale pour se souvenir de la beaut\u00e9 de la faune ib\u00e9rique.<\/p>\n<p>Le design s&rsquo;inspire de l&rsquo;art de la mosa\u00efque, un \u00e9l\u00e9ment distinctif de la culture espagnole, connu pour sa riche histoire et son utilisation dans la d\u00e9coration d&rsquo;espaces embl\u00e9matiques, comme la Casa Batll\u00f3 \u00e0 Barcelone. La d\u00e9licatesse des papillons, chacun avec des d\u00e9tails uniques et frappants, s&rsquo;entrelace avec un fond qui simule une mosa\u00efque, soulignant non seulement la diversit\u00e9 des esp\u00e8ces, mais aussi l&rsquo;habilet\u00e9 artistique qui caract\u00e9rise l&rsquo;artisanat espagnol.<\/p>\n<p>Cet aimant de papillons n&rsquo;est pas seulement un souvenir pr\u00e9cieux, mais aussi un authentique souvenir qui c\u00e9l\u00e8bre les traditions culturelles de l&rsquo;Espagne. Parfait pour les touristes \u00e0 la recherche d&rsquo;un d\u00e9tail significatif et color\u00e9, ce produit est une excellente option pour les boutiques de cadeaux touristiques souhaitant proposer des articles de qualit\u00e9. Chez Ol\u00e9 Mosaic, en tant que distributeurs de souvenirs en gros, nous garantissons l&rsquo;authenticit\u00e9 et le design unique de cada pi\u00e8ce, faisant de cet aimant un compl\u00e9ment id\u00e9al pour toute collection.<\/p>\n","protected":false},"excerpt":{"rendered":"<p>Aimant m\u00e9tallique de 8 cm avec un design vibrant de papillons sur un fond bleu. Cet aimant attrayant pr\u00e9sente des papillons color\u00e9s dans des tons brillants comme le bleu, le noir et le rose, accompagn\u00e9s de fleurs rouges et jaunes. Le design \u00e9voque l&rsquo;art de la mosa\u00efque, avec une finition qui souligne la beaut\u00e9 de la faune dans un contexte joyeux et color\u00e9, id\u00e9al pour se souvenir des traditions culturelles de l&rsquo;Espagne.<\/p>\n","protected":false},"featured_media":11446,"template":"","meta":{"_acf_changed":false},"product_brand":[],"product_cat":[697],"product_tag":[530],"class_list":{"0":"post-31183","1":"product","2":"type-product","3":"status-publish","4":"has-post-thumbnail","6":"product_cat-aimants","7":"product_tag-animaux","8":"pa_motivo-papillons","10":"first","11":"instock","12":"shipping-taxable","13":"product-type-simple"},"acf":[],"_links":{"self":[{"href":"https:\/\/olemosaic.orbitalia.org\/fr\/wp-json\/wp\/v2\/product\/31183","targetHints":{"allow":["GET"]}}],"collection":[{"href":"https:\/\/olemosaic.orbitalia.org\/fr\/wp-json\/wp\/v2\/product"}],"about":[{"href":"https:\/\/olemosaic.orbitalia.org\/fr\/wp-json\/wp\/v2\/types\/product"}],"wp:featuredmedia":[{"embeddable":true,"href":"https:\/\/olemosaic.orbitalia.org\/fr\/wp-json\/wp\/v2\/media\/11446"}],"wp:attachment":[{"href":"https:\/\/olemosaic.orbitalia.org\/fr\/wp-json\/wp\/v2\/media?parent=31183"}],"wp:term":[{"taxonomy":"product_brand","embeddable":true,"href":"https:\/\/olemosaic.orbitalia.org\/fr\/wp-json\/wp\/v2\/product_brand?post=31183"},{"taxonomy":"product_cat","embeddable":true,"href":"https:\/\/olemosaic.orbitalia.org\/fr\/wp-json\/wp\/v2\/product_cat?post=31183"},{"taxonomy":"product_tag","embeddable":true,"href":"https:\/\/olemosaic.orbitalia.org\/fr\/wp-json\/wp\/v2\/product_tag?post=31183"}],"curies":[{"name":"wp","href":"https:\/\/api.w.org\/{rel}","templated":true}]}}