{"id":31182,"date":"2025-02-20T22:32:59","date_gmt":"2025-02-20T22:32:59","guid":{"rendered":"https:\/\/olemosaic.orbitalia.org\/producto\/iman-de-metal-gato-lanzarote-plata-8-cm\/"},"modified":"2025-07-25T18:55:34","modified_gmt":"2025-07-25T16:55:34","slug":"aimant-metal-chat-lanzarote-argent-8-cm","status":"publish","type":"product","link":"https:\/\/olemosaic.orbitalia.org\/fr\/produit\/aimant-metal-chat-lanzarote-argent-8-cm\/","title":{"rendered":"Aimant en m\u00e9tal. Chat. Lanzarote. Argent. 8 cm."},"content":{"rendered":"<p>Cet aimant d\u00e9coratif en m\u00e9tal en forme de chat est un joyeux souvenir qui capture l&rsquo;essence vibrante de Lanzarote. Avec sa taille de 8 cm, cet aimant attrayant se distingue par son design en mosa\u00efque, une explosion de couleurs \u00e9clatantes : bleus, verts, jaunes et rouges qui \u00e9voquent les paysages et l&rsquo;art uniques de l&rsquo;\u00eele. La figure du chat, avec ses yeux expressifs qui semblent prendre vie, ressort \u00e9l\u00e9gamment sur un fond textur\u00e9 simulant l&rsquo;effet de la c\u00e9ramique, ajoutant de la profondeur et une touche artistique distinctive \u00e0 la pi\u00e8ce. Cet aimant n&rsquo;est pas seulement un \u00e9l\u00e9ment d\u00e9coratif fonctionnel pour tout r\u00e9frig\u00e9rateur ou surface m\u00e9tallique, mais aussi un symbole de la culture canarienne que les touristes voudront emporter comme souvenir de leur visite sur cette \u00eele paradisiaque.<\/p>\n<p>La pr\u00e9sence du chat dans la culture de Lanzarote renvoie \u00e0 un symbolisme de protection et de compagnie, r\u00e9sonnant avec la chaleur de la culture locale. Chez Ol\u00e9 Mosaic, en tant que grossistes de souvenirs de Lanzarote, nous proposons des produits authentiques qui refl\u00e8tent le riche h\u00e9ritage culturel de cette r\u00e9gion. Cet aimant de chat est une excellente option pour les boutiques de cadeaux touristiques cherchant \u00e0 offrir des souvenirs de qualit\u00e9 et de pertinence culturelle, devenant un souvenir remarquable de Lanzarote qui ravira tous les visiteurs.<\/p>\n","protected":false},"excerpt":{"rendered":"<p>Aimant m\u00e9tallique en forme de chat, inspir\u00e9 par la culture vibrante de Lanzarote. Cet aimant attrayant de 8 cm pr\u00e9sente un design color\u00e9 en mosa\u00efque, avec des tons brillants de bleu, vert, jaune et rouge, \u00e9voquant l&rsquo;art et les paysages de l&rsquo;\u00eele. La figure du chat se d\u00e9tache \u00e9l\u00e9gamment sur un fond textur\u00e9, ajoutant une touche artistique et distinctive. Un souvenir parfait pour se rappeler la beaut\u00e9 de Lanzarote.<\/p>\n","protected":false},"featured_media":12848,"template":"","meta":{"_acf_changed":false},"product_brand":[],"product_cat":[697],"product_tag":[530],"class_list":{"0":"post-31182","1":"product","2":"type-product","3":"status-publish","4":"has-post-thumbnail","6":"product_cat-aimants","7":"product_tag-animaux","8":"pa_ciudad-lanzarote","9":"pa_motivo-chats","10":"pa_pais-espana","12":"first","13":"instock","14":"shipping-taxable","15":"product-type-simple"},"acf":[],"_links":{"self":[{"href":"https:\/\/olemosaic.orbitalia.org\/fr\/wp-json\/wp\/v2\/product\/31182","targetHints":{"allow":["GET"]}}],"collection":[{"href":"https:\/\/olemosaic.orbitalia.org\/fr\/wp-json\/wp\/v2\/product"}],"about":[{"href":"https:\/\/olemosaic.orbitalia.org\/fr\/wp-json\/wp\/v2\/types\/product"}],"wp:featuredmedia":[{"embeddable":true,"href":"https:\/\/olemosaic.orbitalia.org\/fr\/wp-json\/wp\/v2\/media\/12848"}],"wp:attachment":[{"href":"https:\/\/olemosaic.orbitalia.org\/fr\/wp-json\/wp\/v2\/media?parent=31182"}],"wp:term":[{"taxonomy":"product_brand","embeddable":true,"href":"https:\/\/olemosaic.orbitalia.org\/fr\/wp-json\/wp\/v2\/product_brand?post=31182"},{"taxonomy":"product_cat","embeddable":true,"href":"https:\/\/olemosaic.orbitalia.org\/fr\/wp-json\/wp\/v2\/product_cat?post=31182"},{"taxonomy":"product_tag","embeddable":true,"href":"https:\/\/olemosaic.orbitalia.org\/fr\/wp-json\/wp\/v2\/product_tag?post=31182"}],"curies":[{"name":"wp","href":"https:\/\/api.w.org\/{rel}","templated":true}]}}