{"id":31163,"date":"2025-02-20T23:32:59","date_gmt":"2025-02-20T22:32:59","guid":{"rendered":"https:\/\/olemosaic.orbitalia.org\/producto\/iman-de-resina-casa-batllo-barcelona-2\/"},"modified":"2025-07-25T19:51:45","modified_gmt":"2025-07-25T17:51:45","slug":"aimant-resine-casa-batllo-facade-barcelone","status":"publish","type":"product","link":"https:\/\/olemosaic.orbitalia.org\/fr\/produit\/aimant-resine-casa-batllo-facade-barcelone\/","title":{"rendered":"Aimant en r\u00e9sine. Casa Batll\u00f3. Fa\u00e7ade. Barcelone."},"content":{"rendered":"<p>Cet aimant en r\u00e9sine repr\u00e9sente l&#8217;embl\u00e9matique Casa Batll\u00f3 de Barcelone, un chef-d&rsquo;\u0153uvre de l&rsquo;architecture moderniste con\u00e7u par le c\u00e9l\u00e8bre Antoni Gaud\u00ed. Avec un d\u00e9tail \u00e9tonnant, cet aimant color\u00e9 capture les formes ondul\u00e9es de la fa\u00e7ade remarquable, connue pour ses mosa\u00efques vibrantes et son style unique. Dans la partie sup\u00e9rieure, les toitures, aux tons bleus, verts et rouges, rappellent des \u00e9cailles de dragon, tandis que la base blanche souligne la richesse chromatique des carreaux qui ornent le b\u00e2timent, cr\u00e9ant une explosion de couleurs qui \u00e9voque la magie de cette construction iconique.<\/p>\n<p>Le texte \u00ab\u00a0Barcelona\u00a0\u00bb dans la partie inf\u00e9rieure ajoute une touche distinctive, faisant de cet aimant un souvenir id\u00e9al de l&rsquo;une des villes les plus visit\u00e9es d&rsquo;Espagne. La Casa Batll\u00f3, class\u00e9e au patrimoine mondial de l&rsquo;UNESCO, n&rsquo;est pas seulement un symbole de cr\u00e9ativit\u00e9 et du modernisme catalan, mais elle repr\u00e9sente \u00e9galement le riche h\u00e9ritage culturel de Barcelone. Cet aimant en r\u00e9sine n&rsquo;est pas seulement un article d\u00e9coratif, mais aussi une pi\u00e8ce qui c\u00e9l\u00e8bre l&rsquo;histoire et l&rsquo;architecture de la ville, devenant un excellent souvenir pour les touristes cherchant \u00e0 se rem\u00e9morer leur visite de ce joyau architectural. Avec Ol\u00e9 Mosaic, votre fournisseur de souvenirs en gros, les d\u00e9tails de chaque pi\u00e8ce refl\u00e8tent l&rsquo;authenticit\u00e9 et la valeur culturelle des souvenirs repr\u00e9sentatifs de l&rsquo;Espagne.<\/p>\n","protected":false},"excerpt":{"rendered":"<p>Aimant repr\u00e9sentant la c\u00e9l\u00e8bre Casa Batll\u00f3 de Barcelone, un monument iconique con\u00e7u par Antoni Gaud\u00ed. Cet aimant color\u00e9 pr\u00e9sente un design d\u00e9taill\u00e9 qui capture les formes ondul\u00e9es de la fa\u00e7ade et les mosa\u00efques vibrantes qui l&rsquo;ornent. La base blanche fait ressortir les tons brillants de bleu, vert et rouge, tandis que le mot \u00ab\u00a0Barcelona\u00a0\u00bb en bas ajoute une touche distinctive. Id\u00e9al pour se souvenir de la magie de l&rsquo;architecture moderniste de la ville.<\/p>\n","protected":false},"featured_media":13812,"template":"","meta":{"_acf_changed":false},"product_brand":[],"product_cat":[697],"product_tag":[],"class_list":{"0":"post-31163","1":"product","2":"type-product","3":"status-publish","4":"has-post-thumbnail","6":"product_cat-aimants","7":"pa_ciudad-barcelona","8":"pa_motivo-casa-batllo","9":"pa_pais-espana","11":"first","12":"instock","13":"shipping-taxable","14":"product-type-simple"},"acf":[],"_links":{"self":[{"href":"https:\/\/olemosaic.orbitalia.org\/fr\/wp-json\/wp\/v2\/product\/31163","targetHints":{"allow":["GET"]}}],"collection":[{"href":"https:\/\/olemosaic.orbitalia.org\/fr\/wp-json\/wp\/v2\/product"}],"about":[{"href":"https:\/\/olemosaic.orbitalia.org\/fr\/wp-json\/wp\/v2\/types\/product"}],"wp:featuredmedia":[{"embeddable":true,"href":"https:\/\/olemosaic.orbitalia.org\/fr\/wp-json\/wp\/v2\/media\/13812"}],"wp:attachment":[{"href":"https:\/\/olemosaic.orbitalia.org\/fr\/wp-json\/wp\/v2\/media?parent=31163"}],"wp:term":[{"taxonomy":"product_brand","embeddable":true,"href":"https:\/\/olemosaic.orbitalia.org\/fr\/wp-json\/wp\/v2\/product_brand?post=31163"},{"taxonomy":"product_cat","embeddable":true,"href":"https:\/\/olemosaic.orbitalia.org\/fr\/wp-json\/wp\/v2\/product_cat?post=31163"},{"taxonomy":"product_tag","embeddable":true,"href":"https:\/\/olemosaic.orbitalia.org\/fr\/wp-json\/wp\/v2\/product_tag?post=31163"}],"curies":[{"name":"wp","href":"https:\/\/api.w.org\/{rel}","templated":true}]}}