{"id":31161,"date":"2025-02-20T23:32:58","date_gmt":"2025-02-20T22:32:58","guid":{"rendered":"https:\/\/olemosaic.orbitalia.org\/producto\/iman-de-resina-isla-fuerteventura\/"},"modified":"2025-07-25T20:30:45","modified_gmt":"2025-07-25T18:30:45","slug":"aimant-resine-ile-fuerteventura","status":"publish","type":"product","link":"https:\/\/olemosaic.orbitalia.org\/fr\/produit\/aimant-resine-ile-fuerteventura\/","title":{"rendered":"Aimant en r\u00e9sine. \u00cele. Fuerteventura."},"content":{"rendered":"<p>Cet aimant en r\u00e9sine, inspir\u00e9 par la magnifique \u00eele de Fuerteventura, est un souvenir vibrant et charmant qui capture l&rsquo;essence de cette destination canarienne. Il pr\u00e9sente la silhouette distinctive de l&rsquo;\u00eele, orn\u00e9e de d\u00e9tails color\u00e9s repr\u00e9sentant sa riche flore locale, des palmiers aux fleurs exotiques qui fleurissent sur son sol volcanique. Le mot \u00ab\u00a0Fuerteventura\u00a0\u00bb appara\u00eet en lettres frappantes et dans une vari\u00e9t\u00e9 de couleurs, cr\u00e9ant un contraste joyeux qui, en plus de faire r\u00e9f\u00e9rence \u00e0 l&rsquo;\u00eele, \u00e9voque la chaleur de son atmosph\u00e8re. Cet aimant n&rsquo;est pas seulement un objet d\u00e9coratif, mais un rappel tangible des journ\u00e9es ensoleill\u00e9es sur ses plages de sable dor\u00e9 et de la nature impressionnante qui caract\u00e9rise Fuerteventura.<\/p>\n<p>Les souvenirs des \u00eeles Canaries, comme cet aimant, sont un excellent moyen d&#8217;emporter un petit morceau de votre voyage. Ils refl\u00e8tent l&rsquo;authenticit\u00e9 et le charme v\u00e9ritable de la r\u00e9gion, devenant des tr\u00e9sors m\u00e9morables pour les touristes en qu\u00eate d&rsquo;un lien avec le lieu visit\u00e9. Chez Ol\u00e9 Mosaic, nous proposons ces aimants en r\u00e9sine en gros, parfaits pour les boutiques de cadeaux touristiques \u00e0 la recherche de produits alliant qualit\u00e9 et pertinence culturelle. Cet aimant de Fuerteventura est un choix id\u00e9al qui ravira les visiteurs et leur permettra de revivre leurs exp\u00e9riences canariennes \u00e0 chaque fois qu&rsquo;ils le contempleront.<\/p>\n","protected":false},"excerpt":{"rendered":"<p>Aimant inspir\u00e9 par la magnifique \u00eele de Fuerteventura. Cet aimant attrayant pr\u00e9sente la silhouette de l&rsquo;\u00eele dans un design vif, d\u00e9cor\u00e9 de d\u00e9tails color\u00e9s repr\u00e9sentant la flore locale vibrante. Le mot \u00ab\u00a0Fuerteventura\u00a0\u00bb appara\u00eet en lettres frappantes et de diff\u00e9rentes couleurs, ajoutant une touche distinctive et joyeuse. Id\u00e9al pour les souvenirs de voyage, cet aimant est le souvenir parfait des \u00eeles Canaries.<\/p>\n","protected":false},"featured_media":10426,"template":"","meta":{"_acf_changed":false},"product_brand":[],"product_cat":[697],"product_tag":[],"class_list":{"0":"post-31161","1":"product","2":"type-product","3":"status-publish","4":"has-post-thumbnail","6":"product_cat-aimants","7":"pa_ciudad-fuerteventura","8":"pa_motivo-iles","9":"pa_pais-espana","11":"first","12":"instock","13":"shipping-taxable","14":"product-type-simple"},"acf":[],"_links":{"self":[{"href":"https:\/\/olemosaic.orbitalia.org\/fr\/wp-json\/wp\/v2\/product\/31161","targetHints":{"allow":["GET"]}}],"collection":[{"href":"https:\/\/olemosaic.orbitalia.org\/fr\/wp-json\/wp\/v2\/product"}],"about":[{"href":"https:\/\/olemosaic.orbitalia.org\/fr\/wp-json\/wp\/v2\/types\/product"}],"wp:featuredmedia":[{"embeddable":true,"href":"https:\/\/olemosaic.orbitalia.org\/fr\/wp-json\/wp\/v2\/media\/10426"}],"wp:attachment":[{"href":"https:\/\/olemosaic.orbitalia.org\/fr\/wp-json\/wp\/v2\/media?parent=31161"}],"wp:term":[{"taxonomy":"product_brand","embeddable":true,"href":"https:\/\/olemosaic.orbitalia.org\/fr\/wp-json\/wp\/v2\/product_brand?post=31161"},{"taxonomy":"product_cat","embeddable":true,"href":"https:\/\/olemosaic.orbitalia.org\/fr\/wp-json\/wp\/v2\/product_cat?post=31161"},{"taxonomy":"product_tag","embeddable":true,"href":"https:\/\/olemosaic.orbitalia.org\/fr\/wp-json\/wp\/v2\/product_tag?post=31161"}],"curies":[{"name":"wp","href":"https:\/\/api.w.org\/{rel}","templated":true}]}}