{"id":31159,"date":"2025-02-20T23:32:58","date_gmt":"2025-02-20T22:32:58","guid":{"rendered":"https:\/\/olemosaic.orbitalia.org\/producto\/iman-de-resina-salamandra-10-cm-2\/"},"modified":"2025-07-25T19:37:22","modified_gmt":"2025-07-25T17:37:22","slug":"aimant-resine-salamandre-mosaique-10-cm","status":"publish","type":"product","link":"https:\/\/olemosaic.orbitalia.org\/fr\/produit\/aimant-resine-salamandre-mosaique-10-cm\/","title":{"rendered":"Aimant en r\u00e9sine. Salamandre. Mosa\u00efque. 10 cm."},"content":{"rendered":"<p>Cet aimant en r\u00e9sine en forme de salamandre est un souvenir vibrant qui capture l&rsquo;essence de l&rsquo;art m\u00e9diterran\u00e9en. Avec des dimensions de 10 cm, ce souvenir attrayant pr\u00e9sente un design color\u00e9 inspir\u00e9 de la riche tradition artistique espagnole. La salamandre arbore une palette de couleurs comprenant des bleus profonds, des rouges intenses et des jaunes \u00e9clatants, refl\u00e9tant non seulement la beaut\u00e9 naturelle de ces reptiles dans leur habitat, mais aussi la chaleur et la diversit\u00e9 de la culture m\u00e9diterran\u00e9enne.<\/p>\n<p>Le design est m\u00e9ticuleusement \u00e9labor\u00e9 avec des d\u00e9tails artistiques qui \u00e9voquent la c\u00e9ramique \u00e0 effet peint \u00e0 la main, apportant un air artisanal qui renforce son authenticit\u00e9. Chaque aimant est un petit chef-d&rsquo;\u0153uvre, parfait pour ceux qui souhaitent emporter un morceau d&rsquo;Espagne chez eux. Cet aimant n&rsquo;est pas seulement fonctionnel, il agit \u00e9galement comme une pi\u00e8ce d\u00e9corative qui embellit n&rsquo;importe quel espace, rappelant aux touristes l&rsquo;exp\u00e9rience unique v\u00e9cue lors de leur visite.<\/p>\n<p>Chez Ol\u00e9 Mosaic, nous nous consacrons \u00e0 la distribution de souvenirs en gros, et cet aimant de salamandre est une excellente option pour les boutiques de cadeaux touristiques qui cherchent \u00e0 offrir des produits authentiques et repr\u00e9sentatifs de la richesse culturelle espagnole. Un souvenir qui allie art et fonctionnalit\u00e9, id\u00e9al pour ceux qui appr\u00e9cient la beaut\u00e9 et la tradition.<\/p>\n","protected":false},"excerpt":{"rendered":"<p>Aimant en forme de salamandre avec un design vibrant de mosa\u00efque inspir\u00e9 de la culture m\u00e9diterran\u00e9enne. Ce souvenir attrayant de 10 cm pr\u00e9sente une palette de couleurs incluant des bleus, des rouges et des jaunes, refl\u00e9tant la beaut\u00e9 naturelle de ces reptiles dans leur habitat. Les d\u00e9tails artistiques au design de c\u00e9ramique artisanale, peint \u00e0 la main, lui donnent un air authentique, id\u00e9al pour se souvenir de l&rsquo;essence de l&rsquo;Espagne et de sa riche tradition artistique.<\/p>\n","protected":false},"featured_media":6416,"template":"","meta":{"_acf_changed":false},"product_brand":[],"product_cat":[697],"product_tag":[530],"class_list":{"0":"post-31159","1":"product","2":"type-product","3":"status-publish","4":"has-post-thumbnail","6":"product_cat-aimants","7":"product_tag-animaux","8":"pa_motivo-salamandres","10":"first","11":"instock","12":"shipping-taxable","13":"product-type-simple"},"acf":[],"_links":{"self":[{"href":"https:\/\/olemosaic.orbitalia.org\/fr\/wp-json\/wp\/v2\/product\/31159","targetHints":{"allow":["GET"]}}],"collection":[{"href":"https:\/\/olemosaic.orbitalia.org\/fr\/wp-json\/wp\/v2\/product"}],"about":[{"href":"https:\/\/olemosaic.orbitalia.org\/fr\/wp-json\/wp\/v2\/types\/product"}],"wp:featuredmedia":[{"embeddable":true,"href":"https:\/\/olemosaic.orbitalia.org\/fr\/wp-json\/wp\/v2\/media\/6416"}],"wp:attachment":[{"href":"https:\/\/olemosaic.orbitalia.org\/fr\/wp-json\/wp\/v2\/media?parent=31159"}],"wp:term":[{"taxonomy":"product_brand","embeddable":true,"href":"https:\/\/olemosaic.orbitalia.org\/fr\/wp-json\/wp\/v2\/product_brand?post=31159"},{"taxonomy":"product_cat","embeddable":true,"href":"https:\/\/olemosaic.orbitalia.org\/fr\/wp-json\/wp\/v2\/product_cat?post=31159"},{"taxonomy":"product_tag","embeddable":true,"href":"https:\/\/olemosaic.orbitalia.org\/fr\/wp-json\/wp\/v2\/product_tag?post=31159"}],"curies":[{"name":"wp","href":"https:\/\/api.w.org\/{rel}","templated":true}]}}