{"id":31156,"date":"2025-02-20T23:32:58","date_gmt":"2025-02-20T22:32:58","guid":{"rendered":"https:\/\/olemosaic.orbitalia.org\/producto\/iman-de-resina-salamandra-mallorca-10-cm\/"},"modified":"2025-07-25T19:49:59","modified_gmt":"2025-07-25T17:49:59","slug":"aimant-en-resine-salamandre-majorque-10-cm","status":"publish","type":"product","link":"https:\/\/olemosaic.orbitalia.org\/fr\/produit\/aimant-en-resine-salamandre-majorque-10-cm\/","title":{"rendered":"Aimant en r\u00e9sine. Salamandre. Majorque. 10 cm."},"content":{"rendered":"<p>Cet aimant en r\u00e9sine en forme de salamandre est un souvenir color\u00e9 et charmant qui capture l&rsquo;essence vibrante de Majorque. Avec des dimensions de 10 cm, ce design artistique pr\u00e9sente une mosa\u00efque de tons bleus, rouges et jaunes, \u00e9voquant la richesse du folklore m\u00e9diterran\u00e9en de l&rsquo;\u00eele. La salamandre, symbole de chance et de renouveau dans de nombreuses cultures, se distingue par sa forme ludique et sa d\u00e9coration complexe, qui refl\u00e8te la beaut\u00e9 naturelle de Majorque. La figurine inclut, de mani\u00e8re \u00e9l\u00e9gante, le texte \u00ab\u00a0MAJORQUE\u00a0\u00bb, int\u00e9gr\u00e9 harmonieusement dans le design, ce qui fait de cet aimant no seulement un objet d\u00e9coratif, mais aussi un rappel significatif de la chaleur de l&rsquo;\u00eele et de sa riche culture.<\/p>\n<p>Les touristes qui cherchent \u00e0 ramener un petit morceau de Majorque chez eux trouveront dans cet aimant le souvenir parfait, id\u00e9al pour d\u00e9corer n&rsquo;importe quelle surface m\u00e9tallique, comme les r\u00e9frig\u00e9rateurs ou les tableaux blancs. Chez Ol\u00e9 Mosaic, nous nous engageons \u00e0 offrir des souvenirs authentiques et significatifs qui connectent les visiteurs \u00e0 leurs exp\u00e9riences dans les villes et r\u00e9gions espagnoles. Cet aimant de salamandre est une option exceptionnelle pour les boutiques de cadeaux touristiques, garantissant qualit\u00e9 et une touche distinctive de la tradition majorquine.<\/p>\n","protected":false},"excerpt":{"rendered":"<p>Aimant en forme de salamandre, capturant l&rsquo;essence de Majorque. Ce souvenir color\u00e9 de 10 cm est orn\u00e9 d&rsquo;une mosa\u00efque vibrante de tons bleus, rouges et jaunes, \u00e9voquant le folklore m\u00e9diterran\u00e9en. La figurine inclut un texte \u00e9l\u00e9gant \u00ab\u00a0MAJORQUE\u00a0\u00bb int\u00e9gr\u00e9 harmonieusement dans le design. Parfait pour se souvenir de la chaleur de l&rsquo;\u00eele et de sa riche culture, id\u00e9al pour d\u00e9corer n&rsquo;importe quelle surface m\u00e9tallique.<\/p>\n","protected":false},"featured_media":9529,"template":"","meta":{"_acf_changed":false},"product_brand":[],"product_cat":[697],"product_tag":[530],"class_list":{"0":"post-31156","1":"product","2":"type-product","3":"status-publish","4":"has-post-thumbnail","6":"product_cat-aimants","7":"product_tag-animaux","8":"pa_ciudad-mallorca","9":"pa_motivo-salamandres","10":"pa_pais-espana","12":"first","13":"instock","14":"shipping-taxable","15":"product-type-simple"},"acf":[],"_links":{"self":[{"href":"https:\/\/olemosaic.orbitalia.org\/fr\/wp-json\/wp\/v2\/product\/31156","targetHints":{"allow":["GET"]}}],"collection":[{"href":"https:\/\/olemosaic.orbitalia.org\/fr\/wp-json\/wp\/v2\/product"}],"about":[{"href":"https:\/\/olemosaic.orbitalia.org\/fr\/wp-json\/wp\/v2\/types\/product"}],"wp:featuredmedia":[{"embeddable":true,"href":"https:\/\/olemosaic.orbitalia.org\/fr\/wp-json\/wp\/v2\/media\/9529"}],"wp:attachment":[{"href":"https:\/\/olemosaic.orbitalia.org\/fr\/wp-json\/wp\/v2\/media?parent=31156"}],"wp:term":[{"taxonomy":"product_brand","embeddable":true,"href":"https:\/\/olemosaic.orbitalia.org\/fr\/wp-json\/wp\/v2\/product_brand?post=31156"},{"taxonomy":"product_cat","embeddable":true,"href":"https:\/\/olemosaic.orbitalia.org\/fr\/wp-json\/wp\/v2\/product_cat?post=31156"},{"taxonomy":"product_tag","embeddable":true,"href":"https:\/\/olemosaic.orbitalia.org\/fr\/wp-json\/wp\/v2\/product_tag?post=31156"}],"curies":[{"name":"wp","href":"https:\/\/api.w.org\/{rel}","templated":true}]}}