{"id":31135,"date":"2025-02-20T23:32:56","date_gmt":"2025-02-20T22:32:56","guid":{"rendered":"https:\/\/olemosaic.orbitalia.org\/producto\/iman-de-resina-barcelona-10-cm\/"},"modified":"2025-07-25T20:24:53","modified_gmt":"2025-07-25T18:24:53","slug":"aimant-resine-barcelone-10-cm","status":"publish","type":"product","link":"https:\/\/olemosaic.orbitalia.org\/fr\/produit\/aimant-resine-barcelone-10-cm\/","title":{"rendered":"Aimant en r\u00e9sine. Barcelone. 10 cm."},"content":{"rendered":"<p>Cet aimant en r\u00e9sine en forme de l\u00e9zard est une repr\u00e9sentation authentique de la vibrante mosa\u00efque de Barcelone, devenant le souvenir id\u00e9al pour les visiteurs de cette ville embl\u00e9matique. Avec des dimensions de 10 cm, son design color\u00e9 se distingue par des d\u00e9tails peints \u00e0 la main dans des tons rouges, jaunes, verts et noirs, \u00e9voquant la riche culture et l&rsquo;art moderniste qui caract\u00e9risent Barcelone. Le mot \u00ab Barcelona \u00bb est \u00e9l\u00e9gamment int\u00e9gr\u00e9 au design, ajoutant une touche personnelle et authentique \u00e0 cette pi\u00e8ce.<\/p>\n<p>L&rsquo;utilisation de la forme du l\u00e9zard n&rsquo;est pas fortuite, car elle s&rsquo;inspire de la c\u00e9l\u00e8bre \u0153uvre d&rsquo;Antoni Gaud\u00ed au Park G\u00fcell, un symbole iconique de la cr\u00e9ativit\u00e9 et de l&rsquo;ing\u00e9niosit\u00e9 architecturale qui d\u00e9finit la ville. Cet aimant n&rsquo;est pas seulement un accessoire d\u00e9coratif, mais devient \u00e9galement un porteur de souvenirs \u00e9voquant les rues color\u00e9es et l&rsquo;\u00e9nergie vibrante de Barcelone.<\/p>\n<p>Id\u00e9al pour les touristes \u00e0 la recherche de souvenirs repr\u00e9sentatifs de leur voyage, cet aimant en r\u00e9sine est une excellente option pour les boutiques de cadeaux touristiques. Chez Ol\u00e9 Mosaic, en tant que distributeurs de souvenirs en gros, nous garantissons des produits authentiques qui capturent l&rsquo;essence de chaque lieu, offrant \u00e0 nos clients la possibilit\u00e9 de proposer des souvenirs de qualit\u00e9 qui se connectent \u00e0 la culture locale.<\/p>\n","protected":false},"excerpt":{"rendered":"<p>Aimant en forme de l\u00e9zard avec un design vibrant reproduisant la mosa\u00efque color\u00e9e de Barcelone. Avec des dimensions de 10 cm, cet aimant se distingue par ses d\u00e9tails peints \u00e0 la main dans des tons rouges, jaunes, verts et noirs, \u00e9voquant la riche culture et l&rsquo;art moderniste de la ville. Le mot \u00ab\u00a0Barcelona\u00a0\u00bb est \u00e9l\u00e9gamment int\u00e9gr\u00e9 au design, en faisant un souvenir id\u00e9al pour se rappeler l&rsquo;essence de cette localit\u00e9 embl\u00e9matique.<\/p>\n","protected":false},"featured_media":9340,"template":"","meta":{"_acf_changed":false},"product_brand":[],"product_cat":[697],"product_tag":[],"class_list":{"0":"post-31135","1":"product","2":"type-product","3":"status-publish","4":"has-post-thumbnail","6":"product_cat-aimants","7":"pa_ciudad-barcelona","8":"pa_pais-espana","10":"first","11":"instock","12":"shipping-taxable","13":"product-type-simple"},"acf":[],"_links":{"self":[{"href":"https:\/\/olemosaic.orbitalia.org\/fr\/wp-json\/wp\/v2\/product\/31135","targetHints":{"allow":["GET"]}}],"collection":[{"href":"https:\/\/olemosaic.orbitalia.org\/fr\/wp-json\/wp\/v2\/product"}],"about":[{"href":"https:\/\/olemosaic.orbitalia.org\/fr\/wp-json\/wp\/v2\/types\/product"}],"wp:featuredmedia":[{"embeddable":true,"href":"https:\/\/olemosaic.orbitalia.org\/fr\/wp-json\/wp\/v2\/media\/9340"}],"wp:attachment":[{"href":"https:\/\/olemosaic.orbitalia.org\/fr\/wp-json\/wp\/v2\/media?parent=31135"}],"wp:term":[{"taxonomy":"product_brand","embeddable":true,"href":"https:\/\/olemosaic.orbitalia.org\/fr\/wp-json\/wp\/v2\/product_brand?post=31135"},{"taxonomy":"product_cat","embeddable":true,"href":"https:\/\/olemosaic.orbitalia.org\/fr\/wp-json\/wp\/v2\/product_cat?post=31135"},{"taxonomy":"product_tag","embeddable":true,"href":"https:\/\/olemosaic.orbitalia.org\/fr\/wp-json\/wp\/v2\/product_tag?post=31135"}],"curies":[{"name":"wp","href":"https:\/\/api.w.org\/{rel}","templated":true}]}}