{"id":31132,"date":"2025-02-20T23:32:56","date_gmt":"2025-02-20T22:32:56","guid":{"rendered":"https:\/\/olemosaic.orbitalia.org\/producto\/iman-de-resina-isla-gran-canaria\/"},"modified":"2025-07-25T19:49:46","modified_gmt":"2025-07-25T17:49:46","slug":"aimant-resine-ile-grande-canarie","status":"publish","type":"product","link":"https:\/\/olemosaic.orbitalia.org\/fr\/produit\/aimant-resine-ile-grande-canarie\/","title":{"rendered":"Aimant en r\u00e9sine. \u00cele. Grande Canarie."},"content":{"rendered":"<p>Cet aimant en r\u00e9sine en forme de l&rsquo;\u00eele de Grande Canarie est un souvenir color\u00e9 et vibrant qui capture l&rsquo;essence de cette magnifique r\u00e9gion. Son design pr\u00e9sente une repr\u00e9sentation d\u00e9taill\u00e9e de l&rsquo;\u00eele, orn\u00e9e de l\u00e9zards color\u00e9s et de fleurs symbolisant la riche biodiversit\u00e9 locale. Les l\u00e9zards, caract\u00e9ristiques de Grande Canarie, sont soigneusement sculpt\u00e9s et peints dans des tons brillants, ajoutant une touche de vie et de couleur \u00e0 l&rsquo;aimant. Le texte \u00ab\u00a0Gran Canaria\u00a0\u00bb se d\u00e9tache dans des couleurs vives sur un fond sombre, cr\u00e9ant un contraste saisissant qui souligne chaque d\u00e9tail du design. Cet aimant n&rsquo;est pas seulement une pi\u00e8ce d\u00e9corative parfaite pour orner toute surface m\u00e9tallique, mais il \u00e9voque \u00e9galement les souvenirs de vacances inoubliables sur l&rsquo;\u00eele.<\/p>\n<p>Le souvenir est un reflet de la culture canarienne, id\u00e9al pour ceux qui souhaitent ramener un petit morceau de paradis chez eux. Cet aimant est une excellente option pour les boutiques de cadeaux touristiques, car il permet aux visiteurs de se rem\u00e9morer la chaleur et la beaut\u00e9 de Grande Canarie. Chez Ol\u00e9 Mosaic, en tant que distributeurs de souvenirs en gros, nous proposons une vari\u00e9t\u00e9 de produits authentiques qui mettent en valeur la richesse culturelle et paysag\u00e8re de chaque r\u00e9gion. Cet aimant de Grande Canarie est, sans aucun doute, un choix id\u00e9al pour ceux qui recherchent des souvenirs authentiques et repr\u00e9sentatifs.<\/p>\n","protected":false},"excerpt":{"rendered":"<p>Aimant en forme de l&rsquo;\u00eele de Grande Canarie, d\u00e9cor\u00e9 de l\u00e9zards et de fleurs color\u00e9es, repr\u00e9sentant la biodiversit\u00e9 locale. Cet aimant attrayant pr\u00e9sente le texte \u00ab\u00a0Gran Canaria\u00a0\u00bb dans des couleurs vives, se d\u00e9tachant sur un fond sombre qui souligne les d\u00e9tails vibrants de son design. C&rsquo;est un souvenir id\u00e9al qui capture l&rsquo;essence de l&rsquo;\u00eele, parfait pour orner toute surface m\u00e9tallique et \u00e9voquer vos souvenirs de vacances.<\/p>\n","protected":false},"featured_media":10425,"template":"","meta":{"_acf_changed":false},"product_brand":[],"product_cat":[697],"product_tag":[],"class_list":{"0":"post-31132","1":"product","2":"type-product","3":"status-publish","4":"has-post-thumbnail","6":"product_cat-aimants","7":"pa_ciudad-gran-canaria","8":"pa_motivo-iles","9":"pa_pais-espana","11":"first","12":"instock","13":"shipping-taxable","14":"product-type-simple"},"acf":[],"_links":{"self":[{"href":"https:\/\/olemosaic.orbitalia.org\/fr\/wp-json\/wp\/v2\/product\/31132","targetHints":{"allow":["GET"]}}],"collection":[{"href":"https:\/\/olemosaic.orbitalia.org\/fr\/wp-json\/wp\/v2\/product"}],"about":[{"href":"https:\/\/olemosaic.orbitalia.org\/fr\/wp-json\/wp\/v2\/types\/product"}],"wp:featuredmedia":[{"embeddable":true,"href":"https:\/\/olemosaic.orbitalia.org\/fr\/wp-json\/wp\/v2\/media\/10425"}],"wp:attachment":[{"href":"https:\/\/olemosaic.orbitalia.org\/fr\/wp-json\/wp\/v2\/media?parent=31132"}],"wp:term":[{"taxonomy":"product_brand","embeddable":true,"href":"https:\/\/olemosaic.orbitalia.org\/fr\/wp-json\/wp\/v2\/product_brand?post=31132"},{"taxonomy":"product_cat","embeddable":true,"href":"https:\/\/olemosaic.orbitalia.org\/fr\/wp-json\/wp\/v2\/product_cat?post=31132"},{"taxonomy":"product_tag","embeddable":true,"href":"https:\/\/olemosaic.orbitalia.org\/fr\/wp-json\/wp\/v2\/product_tag?post=31132"}],"curies":[{"name":"wp","href":"https:\/\/api.w.org\/{rel}","templated":true}]}}