{"id":31126,"date":"2025-02-20T23:32:56","date_gmt":"2025-02-20T22:32:56","guid":{"rendered":"https:\/\/olemosaic.orbitalia.org\/producto\/iman-de-resina-golondrina-9-cm\/"},"modified":"2025-07-25T19:28:57","modified_gmt":"2025-07-25T17:28:57","slug":"aimant-resine-hirondelle-9-cm","status":"publish","type":"product","link":"https:\/\/olemosaic.orbitalia.org\/fr\/produit\/aimant-resine-hirondelle-9-cm\/","title":{"rendered":"Aimant en r\u00e9sine. Hirondelle. 9 cm."},"content":{"rendered":"<p>Cet aimant en r\u00e9sine en forme d&rsquo;hirondelle est un souvenir charmant qui capture l&rsquo;essence de l&rsquo;art traditionnel espagnol. Avec des dimensions de 9 cm, cette pi\u00e8ce se distingue par sa palette de couleurs vibrantes, incluant des bleus, des jaunes, des oranges et des roses, id\u00e9ale pour ajouter une touche festive \u00e0 toute d\u00e9coration. L&rsquo;hirondelle, symbole du printemps et de la chance dans la culture espagnole, pr\u00e9sente un design m\u00e9ticuleusement \u00e9labor\u00e9 avec une technique de mosa\u00efque soign\u00e9e, ce qui lui donne un aspect authentique et artisanal que les touristes adorent.<\/p>\n<p>L&rsquo;aimant n&rsquo;est pas seulement fonctionnel, il agit \u00e9galement comme un souvenir repr\u00e9sentatif d&rsquo;un voyage en Espagne, \u00e9voquant des souvenirs de la beaut\u00e9 des paysages et de la richesse culturelle du pays. Chaque d\u00e9tail de l&rsquo;hirondelle a \u00e9t\u00e9 finement fini, soulignant le niveau de d\u00e9vouement et la ma\u00eetrise de sa cr\u00e9ation. Ce charmant souvenir est une excellente option pour les boutiques de cadeaux touristiques \u00e0 la recherche de produits authentiques et de qualit\u00e9. Avec Ol\u00e9 Mosaic, distributeurs de souvenirs en gros, nous garantissons que chaque pi\u00e8ce refl\u00e8te la riche tradition culturelle espagnole que vos clients appr\u00e9cieront chez eux.<\/p>\n","protected":false},"excerpt":{"rendered":"<p>Aimant en forme d&rsquo;hirondelle, \u00e9labor\u00e9 avec une technique de mosa\u00efque soign\u00e9e. Cet aimant de 9 cm pr\u00e9sente des couleurs vives dans une large gamme de tons bleus, jaunes, oranges et roses, cr\u00e9ant un design attrayant qui \u00e9voque l&rsquo;esprit de l&rsquo;art traditionnel espagnol. L&rsquo;hirondelle, symbole du printemps et de la chance, se distingue par ses d\u00e9tails finement finis qui lui donnent une touche festive, parfaite pour d\u00e9corer n&rsquo;importe quel espace ou comme souvenir d&rsquo;un voyage en Espagne.<\/p>\n","protected":false},"featured_media":11079,"template":"","meta":{"_acf_changed":false},"product_brand":[],"product_cat":[697],"product_tag":[530],"class_list":{"0":"post-31126","1":"product","2":"type-product","3":"status-publish","4":"has-post-thumbnail","6":"product_cat-aimants","7":"product_tag-animaux","8":"pa_motivo-hirondelles","10":"first","11":"instock","12":"shipping-taxable","13":"product-type-simple"},"acf":[],"_links":{"self":[{"href":"https:\/\/olemosaic.orbitalia.org\/fr\/wp-json\/wp\/v2\/product\/31126","targetHints":{"allow":["GET"]}}],"collection":[{"href":"https:\/\/olemosaic.orbitalia.org\/fr\/wp-json\/wp\/v2\/product"}],"about":[{"href":"https:\/\/olemosaic.orbitalia.org\/fr\/wp-json\/wp\/v2\/types\/product"}],"wp:featuredmedia":[{"embeddable":true,"href":"https:\/\/olemosaic.orbitalia.org\/fr\/wp-json\/wp\/v2\/media\/11079"}],"wp:attachment":[{"href":"https:\/\/olemosaic.orbitalia.org\/fr\/wp-json\/wp\/v2\/media?parent=31126"}],"wp:term":[{"taxonomy":"product_brand","embeddable":true,"href":"https:\/\/olemosaic.orbitalia.org\/fr\/wp-json\/wp\/v2\/product_brand?post=31126"},{"taxonomy":"product_cat","embeddable":true,"href":"https:\/\/olemosaic.orbitalia.org\/fr\/wp-json\/wp\/v2\/product_cat?post=31126"},{"taxonomy":"product_tag","embeddable":true,"href":"https:\/\/olemosaic.orbitalia.org\/fr\/wp-json\/wp\/v2\/product_tag?post=31126"}],"curies":[{"name":"wp","href":"https:\/\/api.w.org\/{rel}","templated":true}]}}