{"id":31106,"date":"2025-02-20T23:32:55","date_gmt":"2025-02-20T22:32:55","guid":{"rendered":"https:\/\/olemosaic.orbitalia.org\/producto\/iman-de-resina-panoramica-barcelona-65-cm\/"},"modified":"2025-07-25T20:14:57","modified_gmt":"2025-07-25T18:14:57","slug":"aimant-resine-panoramique-barcelone-6-5-cm","status":"publish","type":"product","link":"https:\/\/olemosaic.orbitalia.org\/fr\/produit\/aimant-resine-panoramique-barcelone-6-5-cm\/","title":{"rendered":"Aimant en r\u00e9sine. Panoramique. Barcelone. 6,5 cm."},"content":{"rendered":"<p>Cet aimant en r\u00e9sine de 6,5 cm est un souvenir fascinant de Barcelone qui capture l&rsquo;essence de la ville avec une vue panoramique vibrante de ses monuments les plus embl\u00e9matiques. Le design color\u00e9, qui \u00e9voque les formes de mosa\u00efque du c\u00e9l\u00e8bre artiste Antoni Gaud\u00ed, pr\u00e9sente la majestueuse Sagrada Familia, le color\u00e9 Parc G\u00fcell et l&#8217;embl\u00e9matique Casa Batll\u00f3, le tout sur un fond blanc qui rehausse les d\u00e9tails artistiques. Le mot \u00ab\u00a0Barcelone\u00a0\u00bb est \u00e9l\u00e9gamment imprim\u00e9 en bas, ajoutant une touche distinctive au produit.<\/p>\n<p>Cet aimant n&rsquo;est pas seulement un objet d\u00e9coratif, mais aussi un rappel tangible du riche patrimoine culturel de Barcelone et de ses merveilles architecturales. En tant que souvenir repr\u00e9sentatif, c&rsquo;est une excellente option pour les touristes qui souhaitent ramener un petit morceau de la ville chez eux. Son authenticit\u00e9 et son design attrayant en font un article id\u00e9al pour les boutiques de cadeaux touristiques qui souhaitent proposer des produits refl\u00e9tant l&rsquo;authentique culture locale.<\/p>\n<p>Chez Ol\u00e9 Mosaic, nous sommes sp\u00e9cialis\u00e9s dans la distribution de souvenirs en gros, proposant de magnifiques souvenirs de Barcelone, comme cet aimant en r\u00e9sine, parfait pour ceux qui appr\u00e9cient la qualit\u00e9 et la pertinence culturelle. Cet aimant est un choix exceptionnel pour ceux qui souhaitent se souvenir de leur visite dans l&rsquo;une des villes les plus vibrantes d&rsquo;Espagne.<\/p>\n","protected":false},"excerpt":{"rendered":"<p>Aimant de 6,5 cm avec une vue panoramique vibrante de Barcelone repr\u00e9sentant les monuments les plus embl\u00e9matiques de la ville. Cet aimant attrayant pr\u00e9sente un design color\u00e9 avec des formes de mosa\u00efque capturant la Sagrada Familia, le Parc G\u00fcell et la Casa Batll\u00f3, le tout sur un fond blanc qui souligne les d\u00e9tails artistiques. Le mot \u00ab\u00a0Barcelone\u00a0\u00bb est \u00e9l\u00e9gamment imprim\u00e9 en bas, faisant de ce produit le souvenir parfait pour se souvenir de l&rsquo;essence de la ville.<\/p>\n","protected":false},"featured_media":9328,"template":"","meta":{"_acf_changed":false},"product_brand":[],"product_cat":[697],"product_tag":[],"class_list":{"0":"post-31106","1":"product","2":"type-product","3":"status-publish","4":"has-post-thumbnail","6":"product_cat-aimants","7":"pa_ciudad-barcelona","8":"pa_motivo-panoramas","9":"pa_pais-espana","11":"first","12":"instock","13":"shipping-taxable","14":"product-type-simple"},"acf":[],"_links":{"self":[{"href":"https:\/\/olemosaic.orbitalia.org\/fr\/wp-json\/wp\/v2\/product\/31106","targetHints":{"allow":["GET"]}}],"collection":[{"href":"https:\/\/olemosaic.orbitalia.org\/fr\/wp-json\/wp\/v2\/product"}],"about":[{"href":"https:\/\/olemosaic.orbitalia.org\/fr\/wp-json\/wp\/v2\/types\/product"}],"wp:featuredmedia":[{"embeddable":true,"href":"https:\/\/olemosaic.orbitalia.org\/fr\/wp-json\/wp\/v2\/media\/9328"}],"wp:attachment":[{"href":"https:\/\/olemosaic.orbitalia.org\/fr\/wp-json\/wp\/v2\/media?parent=31106"}],"wp:term":[{"taxonomy":"product_brand","embeddable":true,"href":"https:\/\/olemosaic.orbitalia.org\/fr\/wp-json\/wp\/v2\/product_brand?post=31106"},{"taxonomy":"product_cat","embeddable":true,"href":"https:\/\/olemosaic.orbitalia.org\/fr\/wp-json\/wp\/v2\/product_cat?post=31106"},{"taxonomy":"product_tag","embeddable":true,"href":"https:\/\/olemosaic.orbitalia.org\/fr\/wp-json\/wp\/v2\/product_tag?post=31106"}],"curies":[{"name":"wp","href":"https:\/\/api.w.org\/{rel}","templated":true}]}}