{"id":31097,"date":"2025-02-20T23:32:53","date_gmt":"2025-02-20T22:32:53","guid":{"rendered":"https:\/\/olemosaic.orbitalia.org\/producto\/iman-de-resina-salamandra-y-flores-mallorca-75-cm\/"},"modified":"2025-07-25T19:47:50","modified_gmt":"2025-07-25T17:47:50","slug":"aimant-resine-salamandre-fleurs-majorque-7-5-cm","status":"publish","type":"product","link":"https:\/\/olemosaic.orbitalia.org\/fr\/produit\/aimant-resine-salamandre-fleurs-majorque-7-5-cm\/","title":{"rendered":"Aimant en r\u00e9sine. Salamandre et fleurs. Majorque. 7,5 cm."},"content":{"rendered":"<p>Cet aimant en r\u00e9sine, au design vibrant inspir\u00e9 de la faune et de la flore de Majorque, est un bijou d\u00e9coratif qui capture l&rsquo;essence de cette \u00eele magnifique. D&rsquo;une dimension de 7,5 cm, il pr\u00e9sente un design color\u00e9 et dynamique montrant deux salamandres stylis\u00e9es, chacune dans des tons brillants, symbolisant la vitalit\u00e9 et l&rsquo;esprit de la nature majorquine. Entour\u00e9es de fleurs joyeuses dans une palette de couleurs vari\u00e9es, les salamandres ajoutent une touche de gaiet\u00e9 et de couleur \u00e0 n&rsquo;importe quel r\u00e9frig\u00e9rateur ou surface m\u00e9tallique.<\/p>\n<p>La technique de la mosa\u00efque utilis\u00e9e pour la cr\u00e9ation de cet aimant souligne non seulement l&rsquo;artisanat local, mais refl\u00e8te \u00e9galement l&rsquo;influence de l&rsquo;art traditionnel dans les d\u00e9corations de Majorque. Au centre de l&rsquo;aimant, le texte \u00ab\u00a0MALLORCA\u00a0\u00bb se d\u00e9tache de mani\u00e8re charmante, reliant directement le porteur \u00e0 la localit\u00e9 et \u00e0 son riche h\u00e9ritage culturel. Ce produit n&rsquo;est pas seulement un souvenir, mais un rappel parfait de la beaut\u00e9 naturelle et culturelle de Majorque, id\u00e9al pour les touristes cherchant \u00e0 emporter un morceau de l&rsquo;\u00eele.<\/p>\n<p>Chez Ol\u00e9 Mosaic, nous nous engageons dans la distribution de souvenirs authentiques en gros, ce qui fait de cet aimant une excellente option pour les boutiques de cadeaux touristiques. Chaque pi\u00e8ce se distingue par sa pertinence culturelle et sa capacit\u00e9 \u00e0 \u00e9mouvoir, en faisant un embl\u00e8me parfait des souvenirs de Majorque.<\/p>\n","protected":false},"excerpt":{"rendered":"<p>Aimant au design vibrant inspir\u00e9 de la faune et de la flore de Majorque. Cet aimant color\u00e9 de 7,5 cm pr\u00e9sente deux salamandres stylis\u00e9es dans des tons brillants, entour\u00e9es de fleurs joyeuses de diverses couleurs. La technique de la mosa\u00efque apporte une touche artistique, tandis que le texte \u00ab\u00a0MALLORCA\u00a0\u00bb ressort au centre, ajoutant un \u00e9l\u00e9ment de charme local. Parfait pour se souvenir de la beaut\u00e9 de l&rsquo;\u00eele.<\/p>\n","protected":false},"featured_media":9524,"template":"","meta":{"_acf_changed":false},"product_brand":[],"product_cat":[697],"product_tag":[530],"class_list":{"0":"post-31097","1":"product","2":"type-product","3":"status-publish","4":"has-post-thumbnail","6":"product_cat-aimants","7":"product_tag-animaux","8":"pa_ciudad-mallorca","9":"pa_motivo-salamandres","10":"pa_pais-espana","12":"first","13":"instock","14":"shipping-taxable","15":"product-type-simple"},"acf":[],"_links":{"self":[{"href":"https:\/\/olemosaic.orbitalia.org\/fr\/wp-json\/wp\/v2\/product\/31097","targetHints":{"allow":["GET"]}}],"collection":[{"href":"https:\/\/olemosaic.orbitalia.org\/fr\/wp-json\/wp\/v2\/product"}],"about":[{"href":"https:\/\/olemosaic.orbitalia.org\/fr\/wp-json\/wp\/v2\/types\/product"}],"wp:featuredmedia":[{"embeddable":true,"href":"https:\/\/olemosaic.orbitalia.org\/fr\/wp-json\/wp\/v2\/media\/9524"}],"wp:attachment":[{"href":"https:\/\/olemosaic.orbitalia.org\/fr\/wp-json\/wp\/v2\/media?parent=31097"}],"wp:term":[{"taxonomy":"product_brand","embeddable":true,"href":"https:\/\/olemosaic.orbitalia.org\/fr\/wp-json\/wp\/v2\/product_brand?post=31097"},{"taxonomy":"product_cat","embeddable":true,"href":"https:\/\/olemosaic.orbitalia.org\/fr\/wp-json\/wp\/v2\/product_cat?post=31097"},{"taxonomy":"product_tag","embeddable":true,"href":"https:\/\/olemosaic.orbitalia.org\/fr\/wp-json\/wp\/v2\/product_tag?post=31097"}],"curies":[{"name":"wp","href":"https:\/\/api.w.org\/{rel}","templated":true}]}}