{"id":31070,"date":"2025-02-20T23:32:53","date_gmt":"2025-02-20T22:32:53","guid":{"rendered":"https:\/\/olemosaic.orbitalia.org\/producto\/iman-de-resina-patio\/"},"modified":"2025-07-25T19:39:11","modified_gmt":"2025-07-25T17:39:11","slug":"aimant-resine-patio-andalou","status":"publish","type":"product","link":"https:\/\/olemosaic.orbitalia.org\/fr\/produit\/aimant-resine-patio-andalou\/","title":{"rendered":"Aimant en r\u00e9sine. Patio."},"content":{"rendered":"<p>Cet aimant en r\u00e9sine, avec son design vibrant de patio andalou, est le souvenir parfait pour capturer l&rsquo;essence du folklore espagnol et la chaleur de l&rsquo;Andalousie. La pi\u00e8ce repr\u00e9sente une danseuse de flamenco, v\u00eatue d&rsquo;un spectaculaire costume \u00e0 pois rouges, \u00e9voquant la tradition et l&rsquo;esprit du flamenco. \u00c0 ses c\u00f4t\u00e9s, un danseur se distingue par son costume \u00e9l\u00e9gant, apportant du dynamisme \u00e0 la sc\u00e8ne. Le fond de l&rsquo;aimant est m\u00e9ticuleusement d\u00e9cor\u00e9 de mosa\u00efques, de pots remplis de fleurs color\u00e9es et d&rsquo;une guitare, des \u00e9l\u00e9ments qui \u00e9voquent l&rsquo;atmosph\u00e8re festive des patios andalous.<\/p>\n<p>Les couleurs \u00e9clatantes et les d\u00e9tails peints \u00e0 la main apportent une authenticit\u00e9 exceptionnelle, faisant de cet aimant un v\u00e9ritable hommage \u00e0 la culture andalouse. Id\u00e9al pour ceux qui recherchent des souvenirs de S\u00e9ville, cet article n&rsquo;est pas seulement fonctionnel, mais c&rsquo;est aussi une pi\u00e8ce d\u00e9corative qui transporte les touristes dans les rues ensoleill\u00e9es du sud de l&rsquo;Espagne. Chez Ol\u00e9 Mosaic, nous nous sp\u00e9cialisons dans la distribution en gros de produits authentiques comme cet aimant, garantissant que chaque pi\u00e8ce refl\u00e8te le riche h\u00e9ritage culturel de la r\u00e9gion. Cet aimant est une excellente option pour les boutiques de cadeaux touristiques souhaitant offrir des souvenirs m\u00e9morables et significatifs.<\/p>\n","protected":false},"excerpt":{"rendered":"<p>Aimant au design vibrant de patio andalou capturant l&rsquo;essence du folklore espagnol. Cet aimant attrayant repr\u00e9sente une danseuse de flamenco en robe rouge \u00e0 pois et un danseur, sur un fond d\u00e9cor\u00e9 de mosa\u00efques, de pots de fleurs et d&rsquo;une guitare. Les couleurs \u00e9clatantes et les d\u00e9tails peints \u00e0 la main lui conf\u00e8rent authenticit\u00e9 et une touche festive, id\u00e9ale pour se souvenir de la chaleur de l&rsquo;Andalousie.<\/p>\n","protected":false},"featured_media":9571,"template":"","meta":{"_acf_changed":false},"product_brand":[],"product_cat":[697],"product_tag":[],"class_list":{"0":"post-31070","1":"product","2":"type-product","3":"status-publish","4":"has-post-thumbnail","6":"product_cat-aimants","7":"pa_motivo-cours-interieures","9":"first","10":"instock","11":"shipping-taxable","12":"product-type-simple"},"acf":[],"_links":{"self":[{"href":"https:\/\/olemosaic.orbitalia.org\/fr\/wp-json\/wp\/v2\/product\/31070","targetHints":{"allow":["GET"]}}],"collection":[{"href":"https:\/\/olemosaic.orbitalia.org\/fr\/wp-json\/wp\/v2\/product"}],"about":[{"href":"https:\/\/olemosaic.orbitalia.org\/fr\/wp-json\/wp\/v2\/types\/product"}],"wp:featuredmedia":[{"embeddable":true,"href":"https:\/\/olemosaic.orbitalia.org\/fr\/wp-json\/wp\/v2\/media\/9571"}],"wp:attachment":[{"href":"https:\/\/olemosaic.orbitalia.org\/fr\/wp-json\/wp\/v2\/media?parent=31070"}],"wp:term":[{"taxonomy":"product_brand","embeddable":true,"href":"https:\/\/olemosaic.orbitalia.org\/fr\/wp-json\/wp\/v2\/product_brand?post=31070"},{"taxonomy":"product_cat","embeddable":true,"href":"https:\/\/olemosaic.orbitalia.org\/fr\/wp-json\/wp\/v2\/product_cat?post=31070"},{"taxonomy":"product_tag","embeddable":true,"href":"https:\/\/olemosaic.orbitalia.org\/fr\/wp-json\/wp\/v2\/product_tag?post=31070"}],"curies":[{"name":"wp","href":"https:\/\/api.w.org\/{rel}","templated":true}]}}