{"id":31067,"date":"2025-02-20T23:32:52","date_gmt":"2025-02-20T22:32:52","guid":{"rendered":"https:\/\/olemosaic.orbitalia.org\/producto\/iman-de-pvc-casa-batllo-2\/"},"modified":"2025-07-25T18:34:14","modified_gmt":"2025-07-25T16:34:14","slug":"aimant-pvc-casa-batllo-barcelone","status":"publish","type":"product","link":"https:\/\/olemosaic.orbitalia.org\/fr\/produit\/aimant-pvc-casa-batllo-barcelone\/","title":{"rendered":"Aimant en PVC. Casa Batll\u00f3. Barcelone."},"content":{"rendered":"<p>Cet aimant en PVC repr\u00e9sente l&#8217;embl\u00e9matique Casa Batll\u00f3 de Barcelone, un chef-d&rsquo;\u0153uvre de l&rsquo;architecte Antoni Gaud\u00ed, c\u00e9l\u00e8bre pour son esth\u00e9tique moderniste distinctive. Avec un design vibrant et color\u00e9, ce souvenir capture l&rsquo;essence de l&rsquo;architecture catalane \u00e0 travers ses formes ondul\u00e9es et ses mosa\u00efques caract\u00e9ristiques. Les tons jaune, rouge et vert s&rsquo;entrelacent dans un motif exub\u00e9rant qui \u00e9voque la cr\u00e9ativit\u00e9 et l&rsquo;originalit\u00e9 du g\u00e9nie de Gaud\u00ed, tandis que les d\u00e9tails minutieux de la repr\u00e9sentation de la fa\u00e7ade refl\u00e8tent l&rsquo;attention port\u00e9e aux d\u00e9tails qui l&rsquo;a rendu c\u00e9l\u00e8bre.<\/p>\n<p>Cet aimant ne sert pas seulement d&rsquo;accessoire pratique pour d\u00e9corer votre maison, mais symbolise \u00e9galement le riche h\u00e9ritage culturel de Barcelone et son legs artistique. La Casa Batll\u00f3, d\u00e9clar\u00e9e patrimoine mondial par l&rsquo;UNESCO, est l&rsquo;une des principales attractions touristiques de la ville et cet aimant devient un souvenir parfait de la beaut\u00e9 architecturale qui l&rsquo;entoure. Id\u00e9al pour les touristes \u00e0 la recherche de souvenirs embl\u00e9matiques, ce produit est une excellente option pour les boutiques de cadeaux touristiques.<\/p>\n<p>Chez Ol\u00e9 Mosaic, nous nous sp\u00e9cialisons dans la distribution de souvenirs en gros, et cet aimant de la Casa Batll\u00f3 est une repr\u00e9sentation authentique et exquise de la tradition touristique barcelonaise. Avec sa singularit\u00e9 et son attrait culturel, c&rsquo;est un produit qui captera sans aucun doute l&rsquo;attention de tout visiteur \u00e0 la recherche d&rsquo;un souvenir repr\u00e9sentatif de son exp\u00e9rience dans la cit\u00e9 comtale.<\/p>\n","protected":false},"excerpt":{"rendered":"<p>Aimant en PVC repr\u00e9sentant l&#8217;embl\u00e9matique Casa Batll\u00f3 de Barcelone. Ce souvenir attrayant pr\u00e9sente un design color\u00e9 et vibrant, avec des motifs refl\u00e9tant l&rsquo;architecture moderniste d&rsquo;Antoni Gaud\u00ed. Avec des d\u00e9tails dans les tons jaunes, rouges et verts, l&rsquo;aimant capture l&rsquo;essence de ses formes ondul\u00e9es et de ses mosa\u00efques caract\u00e9ristiques. Id\u00e9al pour personnaliser les espaces et se souvenir de la beaut\u00e9 de cette merveille architecturale de la cit\u00e9 comtale.<\/p>\n","protected":false},"featured_media":9567,"template":"","meta":{"_acf_changed":false},"product_brand":[],"product_cat":[697],"product_tag":[],"class_list":{"0":"post-31067","1":"product","2":"type-product","3":"status-publish","4":"has-post-thumbnail","6":"product_cat-aimants","7":"pa_motivo-casa-batllo","9":"first","10":"instock","11":"shipping-taxable","12":"product-type-simple"},"acf":[],"_links":{"self":[{"href":"https:\/\/olemosaic.orbitalia.org\/fr\/wp-json\/wp\/v2\/product\/31067","targetHints":{"allow":["GET"]}}],"collection":[{"href":"https:\/\/olemosaic.orbitalia.org\/fr\/wp-json\/wp\/v2\/product"}],"about":[{"href":"https:\/\/olemosaic.orbitalia.org\/fr\/wp-json\/wp\/v2\/types\/product"}],"wp:featuredmedia":[{"embeddable":true,"href":"https:\/\/olemosaic.orbitalia.org\/fr\/wp-json\/wp\/v2\/media\/9567"}],"wp:attachment":[{"href":"https:\/\/olemosaic.orbitalia.org\/fr\/wp-json\/wp\/v2\/media?parent=31067"}],"wp:term":[{"taxonomy":"product_brand","embeddable":true,"href":"https:\/\/olemosaic.orbitalia.org\/fr\/wp-json\/wp\/v2\/product_brand?post=31067"},{"taxonomy":"product_cat","embeddable":true,"href":"https:\/\/olemosaic.orbitalia.org\/fr\/wp-json\/wp\/v2\/product_cat?post=31067"},{"taxonomy":"product_tag","embeddable":true,"href":"https:\/\/olemosaic.orbitalia.org\/fr\/wp-json\/wp\/v2\/product_tag?post=31067"}],"curies":[{"name":"wp","href":"https:\/\/api.w.org\/{rel}","templated":true}]}}