{"id":31065,"date":"2025-02-20T23:32:52","date_gmt":"2025-02-20T22:32:52","guid":{"rendered":"https:\/\/olemosaic.orbitalia.org\/producto\/iman-de-pvc-panoramica\/"},"modified":"2025-07-25T19:41:48","modified_gmt":"2025-07-25T17:41:48","slug":"aimant-pvc-panoramique","status":"publish","type":"product","link":"https:\/\/olemosaic.orbitalia.org\/fr\/produit\/aimant-pvc-panoramique\/","title":{"rendered":"Aimant en PVC. Panoramique."},"content":{"rendered":"<p>Cet aimant en PVC offre une vue panoramique vibrante de l&rsquo;Espagne, capturant l&rsquo;essence et la diversit\u00e9 culturelle du pays dans un design audacieux et color\u00e9. Avec des lettres formant le mot \u00ab\u00a0ESPA\u00d1A\u00a0\u00bb, chaque caract\u00e8re est orn\u00e9 d&rsquo;\u00e9l\u00e9ments iconiques repr\u00e9sentatifs de la culture espagnole, d&rsquo;un taureau majestueux \u00e0 des guitares, des sc\u00e8nes de la vie quotidienne et des festivit\u00e9s color\u00e9es. L&rsquo;utilisation de techniques d&rsquo;illustration d\u00e9taill\u00e9es et joyeuses donne vie \u00e0 ce produit, en faisant un souvenir m\u00e9morable et attrayant pour tout touriste.<\/p>\n<p>L&rsquo;aimant repr\u00e9sente des moments embl\u00e9matiques de la vie espagnole, comme une guitare \u00e0 c\u00f4t\u00e9 d&rsquo;un patio typique, un verre de vin \u00e9voquant la gastronomie de la r\u00e9gion, et une sc\u00e8ne de danse soulignant la riche tradition du flamenco. Son design pictural en fait non seulement un bel accessoire pour d\u00e9corer les r\u00e9frig\u00e9rateurs ou toute surface m\u00e9tallique, mais il refl\u00e8te \u00e9galement le folklore et la diversit\u00e9 culturelle qui caract\u00e9risent l&rsquo;Espagne.<\/p>\n<p>Chez Ol\u00e9 Mosaic, en tant que grossistes de souvenirs authentiques, nous savons que cet aimant d&rsquo;Espagne est une excellente option pour les boutiques de cadeaux touristiques, car il attire non seulement l&rsquo;attention par son design color\u00e9, mais offre \u00e9galement aux visiteurs un petit morceau de la vibrante culture espagnole, faisant de ce produit un souvenir indispensable.<\/p>\n","protected":false},"excerpt":{"rendered":"<p>Aimant en PVC avec une vue panoramique vibrante de l&rsquo;Espagne, con\u00e7u avec des couleurs vives et des techniques d&rsquo;illustration. Les lettres formant le mot \u00ab\u00a0ESPA\u00d1A\u00a0\u00bb sont d\u00e9cor\u00e9es d&rsquo;\u00e9l\u00e9ments iconiques de la culture espagnole, tels qu&rsquo;un taureau, des guitares et des sc\u00e8nes de la vie quotidienne. Son design pittoresque capture l&rsquo;essence du pays, en faisant un souvenir parfait qui refl\u00e8te la diversit\u00e9 et le folklore espagnol. Id\u00e9al pour d\u00e9corer le r\u00e9frig\u00e9rateur ou comme cadeau.<\/p>\n","protected":false},"featured_media":8831,"template":"","meta":{"_acf_changed":false},"product_brand":[],"product_cat":[697],"product_tag":[],"class_list":{"0":"post-31065","1":"product","2":"type-product","3":"status-publish","4":"has-post-thumbnail","6":"product_cat-aimants","7":"pa_motivo-panoramas","9":"first","10":"instock","11":"shipping-taxable","12":"product-type-simple"},"acf":[],"_links":{"self":[{"href":"https:\/\/olemosaic.orbitalia.org\/fr\/wp-json\/wp\/v2\/product\/31065","targetHints":{"allow":["GET"]}}],"collection":[{"href":"https:\/\/olemosaic.orbitalia.org\/fr\/wp-json\/wp\/v2\/product"}],"about":[{"href":"https:\/\/olemosaic.orbitalia.org\/fr\/wp-json\/wp\/v2\/types\/product"}],"wp:featuredmedia":[{"embeddable":true,"href":"https:\/\/olemosaic.orbitalia.org\/fr\/wp-json\/wp\/v2\/media\/8831"}],"wp:attachment":[{"href":"https:\/\/olemosaic.orbitalia.org\/fr\/wp-json\/wp\/v2\/media?parent=31065"}],"wp:term":[{"taxonomy":"product_brand","embeddable":true,"href":"https:\/\/olemosaic.orbitalia.org\/fr\/wp-json\/wp\/v2\/product_brand?post=31065"},{"taxonomy":"product_cat","embeddable":true,"href":"https:\/\/olemosaic.orbitalia.org\/fr\/wp-json\/wp\/v2\/product_cat?post=31065"},{"taxonomy":"product_tag","embeddable":true,"href":"https:\/\/olemosaic.orbitalia.org\/fr\/wp-json\/wp\/v2\/product_tag?post=31065"}],"curies":[{"name":"wp","href":"https:\/\/api.w.org\/{rel}","templated":true}]}}