{"id":31050,"date":"2025-02-20T22:32:51","date_gmt":"2025-02-20T22:32:51","guid":{"rendered":"https:\/\/olemosaic.orbitalia.org\/producto\/iman-de-pvc-salamandra-alicante\/"},"modified":"2025-07-25T19:07:58","modified_gmt":"2025-07-25T17:07:58","slug":"aimant-pvc-salamandre-alicante","status":"publish","type":"product","link":"https:\/\/olemosaic.orbitalia.org\/fr\/produit\/aimant-pvc-salamandre-alicante\/","title":{"rendered":"Aimant en PVC. Salamandre. Alicante."},"content":{"rendered":"<p>Cet aimant d\u00e9coratif en PVC en forme de salamandre est un charmant souvenir d&rsquo;Alicante qui capture l&rsquo;essence de la r\u00e9gion avec son design vibrant et symbolique. Cet aimant color\u00e9 repr\u00e9sente une salamandre, symbole de la culture m\u00e9diterran\u00e9enne, connue non seulement pour sa beaut\u00e9 stylis\u00e9e, mais aussi pour sa signification dans la mythologie et le folklore local. Les couleurs vives qui ornent la salamandre, avec un magnifique style de mosa\u00efque, \u00e9voquent la riche tradition artistique de la communaut\u00e9, qui c\u00e9l\u00e8bre la chaleur et l&rsquo;\u00e9clat du soleil d&rsquo;Alicante.<\/p>\n<p>Le mot \u00ab\u00a0Alicante\u00a0\u00bb, ing\u00e9nieusement int\u00e9gr\u00e9 au design, ajoute une touche personnelle et distinctive, faisant de cet aimant un souvenir unique et significatif pour ceux qui souhaitent emporter un petit morceau de la r\u00e9gion. Cet article est parfait pour d\u00e9corer n&rsquo;importe quelle surface m\u00e9tallique et sert de rappel constant des exp\u00e9riences et des paysages m\u00e9diterran\u00e9ens qu&rsquo;offre Alicante.<\/p>\n<p>Chez Ol\u00e9 Mosaic, nous proposons cet aimant salamandre dans le cadre de notre s\u00e9lection de souvenirs repr\u00e9sentatifs, id\u00e9aux pour les touristes \u00e0 la recherche de souvenirs authentiques et de qualit\u00e9. Ce produit est une excellente option pour les boutiques de cadeaux touristiques souhaitant proposer des articles qui soulignent l&rsquo;authenticit\u00e9 et la pertinence culturelle d&rsquo;Alicante, se positionnant ainsi comme des grossistes de souvenirs de haute valeur artistique.<\/p>\n","protected":false},"excerpt":{"rendered":"<p>Aimant d\u00e9coratif en PVC en forme de salamandre, un symbole culturel d&rsquo;Alicante. Cet aimant vibrant, con\u00e7u avec des couleurs joyeuses et un style de mosa\u00efque, souligne la forme stylis\u00e9e de l&rsquo;animal. Le mot \u00ab\u00a0Alicante\u00a0\u00bb est int\u00e9gr\u00e9 au design, ajoutant une touche personnelle et distinctive. Parfait pour se souvenir de la chaleur et de la beaut\u00e9 de la r\u00e9gion, cet aimant est id\u00e9al pour d\u00e9corer n&rsquo;importe quelle surface m\u00e9tallique.<\/p>\n","protected":false},"featured_media":12078,"template":"","meta":{"_acf_changed":false},"product_brand":[],"product_cat":[697],"product_tag":[530],"class_list":{"0":"post-31050","1":"product","2":"type-product","3":"status-publish","4":"has-post-thumbnail","6":"product_cat-aimants","7":"product_tag-animaux","8":"pa_ciudad-alicante","9":"pa_motivo-salamandres","10":"pa_pais-espana","12":"first","13":"instock","14":"shipping-taxable","15":"product-type-simple"},"acf":[],"_links":{"self":[{"href":"https:\/\/olemosaic.orbitalia.org\/fr\/wp-json\/wp\/v2\/product\/31050","targetHints":{"allow":["GET"]}}],"collection":[{"href":"https:\/\/olemosaic.orbitalia.org\/fr\/wp-json\/wp\/v2\/product"}],"about":[{"href":"https:\/\/olemosaic.orbitalia.org\/fr\/wp-json\/wp\/v2\/types\/product"}],"wp:featuredmedia":[{"embeddable":true,"href":"https:\/\/olemosaic.orbitalia.org\/fr\/wp-json\/wp\/v2\/media\/12078"}],"wp:attachment":[{"href":"https:\/\/olemosaic.orbitalia.org\/fr\/wp-json\/wp\/v2\/media?parent=31050"}],"wp:term":[{"taxonomy":"product_brand","embeddable":true,"href":"https:\/\/olemosaic.orbitalia.org\/fr\/wp-json\/wp\/v2\/product_brand?post=31050"},{"taxonomy":"product_cat","embeddable":true,"href":"https:\/\/olemosaic.orbitalia.org\/fr\/wp-json\/wp\/v2\/product_cat?post=31050"},{"taxonomy":"product_tag","embeddable":true,"href":"https:\/\/olemosaic.orbitalia.org\/fr\/wp-json\/wp\/v2\/product_tag?post=31050"}],"curies":[{"name":"wp","href":"https:\/\/api.w.org\/{rel}","templated":true}]}}