{"id":31049,"date":"2025-02-20T22:32:51","date_gmt":"2025-02-20T22:32:51","guid":{"rendered":"https:\/\/olemosaic.orbitalia.org\/producto\/iman-de-pvc-casa-batllo\/"},"modified":"2025-07-25T19:04:01","modified_gmt":"2025-07-25T17:04:01","slug":"aimant-pvc-casa-batllo","status":"publish","type":"product","link":"https:\/\/olemosaic.orbitalia.org\/fr\/produit\/aimant-pvc-casa-batllo\/","title":{"rendered":"Aimant en PVC. Casa Batll\u00f3."},"content":{"rendered":"<p>Cet aimant en PVC de l&#8217;embl\u00e9matique Casa Batll\u00f3 est un souvenir vibrant qui capture l&rsquo;essence du chef-d&rsquo;\u0153uvre d&rsquo;Antoni Gaud\u00ed \u00e0 Barcelone. Avec son design color\u00e9 et artistique, il \u00e9voque la fa\u00e7ade iconique du b\u00e2timent, caract\u00e9ris\u00e9e par ses mosa\u00efques ondulantes et ses \u00e9l\u00e9ments floraux refl\u00e9tant la nature et la cr\u00e9ativit\u00e9 propres au modernisme catalan. La forme de l&rsquo;aimant reproduit les c\u00e9l\u00e8bres chemin\u00e9es du b\u00e2timent, qui s&rsquo;\u00e9l\u00e8vent avec \u00e9l\u00e9gance, offrant un d\u00e9tail visuel unique pour tout amateur d&rsquo;architecture.<\/p>\n<p>Fabriqu\u00e9 en PVC de haute qualit\u00e9, ce souvenir est durable et l\u00e9ger, ce qui le rend parfait pour orner votre r\u00e9frig\u00e9rateur ou toute surface m\u00e9tallique. Chaque fois que vous le verrez, vous vous rappellerez l&rsquo;impressionnante beaut\u00e9 architecturale de Barcelone et le g\u00e9nie de Gaud\u00ed, une figure cl\u00e9 de l&rsquo;histoire culturelle de l&rsquo;Espagne. C&rsquo;est un choix parfait pour les touristes \u00e0 la recherche de souvenirs authentiques et significatifs de Barcelone, qui mettent en valeur non seulement l&rsquo;esth\u00e9tique, mais aussi l&rsquo;histoire de la Casa Batll\u00f3.<\/p>\n<p>Chez Ol\u00e9 Mosaic, en tant que distributeurs de souvenirs en gros, nous proposons des produits qui c\u00e9l\u00e8brent la culture et l&rsquo;art de l&rsquo;Espagne. Cet aimant de la Casa Batll\u00f3 est une option id\u00e9ale pour les boutiques de cadeaux touristiques recherchant des articles qui soulignent la richesse patrimoniale du pays.<\/p>\n","protected":false},"excerpt":{"rendered":"<p>Aimant en PVC de l&#8217;embl\u00e9matique Casa Batll\u00f3, un chef-d&rsquo;\u0153uvre de l&rsquo;architecte Antoni Gaud\u00ed \u00e0 Barcelone. Cet aimant attrayant pr\u00e9sente un design vibrant avec des couleurs vives et des \u00e9l\u00e9ments floraux, \u00e9voquant la c\u00e9l\u00e8bre fa\u00e7ade de la maison d\u00e9cor\u00e9e de mosa\u00efques. La forme de l&rsquo;aimant reproduit les chemin\u00e9es embl\u00e9matiques du b\u00e2timent, soulignant son style unique et ondulant. Un souvenir id\u00e9al pour se rem\u00e9morer la beaut\u00e9 architecturale de la ville.<\/p>\n","protected":false},"featured_media":9568,"template":"","meta":{"_acf_changed":false},"product_brand":[],"product_cat":[697],"product_tag":[],"class_list":{"0":"post-31049","1":"product","2":"type-product","3":"status-publish","4":"has-post-thumbnail","6":"product_cat-aimants","7":"pa_motivo-casa-batllo","9":"first","10":"instock","11":"shipping-taxable","12":"product-type-simple"},"acf":[],"_links":{"self":[{"href":"https:\/\/olemosaic.orbitalia.org\/fr\/wp-json\/wp\/v2\/product\/31049","targetHints":{"allow":["GET"]}}],"collection":[{"href":"https:\/\/olemosaic.orbitalia.org\/fr\/wp-json\/wp\/v2\/product"}],"about":[{"href":"https:\/\/olemosaic.orbitalia.org\/fr\/wp-json\/wp\/v2\/types\/product"}],"wp:featuredmedia":[{"embeddable":true,"href":"https:\/\/olemosaic.orbitalia.org\/fr\/wp-json\/wp\/v2\/media\/9568"}],"wp:attachment":[{"href":"https:\/\/olemosaic.orbitalia.org\/fr\/wp-json\/wp\/v2\/media?parent=31049"}],"wp:term":[{"taxonomy":"product_brand","embeddable":true,"href":"https:\/\/olemosaic.orbitalia.org\/fr\/wp-json\/wp\/v2\/product_brand?post=31049"},{"taxonomy":"product_cat","embeddable":true,"href":"https:\/\/olemosaic.orbitalia.org\/fr\/wp-json\/wp\/v2\/product_cat?post=31049"},{"taxonomy":"product_tag","embeddable":true,"href":"https:\/\/olemosaic.orbitalia.org\/fr\/wp-json\/wp\/v2\/product_tag?post=31049"}],"curies":[{"name":"wp","href":"https:\/\/api.w.org\/{rel}","templated":true}]}}