{"id":31047,"date":"2025-02-20T23:32:51","date_gmt":"2025-02-20T22:32:51","guid":{"rendered":"https:\/\/olemosaic.orbitalia.org\/producto\/iman-de-pvc-panoramica-barcelona-3\/"},"modified":"2025-07-25T20:36:10","modified_gmt":"2025-07-25T18:36:10","slug":"aimant-pvc-panoramique-barcelone-3","status":"publish","type":"product","link":"https:\/\/olemosaic.orbitalia.org\/fr\/produit\/aimant-pvc-panoramique-barcelone-3\/","title":{"rendered":"Aimant en PVC. Panoramique. Sagrada Familia. Barcelone."},"content":{"rendered":"<p>Cet aimant en PVC avec une vue panoramique vibrante de Barcelone est un souvenir color\u00e9 et plein de vie qui capture l&rsquo;essence de cette ville m\u00e9diterran\u00e9enne embl\u00e9matique. Le mot \u00ab\u00a0Barcelone\u00a0\u00bb se d\u00e9tache en grandes lettres frappantes, chacune d\u00e9cor\u00e9e d&rsquo;illustrations repr\u00e9sentant des sc\u00e8nes iconiques de la ville, telles que la majestueuse Sagrada Familia, le color\u00e9 Parc G\u00fcell et les paysages anim\u00e9s du port. Son design, peint avec une vari\u00e9t\u00e9 de couleurs vives, souligne non seulement l&rsquo;architecture unique et l&rsquo;ambiance vibrante de Barcelone, mais en fait \u00e9galement un aimant qui attire le regard et \u00e9voque les souvenirs d&rsquo;une visite inoubliable.<\/p>\n<p>Id\u00e9al comme souvenir, cet aimant offre une repr\u00e9sentation visuelle riche en d\u00e9tails, permettant aux voyageurs de ramener chez eux un morceau de la culture catalane. Chaque composant du design refl\u00e8te la chaleur et la cr\u00e9ativit\u00e9 de Barcelone, faisant de cet aimant un excellent choix pour ceux qui recherchent des souvenirs authentiques et repr\u00e9sentatifs. Chez Ol\u00e9 Mosaic, en tant que grossiste de souvenirs, nous sommes fiers de proposer des articles de qualit\u00e9 qui c\u00e9l\u00e8brent la richesse culturelle de l&rsquo;Espagne. Cet aimant de Barcelone est parfait pour les boutiques de cadeaux touristiques souhaitant offrir \u00e0 leurs clients des souvenirs m\u00e9morables capturant la beaut\u00e9 de la ville.<\/p>\n","protected":false},"excerpt":{"rendered":"<p>Aimant en PVC avec une vue panoramique vibrante de Barcelone. Cet aimant attrayant affiche le nom \u00ab\u00a0Barcelone\u00a0\u00bb avec des lettres color\u00e9es illustrant des sc\u00e8nes embl\u00e9matiques de la ville, comme la Sagrada Familia, le Parc G\u00fcell et les paysages anim\u00e9s du port. Son design, peint en plusieurs couleurs, refl\u00e8te l&rsquo;essence culturelle et architecturale de Barcelone, ce qui en fait le souvenir parfait pour les amoureux de cette ville m\u00e9diterran\u00e9enne.<\/p>\n","protected":false},"featured_media":7205,"template":"","meta":{"_acf_changed":false},"product_brand":[],"product_cat":[697],"product_tag":[],"class_list":{"0":"post-31047","1":"product","2":"type-product","3":"status-publish","4":"has-post-thumbnail","6":"product_cat-aimants","7":"pa_ciudad-barcelona","8":"pa_motivo-panoramas","9":"pa_pais-espana","11":"first","12":"instock","13":"shipping-taxable","14":"product-type-simple"},"acf":[],"_links":{"self":[{"href":"https:\/\/olemosaic.orbitalia.org\/fr\/wp-json\/wp\/v2\/product\/31047","targetHints":{"allow":["GET"]}}],"collection":[{"href":"https:\/\/olemosaic.orbitalia.org\/fr\/wp-json\/wp\/v2\/product"}],"about":[{"href":"https:\/\/olemosaic.orbitalia.org\/fr\/wp-json\/wp\/v2\/types\/product"}],"wp:featuredmedia":[{"embeddable":true,"href":"https:\/\/olemosaic.orbitalia.org\/fr\/wp-json\/wp\/v2\/media\/7205"}],"wp:attachment":[{"href":"https:\/\/olemosaic.orbitalia.org\/fr\/wp-json\/wp\/v2\/media?parent=31047"}],"wp:term":[{"taxonomy":"product_brand","embeddable":true,"href":"https:\/\/olemosaic.orbitalia.org\/fr\/wp-json\/wp\/v2\/product_brand?post=31047"},{"taxonomy":"product_cat","embeddable":true,"href":"https:\/\/olemosaic.orbitalia.org\/fr\/wp-json\/wp\/v2\/product_cat?post=31047"},{"taxonomy":"product_tag","embeddable":true,"href":"https:\/\/olemosaic.orbitalia.org\/fr\/wp-json\/wp\/v2\/product_tag?post=31047"}],"curies":[{"name":"wp","href":"https:\/\/api.w.org\/{rel}","templated":true}]}}