{"id":31041,"date":"2025-02-20T23:32:51","date_gmt":"2025-02-20T22:32:51","guid":{"rendered":"https:\/\/olemosaic.orbitalia.org\/producto\/iman-de-pvc-panoramica-barcelona-2\/"},"modified":"2025-07-25T20:24:05","modified_gmt":"2025-07-25T18:24:05","slug":"aimant-pvc-panoramique-barcelone-style-mediterraneen","status":"publish","type":"product","link":"https:\/\/olemosaic.orbitalia.org\/fr\/produit\/aimant-pvc-panoramique-barcelone-style-mediterraneen\/","title":{"rendered":"Aimant en PVC. Panoramique. Style m\u00e9diterran\u00e9en. Barcelone."},"content":{"rendered":"<p>Cet aimant en PVC avec une vue panoramique color\u00e9e de Barcelone est un excellent moyen de ramener chez vous un morceau de la vibrante culture catalane. Le mot \u00ab\u00a0Barcelone\u00a0\u00bb se d\u00e9ploie en lettres stylis\u00e9es, chacune orn\u00e9e d&rsquo;illustrations embl\u00e9matiques de la ville, comme la majestueuse Sagrada Familia et la magnifique mer M\u00e9diterran\u00e9e. Les couleurs vibrantes et les dessins d\u00e9taill\u00e9s \u00e9voquent l&rsquo;\u00e9nergie et la cr\u00e9ativit\u00e9 qui caract\u00e9risent cette ville embl\u00e9matique, en faisant un souvenir inoubliable de votre visite.<\/p>\n<p>La vari\u00e9t\u00e9 des monuments et paysages repr\u00e9sent\u00e9s sur l&rsquo;aimant refl\u00e8te non seulement la richesse architecturale de Barcelone, mais aussi son h\u00e9ritage culturel, des \u0153uvres de Gaud\u00ed \u00e0 ses quartiers color\u00e9s. C&rsquo;est un objet d\u00e9coratif parfait pour toute surface m\u00e9tallique, que ce soit sur le r\u00e9frig\u00e9rateur \u00e0 la maison ou au bureau, vous rappelant continuellement la magie de Barcelone.<\/p>\n<p>Chez Ol\u00e9 Mosaic, nous nous sp\u00e9cialisons dans la distribution de souvenirs en gros, et cet aimant est une option id\u00e9ale pour les boutiques de cadeaux touristiques recherchant des produits authentiques et repr\u00e9sentatifs de la ville. C&rsquo;est un souvenir de Barcelone \u00e0 la fois pratique et esth\u00e9tiquement attrayant, capturant l&rsquo;essence de l&rsquo;une des villes les plus fascinantes au monde. En tant que grossistes de souvenirs, nous garantissons la qualit\u00e9 et l&rsquo;authenticit\u00e9 de chaque produit que nous proposons.<\/p>\n","protected":false},"excerpt":{"rendered":"<p>Aimant en PVC avec une vue panoramique color\u00e9e repr\u00e9sentative de Barcelone. Cet aimant attrayant pr\u00e9sente le mot \u00ab\u00a0Barcelone\u00a0\u00bb en lettres stylis\u00e9es, chacune illustr\u00e9e de monuments et paysages embl\u00e9matiques de la ville, tels que la Sagrada Familia et la mer M\u00e9diterran\u00e9e. Les couleurs vibrantes et les dessins d\u00e9taill\u00e9s capturent l&rsquo;essence culturelle et architecturale de la ville, en faisant un excellent souvenir et un \u00e9l\u00e9ment d\u00e9coratif id\u00e9al pour toute surface m\u00e9tallique.<\/p>\n","protected":false},"featured_media":10391,"template":"","meta":{"_acf_changed":false},"product_brand":[],"product_cat":[697],"product_tag":[],"class_list":{"0":"post-31041","1":"product","2":"type-product","3":"status-publish","4":"has-post-thumbnail","6":"product_cat-aimants","7":"pa_ciudad-barcelona","8":"pa_motivo-panoramas","9":"pa_pais-espana","11":"first","12":"instock","13":"shipping-taxable","14":"product-type-simple"},"acf":[],"_links":{"self":[{"href":"https:\/\/olemosaic.orbitalia.org\/fr\/wp-json\/wp\/v2\/product\/31041","targetHints":{"allow":["GET"]}}],"collection":[{"href":"https:\/\/olemosaic.orbitalia.org\/fr\/wp-json\/wp\/v2\/product"}],"about":[{"href":"https:\/\/olemosaic.orbitalia.org\/fr\/wp-json\/wp\/v2\/types\/product"}],"wp:featuredmedia":[{"embeddable":true,"href":"https:\/\/olemosaic.orbitalia.org\/fr\/wp-json\/wp\/v2\/media\/10391"}],"wp:attachment":[{"href":"https:\/\/olemosaic.orbitalia.org\/fr\/wp-json\/wp\/v2\/media?parent=31041"}],"wp:term":[{"taxonomy":"product_brand","embeddable":true,"href":"https:\/\/olemosaic.orbitalia.org\/fr\/wp-json\/wp\/v2\/product_brand?post=31041"},{"taxonomy":"product_cat","embeddable":true,"href":"https:\/\/olemosaic.orbitalia.org\/fr\/wp-json\/wp\/v2\/product_cat?post=31041"},{"taxonomy":"product_tag","embeddable":true,"href":"https:\/\/olemosaic.orbitalia.org\/fr\/wp-json\/wp\/v2\/product_tag?post=31041"}],"curies":[{"name":"wp","href":"https:\/\/api.w.org\/{rel}","templated":true}]}}