{"id":31040,"date":"2025-02-20T22:32:51","date_gmt":"2025-02-20T22:32:51","guid":{"rendered":"https:\/\/olemosaic.orbitalia.org\/producto\/iman-de-pvc-panoramica-madrid\/"},"modified":"2025-07-25T18:52:25","modified_gmt":"2025-07-25T16:52:25","slug":"aimant-pvc-panoramique-madrid","status":"publish","type":"product","link":"https:\/\/olemosaic.orbitalia.org\/fr\/produit\/aimant-pvc-panoramique-madrid\/","title":{"rendered":"Aimant en PVC. Panoramique. Madrid."},"content":{"rendered":"<p>Cet aimant en PVC, avec une vue panoramique color\u00e9e de Madrid, est la repr\u00e9sentation parfaite de l&rsquo;essence vibrante de la capitale espagnole. Avec le mot \u00ab\u00a0MADRID\u00a0\u00bb mis en avant en grandes lettres frappantes, cet aimant ne d\u00e9core pas seulement n&rsquo;importe quelle surface m\u00e9tallique, mais offre \u00e9galement une exp\u00e9rience visuelle captivante. Chaque lettre est d\u00e9cor\u00e9e d&rsquo;illustrations embl\u00e9matiques, telles que le majestueux Palais de Cyb\u00e8le, le sympathique Ours et l&rsquo;Arbousier, et une \u00e9l\u00e9gante danseuse v\u00eatue de costumes typiques, \u00e9voquant la riche tradition culturelle de la ville.<\/p>\n<p>Les teintes \u00e9clatantes et les d\u00e9tails artistiques, m\u00e9ticuleusement con\u00e7us, refl\u00e8tent un lien profond avec l&rsquo;identit\u00e9 madril\u00e8ne, faisant de cet aimant un souvenir remarquable pour ceux qui souhaitent ramener un petit morceau de Madrid chez eux. L&rsquo;inclusion de monuments embl\u00e9matiques rehausse non seulement sa valeur esth\u00e9tique, mais le transforme \u00e9galement en un souvenir repr\u00e9sentatif qui c\u00e9l\u00e8bre l&rsquo;histoire et l&rsquo;architecture caract\u00e9risant la ville.<\/p>\n<p>Chez Ol\u00e9 Mosaic, nous sommes experts dans la distribution de souvenirs en gros, proposant des produits authentiques qui capturent la culture locale. Cet aimant de Madrid est une excellente option pour les boutiques de cadeaux touristiques recherchant un article alliant art, identit\u00e9 et fonctionnalit\u00e9, id\u00e9al pour les touristes en qu\u00eate de souvenirs m\u00e9morables.<\/p>\n","protected":false},"excerpt":{"rendered":"<p>Aimant en PVC avec une vue panoramique color\u00e9e de Madrid qui capture l&rsquo;essence de la capitale espagnole. Cet aimant vibrant pr\u00e9sente le mot \u00ab\u00a0MADRID\u00a0\u00bb en grandes lettres, d\u00e9cor\u00e9es d&rsquo;illustrations embl\u00e9matiques telles que le Palais de Cyb\u00e8le, l&rsquo;Ours et l&rsquo;Arbousier, et une danseuse en costume de flamenco. Avec ses tons \u00e9clatants et ses d\u00e9tails artistiques, c&rsquo;est un excellent souvenir qui souligne la richesse culturelle et architecturale de Madrid, parfait pour orner toute surface m\u00e9tallique.<\/p>\n","protected":false},"featured_media":8830,"template":"","meta":{"_acf_changed":false},"product_brand":[],"product_cat":[697],"product_tag":[],"class_list":{"0":"post-31040","1":"product","2":"type-product","3":"status-publish","4":"has-post-thumbnail","6":"product_cat-aimants","7":"pa_ciudad-madrid","8":"pa_motivo-panoramas","9":"pa_pais-espana","11":"first","12":"instock","13":"shipping-taxable","14":"product-type-simple"},"acf":[],"_links":{"self":[{"href":"https:\/\/olemosaic.orbitalia.org\/fr\/wp-json\/wp\/v2\/product\/31040","targetHints":{"allow":["GET"]}}],"collection":[{"href":"https:\/\/olemosaic.orbitalia.org\/fr\/wp-json\/wp\/v2\/product"}],"about":[{"href":"https:\/\/olemosaic.orbitalia.org\/fr\/wp-json\/wp\/v2\/types\/product"}],"wp:featuredmedia":[{"embeddable":true,"href":"https:\/\/olemosaic.orbitalia.org\/fr\/wp-json\/wp\/v2\/media\/8830"}],"wp:attachment":[{"href":"https:\/\/olemosaic.orbitalia.org\/fr\/wp-json\/wp\/v2\/media?parent=31040"}],"wp:term":[{"taxonomy":"product_brand","embeddable":true,"href":"https:\/\/olemosaic.orbitalia.org\/fr\/wp-json\/wp\/v2\/product_brand?post=31040"},{"taxonomy":"product_cat","embeddable":true,"href":"https:\/\/olemosaic.orbitalia.org\/fr\/wp-json\/wp\/v2\/product_cat?post=31040"},{"taxonomy":"product_tag","embeddable":true,"href":"https:\/\/olemosaic.orbitalia.org\/fr\/wp-json\/wp\/v2\/product_tag?post=31040"}],"curies":[{"name":"wp","href":"https:\/\/api.w.org\/{rel}","templated":true}]}}