{"id":31037,"date":"2025-02-20T22:32:50","date_gmt":"2025-02-20T22:32:50","guid":{"rendered":"https:\/\/olemosaic.orbitalia.org\/producto\/iman-de-pvc-panoramica-sevilla\/"},"modified":"2025-07-25T20:38:04","modified_gmt":"2025-07-25T18:38:04","slug":"aimant-pvc-panoramique-seville","status":"publish","type":"product","link":"https:\/\/olemosaic.orbitalia.org\/fr\/produit\/aimant-pvc-panoramique-seville\/","title":{"rendered":"Aimant en PVC. Panoramique. S\u00e9ville."},"content":{"rendered":"<p>Cet aimant en PVC avec la vue panoramique de S\u00e9ville est une repr\u00e9sentation vibrante qui invite \u00e0 capturer l&rsquo;essence de cette ville historique espagnole. Avec un design color\u00e9 et attrayant, les lettres formant \u00ab\u00a0S\u00c9VILLE\u00a0\u00bb deviennent une toile mettant en valeur divers monuments embl\u00e9matiques, tels que l&rsquo;imposante Giralda et le majestueux Alc\u00e1zar, ainsi que des illustrations de danseurs de flamenco \u00e9voquant le riche folklore andalou. La gamme de couleurs utilise des tons vifs et joyeux qui attirent le regard, faisant de cet aimant une d\u00e9coration festive id\u00e9ale pour tout r\u00e9frig\u00e9rateur ou espace de travail.<\/p>\n<p>La qualit\u00e9 du PVC garantit que ce souvenir soit durable et r\u00e9sistant, permettant aux souvenirs de S\u00e9ville de perdurer dans le temps. Avec son design panoramique, cet aimant constitue un souvenir parfait pour ceux qui souhaitent rapporter un morceau de cette ville merveilleuse chez eux, et il est particuli\u00e8rement populaire parmi ceux qui recherchent des souvenirs de S\u00e9ville authentiques et repr\u00e9sentatifs.<\/p>\n<p>Chez Ol\u00e9 Mosaic, nous sommes fiers d&rsquo;\u00eatre un distributeur de souvenirs en gros, proposant des produits qui refl\u00e8tent la richesse culturelle de l&rsquo;Espagne. Cet aimant est une excellente option pour les boutiques de cadeaux touristiques \u00e0 la recherche d&rsquo;articles uniques et charg\u00e9s d&rsquo;histoire, garantissant que leurs clients repartent avec un symbole tangible de leur visite.<\/p>\n","protected":false},"excerpt":{"rendered":"<p>Aimant en PVC avec une vue panoramique de S\u00e9ville, dot\u00e9 d&rsquo;un design vibrant qui capture l&rsquo;essence de cette ville historique espagnole. Les lettres de \u00ab\u00a0S\u00c9VILLE\u00a0\u00bb sont compl\u00e9t\u00e9es par des illustrations color\u00e9es de monuments embl\u00e9matiques, tels que la Giralda et l&rsquo;Alc\u00e1zar, ainsi que des \u00e9l\u00e9ments repr\u00e9sentatifs du folklore andalou, comme des danseurs de flamenco. Cet aimant est une d\u00e9coration joyeuse et un excellent souvenir pour ceux qui souhaitent ramener un morceau de S\u00e9ville \u00e0 la maison.<\/p>\n","protected":false},"featured_media":8828,"template":"","meta":{"_acf_changed":false},"product_brand":[],"product_cat":[697],"product_tag":[],"class_list":{"0":"post-31037","1":"product","2":"type-product","3":"status-publish","4":"has-post-thumbnail","6":"product_cat-aimants","7":"pa_ciudad-sevilla","8":"pa_motivo-panoramas","9":"pa_pais-espana","11":"first","12":"instock","13":"shipping-taxable","14":"product-type-simple"},"acf":[],"_links":{"self":[{"href":"https:\/\/olemosaic.orbitalia.org\/fr\/wp-json\/wp\/v2\/product\/31037","targetHints":{"allow":["GET"]}}],"collection":[{"href":"https:\/\/olemosaic.orbitalia.org\/fr\/wp-json\/wp\/v2\/product"}],"about":[{"href":"https:\/\/olemosaic.orbitalia.org\/fr\/wp-json\/wp\/v2\/types\/product"}],"wp:featuredmedia":[{"embeddable":true,"href":"https:\/\/olemosaic.orbitalia.org\/fr\/wp-json\/wp\/v2\/media\/8828"}],"wp:attachment":[{"href":"https:\/\/olemosaic.orbitalia.org\/fr\/wp-json\/wp\/v2\/media?parent=31037"}],"wp:term":[{"taxonomy":"product_brand","embeddable":true,"href":"https:\/\/olemosaic.orbitalia.org\/fr\/wp-json\/wp\/v2\/product_brand?post=31037"},{"taxonomy":"product_cat","embeddable":true,"href":"https:\/\/olemosaic.orbitalia.org\/fr\/wp-json\/wp\/v2\/product_cat?post=31037"},{"taxonomy":"product_tag","embeddable":true,"href":"https:\/\/olemosaic.orbitalia.org\/fr\/wp-json\/wp\/v2\/product_tag?post=31037"}],"curies":[{"name":"wp","href":"https:\/\/api.w.org\/{rel}","templated":true}]}}