{"id":31032,"date":"2025-02-20T23:32:49","date_gmt":"2025-02-20T22:32:49","guid":{"rendered":"https:\/\/olemosaic.orbitalia.org\/producto\/iman-de-metal-sagrada-familia-barcelona-plata-8-cm-9\/"},"modified":"2025-07-25T22:29:16","modified_gmt":"2025-07-25T20:29:16","slug":"aimant-metal-sagrada-familia-barcelone-argent-8-cm-9","status":"publish","type":"product","link":"https:\/\/olemosaic.orbitalia.org\/fr\/produit\/aimant-metal-sagrada-familia-barcelone-argent-8-cm-9\/","title":{"rendered":"Aimant en m\u00e9tal. Mosa\u00efque. Sagrada Familia. Barcelone. Argent. 8 cm."},"content":{"rendered":"<p>Cet aimant m\u00e9tallique, repr\u00e9sentant l&rsquo;iconique Sagrada Familia de Barcelone, est un souvenir incontournable pour ceux qui souhaitent ramener chez eux un morceau de l&rsquo;architecture moderniste catalane. Avec ses 8 cm, l&rsquo;aimant se distingue par son design vibrant, \u00e9voquant le c\u00e9l\u00e8bre style de mosa\u00efque d&rsquo;Antoni Gaud\u00ed, qui a fait de la Sagrada Familia un symbole international de la ville. La repr\u00e9sentation visuelle capture non seulement les tours majestueuses de ce monument embl\u00e9matique, mais aussi les d\u00e9tails architecturaux qui le rendent unique, invitant ceux qui l&rsquo;observent \u00e0 appr\u00e9cier la complexit\u00e9 et la beaut\u00e9 du design.<\/p>\n<p>L&rsquo;utilisation de couleurs vives et joyeuses, associ\u00e9e au style stylis\u00e9 caract\u00e9ristique, fait de cet aimant une pi\u00e8ce d\u00e9corative parfaite pour toute surface m\u00e9tallique, des r\u00e9frig\u00e9rateurs aux tableaux magn\u00e9tiques, ajoutant une touche artistique et culturelle \u00e0 votre int\u00e9rieur. Cet aimant n&rsquo;est pas seulement un souvenir fonctionnel, mais aussi le reflet de la riche histoire et de l&rsquo;h\u00e9ritage artistique de Barcelone, devenant une excellente option pour les touristes \u00e0 la recherche de souvenirs repr\u00e9sentatifs de la cit\u00e9 comtale. Chez Ol\u00e9 Mosaic, en tant que grossistes de souvenirs, nous proposons cet aimant dans le cadre de notre collection exclusive, garantissant authenticit\u00e9 et qualit\u00e9 pour tous les amoureux de la culture espagnole et catalane.<\/p>\n","protected":false},"excerpt":{"rendered":"<p>Aimant m\u00e9tallique repr\u00e9sentant l&rsquo;iconique Sagrada Familia de Barcelone. D&rsquo;une taille de 8 cm, cet aimant se distingue par son design color\u00e9 et vibrant, qui \u00e9mule le style de mosa\u00efque d&rsquo;Antoni Gaud\u00ed. L&rsquo;image capture les tours et les d\u00e9tails architecturaux de ce monument embl\u00e9matique, ajoutant une touche artistique \u00e0 toute surface m\u00e9tallique. Parfait pour se souvenir de votre visite dans la cit\u00e9 comtale, il allie beaut\u00e9 architecturale et fonctionnalit\u00e9 quotidienne.<\/p>\n","protected":false},"featured_media":11385,"template":"","meta":{"_acf_changed":false},"product_brand":[],"product_cat":[697],"product_tag":[],"class_list":{"0":"post-31032","1":"product","2":"type-product","3":"status-publish","4":"has-post-thumbnail","6":"product_cat-aimants","7":"pa_ciudad-barcelona","8":"pa_motivo-sagrada-familia","9":"pa_pais-espana","11":"first","12":"instock","13":"shipping-taxable","14":"product-type-simple"},"acf":[],"_links":{"self":[{"href":"https:\/\/olemosaic.orbitalia.org\/fr\/wp-json\/wp\/v2\/product\/31032","targetHints":{"allow":["GET"]}}],"collection":[{"href":"https:\/\/olemosaic.orbitalia.org\/fr\/wp-json\/wp\/v2\/product"}],"about":[{"href":"https:\/\/olemosaic.orbitalia.org\/fr\/wp-json\/wp\/v2\/types\/product"}],"wp:featuredmedia":[{"embeddable":true,"href":"https:\/\/olemosaic.orbitalia.org\/fr\/wp-json\/wp\/v2\/media\/11385"}],"wp:attachment":[{"href":"https:\/\/olemosaic.orbitalia.org\/fr\/wp-json\/wp\/v2\/media?parent=31032"}],"wp:term":[{"taxonomy":"product_brand","embeddable":true,"href":"https:\/\/olemosaic.orbitalia.org\/fr\/wp-json\/wp\/v2\/product_brand?post=31032"},{"taxonomy":"product_cat","embeddable":true,"href":"https:\/\/olemosaic.orbitalia.org\/fr\/wp-json\/wp\/v2\/product_cat?post=31032"},{"taxonomy":"product_tag","embeddable":true,"href":"https:\/\/olemosaic.orbitalia.org\/fr\/wp-json\/wp\/v2\/product_tag?post=31032"}],"curies":[{"name":"wp","href":"https:\/\/api.w.org\/{rel}","templated":true}]}}