{"id":31015,"date":"2025-02-20T22:32:49","date_gmt":"2025-02-20T22:32:49","guid":{"rendered":"https:\/\/olemosaic.orbitalia.org\/producto\/iman-de-metal-salamandra-barcelona-negro-11-cm\/"},"modified":"2025-07-25T18:54:30","modified_gmt":"2025-07-25T16:54:30","slug":"aimant-metal-salamandre-barcelone-noir-11-cm","status":"publish","type":"product","link":"https:\/\/olemosaic.orbitalia.org\/fr\/produit\/aimant-metal-salamandre-barcelone-noir-11-cm\/","title":{"rendered":"Aimant en m\u00e9tal. Salamandre. Barcelone. Noir. 11 cm."},"content":{"rendered":"<p>Cet aimant m\u00e9tallique repr\u00e9sente une salamandre color\u00e9e, inspir\u00e9e par la culture vibrante de Barcelone, id\u00e9al pour ceux qui recherchent un souvenir authentique de la ville. Avec un design en mosa\u00efque combinant des tons brillants de bleu, vert, rouge et jaune, cet aimant de 11 cm se d\u00e9tache sur un fond noir qui fait ressortir ses couleurs audacieuses, cr\u00e9ant une pi\u00e8ce visuellement percutante. La salamandre, symbole de transformation et de lumi\u00e8re, \u00e9voque la richesse culturelle de Barcelone et son c\u00e9l\u00e8bre ouvrage architectural, le Parc G\u00fcell, o\u00f9 les mosa\u00efques sont une marque distinctive du style d&rsquo;Antoni Gaud\u00ed. Le mot \u00ab\u00a0Barcelona\u00a0\u00bb appara\u00eet en grandes lettres multicolores, compl\u00e9tant la pi\u00e8ce et refl\u00e9tant la joie et l&rsquo;art qui caract\u00e9risent la ville. Cet aimant n&rsquo;est pas seulement un ornement pour le r\u00e9frig\u00e9rateur, mais aussi un souvenir embl\u00e9matique qui capture l&rsquo;essence d&rsquo;un voyage \u00e0 Barcelone.<\/p>\n<p>Chez Ol\u00e9 Mosaic, nous nous consacrons \u00e0 la distribution de souvenirs en gros, et cet aimant de salamandre est une excellente option pour les boutiques de cadeaux touristiques \u00e0 la recherche d&rsquo;articles de qualit\u00e9 et de pertinence culturelle. En tant que grossistes de souvenirs authentiques, nous garantissons que cet aimant sera un attrait pour les touristes souhaitant emporter un morceau de Barcelone.<\/p>\n","protected":false},"excerpt":{"rendered":"<p>Aimant m\u00e9tallique repr\u00e9sentant une salamandre color\u00e9e, inspir\u00e9 par la culture vibrante de Barcelone. Avec un design en mosa\u00efque combinant des tons vifs de bleu, vert, rouge et jaune, cet aimant de 11 cm se d\u00e9tache sur un fond noir qui rehausse ses couleurs audacieuses. Le mot \u00ab\u00a0Barcelona\u00a0\u00bb, en grandes lettres multicolores, compl\u00e8te la pi\u00e8ce, refl\u00e9tant la joie et l&rsquo;art de la ville. Parfait pour d\u00e9corer n&rsquo;importe quel espace et se souvenir de vos voyages.<\/p>\n","protected":false},"featured_media":8789,"template":"","meta":{"_acf_changed":false},"product_brand":[],"product_cat":[697],"product_tag":[530],"class_list":{"0":"post-31015","1":"product","2":"type-product","3":"status-publish","4":"has-post-thumbnail","6":"product_cat-aimants","7":"product_tag-animaux","8":"pa_ciudad-barcelona","9":"pa_motivo-salamandres","10":"pa_pais-espana","12":"first","13":"instock","14":"shipping-taxable","15":"product-type-simple"},"acf":[],"_links":{"self":[{"href":"https:\/\/olemosaic.orbitalia.org\/fr\/wp-json\/wp\/v2\/product\/31015","targetHints":{"allow":["GET"]}}],"collection":[{"href":"https:\/\/olemosaic.orbitalia.org\/fr\/wp-json\/wp\/v2\/product"}],"about":[{"href":"https:\/\/olemosaic.orbitalia.org\/fr\/wp-json\/wp\/v2\/types\/product"}],"wp:featuredmedia":[{"embeddable":true,"href":"https:\/\/olemosaic.orbitalia.org\/fr\/wp-json\/wp\/v2\/media\/8789"}],"wp:attachment":[{"href":"https:\/\/olemosaic.orbitalia.org\/fr\/wp-json\/wp\/v2\/media?parent=31015"}],"wp:term":[{"taxonomy":"product_brand","embeddable":true,"href":"https:\/\/olemosaic.orbitalia.org\/fr\/wp-json\/wp\/v2\/product_brand?post=31015"},{"taxonomy":"product_cat","embeddable":true,"href":"https:\/\/olemosaic.orbitalia.org\/fr\/wp-json\/wp\/v2\/product_cat?post=31015"},{"taxonomy":"product_tag","embeddable":true,"href":"https:\/\/olemosaic.orbitalia.org\/fr\/wp-json\/wp\/v2\/product_tag?post=31015"}],"curies":[{"name":"wp","href":"https:\/\/api.w.org\/{rel}","templated":true}]}}