{"id":31005,"date":"2025-02-20T23:32:48","date_gmt":"2025-02-20T22:32:48","guid":{"rendered":"https:\/\/olemosaic.orbitalia.org\/producto\/iman-de-metal-casa-batllo-barcelona-8-cm-2\/"},"modified":"2025-07-25T20:34:17","modified_gmt":"2025-07-25T18:34:17","slug":"aimant-metal-casa-batllo-barcelone-8-cm-fr","status":"publish","type":"product","link":"https:\/\/olemosaic.orbitalia.org\/fr\/produit\/aimant-metal-casa-batllo-barcelone-8-cm-fr\/","title":{"rendered":"Aimant en m\u00e9tal. Casa Batll\u00f3. Gaud\u00ed. Barcelone. 8 cm."},"content":{"rendered":"<p>Cet aimant m\u00e9tallique repr\u00e9sente l&rsquo;iconique Casa Batll\u00f3 de Barcelone, un chef-d&rsquo;\u0153uvre de l&rsquo;architecte Antoni Gaud\u00ed qui se distingue par son architecture moderniste et son utilisation fascinante de la couleur. D&rsquo;une taille de 8 cm, cet aimant est un adorable souvenir de l&rsquo;un des joyaux architecturaux de la ville. Son design capture le c\u00e9l\u00e8bre trencad\u00eds, une technique de mosa\u00efque utilisant des fragments de c\u00e9ramique aux couleurs vives, cr\u00e9ant une composition visuelle impressionnante. L&rsquo;aimant montre le toit ondul\u00e9 caract\u00e9ristique de la Casa Batll\u00f3, avec des d\u00e9tails rappelant les \u00e9cailles d&rsquo;un dragon, ainsi que les fen\u00eatres ornement\u00e9es qui donnent vie \u00e0 sa fa\u00e7ade.<\/p>\n<p>Le mot \u00ab\u00a0Barcelone\u00a0\u00bb est imprim\u00e9 dans une couleur rouge frappante, apportant une touche vibrante au design et faisant de cet aimant un symbole m\u00e9morable de la ville. Ce souvenir n&rsquo;est pas seulement un excellent cadeau pour les touristes souhaitant emporter un morceau de la culture catalane, mais il repr\u00e9sente \u00e9galement l&rsquo;h\u00e9ritage artistique de Gaud\u00ed, devenant un objet de collection pouvant d\u00e9corer n&rsquo;importe quel r\u00e9frig\u00e9rateur ou tableau. Chez Ol\u00e9 Mosaic, nous nous sp\u00e9cialisons dans la distribution de souvenirs en gros, et cet aimant est une option id\u00e9ale pour les boutiques de cadeaux touristiques \u00e0 la recherche de produits authentiques et culturellement significatifs. N&rsquo;oubliez pas que chaque fois que vous regarderez cet aimant, il \u00e9voquera la beaut\u00e9 et l&rsquo;histoire de Barcelone, en faisant un cadeau parfait pour les amis et la famille.<\/p>\n","protected":false},"excerpt":{"rendered":"<p>Aimant m\u00e9tallique reproduisant l&#8217;embl\u00e9matique Casa Batll\u00f3 de Barcelone, avec un design \u00e9voquant son c\u00e9l\u00e8bre trencad\u00eds. Avec ses 8 cm, cet aimant se distingue par ses couleurs vives et les d\u00e9tails de mosa\u00efque qui caract\u00e9risent le b\u00e2timent, y compris son toit ondul\u00e9 et ses fen\u00eatres ornement\u00e9es. Le mot \u00ab\u00a0Barcelone\u00a0\u00bb appara\u00eet imprim\u00e9 dans une couleur rouge \u00e9clatante, ce qui en fait un souvenir parfait de l&rsquo;architecture moderniste de Gaud\u00ed.<\/p>\n","protected":false},"featured_media":11397,"template":"","meta":{"_acf_changed":false},"product_brand":[],"product_cat":[697],"product_tag":[],"class_list":{"0":"post-31005","1":"product","2":"type-product","3":"status-publish","4":"has-post-thumbnail","6":"product_cat-aimants","7":"pa_ciudad-barcelona","8":"pa_motivo-casa-batllo","9":"pa_pais-espana","11":"first","12":"instock","13":"shipping-taxable","14":"product-type-simple"},"acf":[],"_links":{"self":[{"href":"https:\/\/olemosaic.orbitalia.org\/fr\/wp-json\/wp\/v2\/product\/31005","targetHints":{"allow":["GET"]}}],"collection":[{"href":"https:\/\/olemosaic.orbitalia.org\/fr\/wp-json\/wp\/v2\/product"}],"about":[{"href":"https:\/\/olemosaic.orbitalia.org\/fr\/wp-json\/wp\/v2\/types\/product"}],"wp:featuredmedia":[{"embeddable":true,"href":"https:\/\/olemosaic.orbitalia.org\/fr\/wp-json\/wp\/v2\/media\/11397"}],"wp:attachment":[{"href":"https:\/\/olemosaic.orbitalia.org\/fr\/wp-json\/wp\/v2\/media?parent=31005"}],"wp:term":[{"taxonomy":"product_brand","embeddable":true,"href":"https:\/\/olemosaic.orbitalia.org\/fr\/wp-json\/wp\/v2\/product_brand?post=31005"},{"taxonomy":"product_cat","embeddable":true,"href":"https:\/\/olemosaic.orbitalia.org\/fr\/wp-json\/wp\/v2\/product_cat?post=31005"},{"taxonomy":"product_tag","embeddable":true,"href":"https:\/\/olemosaic.orbitalia.org\/fr\/wp-json\/wp\/v2\/product_tag?post=31005"}],"curies":[{"name":"wp","href":"https:\/\/api.w.org\/{rel}","templated":true}]}}