{"id":31003,"date":"2025-02-20T23:32:48","date_gmt":"2025-02-20T22:32:48","guid":{"rendered":"https:\/\/olemosaic.orbitalia.org\/producto\/iman-de-metal-sagrada-familia-barcelona-plata-8-cm-8\/"},"modified":"2025-07-25T19:50:28","modified_gmt":"2025-07-25T17:50:28","slug":"aimant-metal-sagrada-familia-barcelone-argent-8-cm-fr-2","status":"publish","type":"product","link":"https:\/\/olemosaic.orbitalia.org\/fr\/produit\/aimant-metal-sagrada-familia-barcelone-argent-8-cm-fr-2\/","title":{"rendered":"Aimant en m\u00e9tal. Sagrada Familia. Gaud\u00ed. Barcelone. Argent. 8 cm."},"content":{"rendered":"<p>Cet aimant m\u00e9tallique repr\u00e9sente l&#8217;embl\u00e9matique Sagrada Familia de Barcelone, l&rsquo;un des chefs-d&rsquo;\u0153uvre de l&rsquo;architecte Antoni Gaud\u00ed, et constitue le souvenir parfait pour ceux qui recherchent un souvenir authentique de cette ville magnifique. Avec une taille de 8 cm, l&rsquo;aimant se distingue par sa finition argent\u00e9e qui rehausse l&rsquo;illustration vibrante, o\u00f9 pr\u00e9dominent les tons rouge, bleu, jaune et vert. La repr\u00e9sentation de la Sagrada Familia capture l&rsquo;essence de son architecture unique, avec ses hautes tours et ses d\u00e9tails \u00e9labor\u00e9s qui semblent prendre vie.<\/p>\n<p>Le design complexe montre les fa\u00e7ades color\u00e9es de la basilique, transportant le spectateur dans un parcours visuel \u00e0 travers l&rsquo;impressionnante structure qui est une ic\u00f4ne de Barcelone depuis sa construction. Ce souvenir n&rsquo;est pas seulement un objet d\u00e9coratif, mais un tr\u00e9sor qui \u00e9voque la riche histoire et la culture de la ville, constituant un cadeau id\u00e9al pour ceux qui souhaitent ramener un morceau de Barcelone chez eux.<\/p>\n<p>Chez Ol\u00e9 Mosaic, nous nous sp\u00e9cialisons dans la distribution de souvenirs en gros, et cet aimant de la Sagrada Familia est une excellente option pour les boutiques de cadeaux touristiques \u00e0 la recherche de produits authentiques et de qualit\u00e9. Gr\u00e2ce \u00e0 sa pertinence culturelle et son attrait visuel, cet aimant est un souvenir repr\u00e9sentatif parfait, id\u00e9al pour les touristes qui aspirent \u00e0 capturer la magie de Barcelone.<\/p>\n","protected":false},"excerpt":{"rendered":"<p>Aimant m\u00e9tallique repr\u00e9sentant l&#8217;embl\u00e9matique Sagrada Familia de Barcelone, avec un design color\u00e9 qui met en valeur ses caract\u00e9ristiques architecturales. D&rsquo;une dimension de 8 cm, cet aimant pr\u00e9sente une finition argent\u00e9e et une illustration vibrante avec des d\u00e9tails dans les tons rouge, bleu, jaune et vert. La pi\u00e8ce capture l&rsquo;essence de cette majestueuse basilique, soulignant ses tours et ses formes singuli\u00e8res, ce qui en fait un souvenir id\u00e9al pour \u00e9voquer la beaut\u00e9 de Barcelone.<\/p>\n","protected":false},"featured_media":11373,"template":"","meta":{"_acf_changed":false},"product_brand":[],"product_cat":[697],"product_tag":[],"class_list":{"0":"post-31003","1":"product","2":"type-product","3":"status-publish","4":"has-post-thumbnail","6":"product_cat-aimants","7":"pa_ciudad-barcelona","8":"pa_motivo-sagrada-familia","9":"pa_pais-espana","11":"first","12":"instock","13":"shipping-taxable","14":"product-type-simple"},"acf":[],"_links":{"self":[{"href":"https:\/\/olemosaic.orbitalia.org\/fr\/wp-json\/wp\/v2\/product\/31003","targetHints":{"allow":["GET"]}}],"collection":[{"href":"https:\/\/olemosaic.orbitalia.org\/fr\/wp-json\/wp\/v2\/product"}],"about":[{"href":"https:\/\/olemosaic.orbitalia.org\/fr\/wp-json\/wp\/v2\/types\/product"}],"wp:featuredmedia":[{"embeddable":true,"href":"https:\/\/olemosaic.orbitalia.org\/fr\/wp-json\/wp\/v2\/media\/11373"}],"wp:attachment":[{"href":"https:\/\/olemosaic.orbitalia.org\/fr\/wp-json\/wp\/v2\/media?parent=31003"}],"wp:term":[{"taxonomy":"product_brand","embeddable":true,"href":"https:\/\/olemosaic.orbitalia.org\/fr\/wp-json\/wp\/v2\/product_brand?post=31003"},{"taxonomy":"product_cat","embeddable":true,"href":"https:\/\/olemosaic.orbitalia.org\/fr\/wp-json\/wp\/v2\/product_cat?post=31003"},{"taxonomy":"product_tag","embeddable":true,"href":"https:\/\/olemosaic.orbitalia.org\/fr\/wp-json\/wp\/v2\/product_tag?post=31003"}],"curies":[{"name":"wp","href":"https:\/\/api.w.org\/{rel}","templated":true}]}}