{"id":31002,"date":"2025-02-20T22:32:48","date_gmt":"2025-02-20T22:32:48","guid":{"rendered":"https:\/\/olemosaic.orbitalia.org\/producto\/iman-de-metal-camino-de-santiago-plata-8-cm\/"},"modified":"2025-07-25T18:58:26","modified_gmt":"2025-07-25T16:58:26","slug":"aimant-metal-chemin-compostelle-argent-8-cm","status":"publish","type":"product","link":"https:\/\/olemosaic.orbitalia.org\/fr\/produit\/aimant-metal-chemin-compostelle-argent-8-cm\/","title":{"rendered":"Aimant en m\u00e9tal. Chemin de Compostelle. Argent. 8 cm."},"content":{"rendered":"<p>Cet aimant m\u00e9tallique repr\u00e9sente l&#8217;embl\u00e9matique cath\u00e9drale du Chemin de Compostelle, un symbole reconnu et appr\u00e9ci\u00e9 par les p\u00e8lerins et les touristes qui visitent cette route historique. D&rsquo;une dimension de 8 cm, cet aimant se distingue par sa finition argent\u00e9e brillante et un design simulant un vitrail, \u00e9voquant la majest\u00e9 architecturale de ce monument iconique. Les tons dor\u00e9s chaleureux, associ\u00e9s aux d\u00e9tails vibrants en trencad\u00eds, offrent une vision color\u00e9e et fid\u00e8le de la cath\u00e9drale, immortalisant sa riche ornementation.<\/p>\n<p>Dans la partie sup\u00e9rieure, le texte \u00ab\u00a0CAMINO DE SANTIAGO\u00a0\u00bb ressort avec un style artistique qui compl\u00e8te l&rsquo;image centrale, tandis qu&rsquo;une fl\u00e8che dor\u00e9e, symbole du parcours des p\u00e8lerins, ajoute une touche significative et authentique. Cet aimant ne sert pas seulement d&rsquo;objet d\u00e9coratif attrayant, mais se pr\u00e9sente \u00e9galement comme un souvenir parfait du voyage spirituel et culturel que repr\u00e9sente le Chemin.<\/p>\n<p>Chez Ol\u00e9 Mosaic, nous sommes sp\u00e9cialis\u00e9s dans la distribution de souvenirs en gros, et cet aimant m\u00e9tallique est une excellente option pour les boutiques de cadeaux touristiques souhaitant offrir \u00e0 leurs clients un souvenir tangible de leur exp\u00e9rience \u00e0 Saint-Jacques-de-Compostelle. Misez sur l&rsquo;authenticit\u00e9 et la valeur culturelle de ce produit, id\u00e9al pour ceux qui cherchent \u00e0 ramener un morceau d&rsquo;histoire et de tradition chez eux.<\/p>\n","protected":false},"excerpt":{"rendered":"<p>Aimant m\u00e9tallique repr\u00e9sentant la c\u00e9l\u00e8bre cath\u00e9drale du Chemin de Compostelle, mettant en valeur son architecture iconique. Cet aimant de 8 cm pr\u00e9sente un design color\u00e9 avec une finition argent\u00e9e, simulant un vitrail. Ses tons chauds et ses d\u00e9tails en trencad\u00eds \u00e9voquent le style monumental de Saint-Jacques-de-Compostelle. Il inclut le texte \u00ab\u00a0CAMINO DE SANTIAGO\u00a0\u00bb et une fl\u00e8che symbolisant la route des p\u00e8lerins, ce qui en fait un souvenir parfait de ce sentier embl\u00e9matique.<\/p>\n","protected":false},"featured_media":11195,"template":"","meta":{"_acf_changed":false},"product_brand":[],"product_cat":[697],"product_tag":[],"class_list":{"0":"post-31002","1":"product","2":"type-product","3":"status-publish","4":"has-post-thumbnail","6":"product_cat-aimants","7":"pa_ciudad-santiago-de-compostela","8":"pa_pais-espana","10":"first","11":"instock","12":"shipping-taxable","13":"product-type-simple"},"acf":[],"_links":{"self":[{"href":"https:\/\/olemosaic.orbitalia.org\/fr\/wp-json\/wp\/v2\/product\/31002","targetHints":{"allow":["GET"]}}],"collection":[{"href":"https:\/\/olemosaic.orbitalia.org\/fr\/wp-json\/wp\/v2\/product"}],"about":[{"href":"https:\/\/olemosaic.orbitalia.org\/fr\/wp-json\/wp\/v2\/types\/product"}],"wp:featuredmedia":[{"embeddable":true,"href":"https:\/\/olemosaic.orbitalia.org\/fr\/wp-json\/wp\/v2\/media\/11195"}],"wp:attachment":[{"href":"https:\/\/olemosaic.orbitalia.org\/fr\/wp-json\/wp\/v2\/media?parent=31002"}],"wp:term":[{"taxonomy":"product_brand","embeddable":true,"href":"https:\/\/olemosaic.orbitalia.org\/fr\/wp-json\/wp\/v2\/product_brand?post=31002"},{"taxonomy":"product_cat","embeddable":true,"href":"https:\/\/olemosaic.orbitalia.org\/fr\/wp-json\/wp\/v2\/product_cat?post=31002"},{"taxonomy":"product_tag","embeddable":true,"href":"https:\/\/olemosaic.orbitalia.org\/fr\/wp-json\/wp\/v2\/product_tag?post=31002"}],"curies":[{"name":"wp","href":"https:\/\/api.w.org\/{rel}","templated":true}]}}