{"id":30989,"date":"2025-02-20T22:32:47","date_gmt":"2025-02-20T22:32:47","guid":{"rendered":"https:\/\/olemosaic.orbitalia.org\/producto\/iman-de-metal-bailaora\/"},"modified":"2025-07-25T18:57:16","modified_gmt":"2025-07-25T16:57:16","slug":"aimant-metal-danseuse-flamenco","status":"publish","type":"product","link":"https:\/\/olemosaic.orbitalia.org\/fr\/produit\/aimant-metal-danseuse-flamenco\/","title":{"rendered":"Aimant en m\u00e9tal. Danseuse de flamenco."},"content":{"rendered":"<p>Cet aimant m\u00e9tallique repr\u00e9sentant une danseuse de flamenco (bailaora) est un hommage vibrant au riche patrimoine culturel de l&rsquo;Espagne, en particulier de l&rsquo;Andalousie. Avec un design artistique rehauss\u00e9 par une finition brillante, chaque d\u00e9tail capture l&rsquo;essence du flamenco, une danse pleine de passion et d&rsquo;expression. La danseuse, v\u00eatue d&rsquo;un costume \u00e0 volants spectaculaire, est repr\u00e9sent\u00e9e dans un mouvement dynamique qui \u00e9voque l&rsquo;\u00e9nergie de la danse. Les couleurs utilis\u00e9es dans l&rsquo;aimant \u2014 rouge, bleu, vert et jaune \u2014 sont une c\u00e9l\u00e9bration de la culture espagnole, et chaque teinte souligne la joie et l&rsquo;intensit\u00e9 qui caract\u00e9risent cette manifestation artistique.<\/p>\n<p>La base de l&rsquo;aimant comprend l&rsquo;inscription \u00ab\u00a0ESPA\u00d1A\u00a0\u00bb, qui ajoute non seulement une touche authentique, mais en fait \u00e9galement un souvenir parfait pour ceux qui visitent le pays. Ce souvenir n&rsquo;est pas seulement un objet d\u00e9coratif ; c&rsquo;est une ic\u00f4ne que l&rsquo;on peut ramener chez soi comme un rappel tangible de la beaut\u00e9 du flamenco et des traditions espagnoles. Chez Ol\u00e9 Mosaic, nous proposons cet aimant de danseuse dans le cadre de notre collection exclusive de souvenirs en gros, id\u00e9al pour les boutiques de cadeaux touristiques \u00e0 la recherche de produits authentiques et culturels. Cet aimant ne captivera pas seulement les touristes, mais servira \u00e9galement d&rsquo;excellente option de merchandising pour attirer l&rsquo;int\u00e9r\u00eat des amateurs de culture espagnole.<\/p>\n","protected":false},"excerpt":{"rendered":"<p>Aimant en m\u00e9tal repr\u00e9sentant une danseuse de flamenco espagnole, figure embl\u00e9matique de la culture andalouse. Ce design color\u00e9 se distingue par sa finition brillante et ses motifs d\u00e9coratifs vibrants dans les tons rouge, bleu, vert et jaune, \u00e9voquant la passion et l&rsquo;\u00e9nergie de la danse flamenco. La danseuse porte un costume \u00e0 volants qui souligne son mouvement, et l&rsquo;inscription \u00ab\u00a0ESPA\u00d1A\u00a0\u00bb appara\u00eet \u00e0 la base, ce qui en fait un souvenir parfait du riche patrimoine culturel espagnol.<\/p>\n","protected":false},"featured_media":6638,"template":"","meta":{"_acf_changed":false},"product_brand":[],"product_cat":[697],"product_tag":[],"class_list":{"0":"post-30989","1":"product","2":"type-product","3":"status-publish","4":"has-post-thumbnail","6":"product_cat-aimants","7":"pa_motivo-danseurs","9":"first","10":"instock","11":"shipping-taxable","12":"product-type-simple"},"acf":[],"_links":{"self":[{"href":"https:\/\/olemosaic.orbitalia.org\/fr\/wp-json\/wp\/v2\/product\/30989","targetHints":{"allow":["GET"]}}],"collection":[{"href":"https:\/\/olemosaic.orbitalia.org\/fr\/wp-json\/wp\/v2\/product"}],"about":[{"href":"https:\/\/olemosaic.orbitalia.org\/fr\/wp-json\/wp\/v2\/types\/product"}],"wp:featuredmedia":[{"embeddable":true,"href":"https:\/\/olemosaic.orbitalia.org\/fr\/wp-json\/wp\/v2\/media\/6638"}],"wp:attachment":[{"href":"https:\/\/olemosaic.orbitalia.org\/fr\/wp-json\/wp\/v2\/media?parent=30989"}],"wp:term":[{"taxonomy":"product_brand","embeddable":true,"href":"https:\/\/olemosaic.orbitalia.org\/fr\/wp-json\/wp\/v2\/product_brand?post=30989"},{"taxonomy":"product_cat","embeddable":true,"href":"https:\/\/olemosaic.orbitalia.org\/fr\/wp-json\/wp\/v2\/product_cat?post=30989"},{"taxonomy":"product_tag","embeddable":true,"href":"https:\/\/olemosaic.orbitalia.org\/fr\/wp-json\/wp\/v2\/product_tag?post=30989"}],"curies":[{"name":"wp","href":"https:\/\/api.w.org\/{rel}","templated":true}]}}