{"id":30969,"date":"2025-02-20T23:32:47","date_gmt":"2025-02-20T22:32:47","guid":{"rendered":"https:\/\/olemosaic.orbitalia.org\/producto\/iman-de-metal-panoramica-barcelona-8-cm-12\/"},"modified":"2025-07-25T23:34:04","modified_gmt":"2025-07-25T21:34:04","slug":"aimant-metal-panoramique-barcelone-8-cm-12","status":"publish","type":"product","link":"https:\/\/olemosaic.orbitalia.org\/fr\/produit\/aimant-metal-panoramique-barcelone-8-cm-12\/","title":{"rendered":"Aimant en m\u00e9tal. Panoramique. Monument \u00e0 Colomb. I \u2665 Barcelona. Barcelone. 8 cm."},"content":{"rendered":"<p>Cet aimant m\u00e9tallique pr\u00e9sente une vue panoramique vibrante de Barcelone, capturant l&rsquo;essence de cette ville m\u00e9diterran\u00e9enne embl\u00e9matique dans un format de 8 cm. Son design ing\u00e9nieux inclut des \u00e9l\u00e9ments reconnaissables tels que la majestueuse Sagrada Familia, la c\u00e9l\u00e8bre colonne de Colomb et le style mosa\u00efque color\u00e9 qui donne vie aux paysages urbains de Barcelone. La phrase \u00ab\u00a0I \u2665 Barcelona\u00a0\u00bb se d\u00e9tache en haut, symbolisant l&rsquo;amour que beaucoup ressentent pour cette ville pleine d&rsquo;art, de culture et de vie.<\/p>\n<p>Les tons vifs de bleu, vert et rouge ajoutent non seulement une touche artistique \u00e0 la pi\u00e8ce, mais \u00e9voquent \u00e9galement l&rsquo;atmosph\u00e8re joyeuse et vibrante qui caract\u00e9rise Barcelone. Cet aimant est un souvenir parfait qui servira de rappel de l&rsquo;exp\u00e9rience v\u00e9cue dans cette destination touristique, c\u00e9l\u00e8bre pour son architecture moderniste et sa riche histoire culturelle.<\/p>\n<p>Chez Ol\u00e9 Mosaic, nous proposons cet aimant comme une option id\u00e9ale pour les boutiques de cadeaux touristiques, fournissant des souvenirs de haute qualit\u00e9 qui refl\u00e8tent l&rsquo;authenticit\u00e9 et le charme de Barcelone. Cet aimant panoramique n&rsquo;est pas seulement un accessoire d\u00e9coratif, mais aussi un t\u00e9moignage de l&rsquo;amour et de l&rsquo;admiration que cette ville inspire aux visiteurs, ce qui en fait un excellent article pour ceux qui recherchent des souvenirs repr\u00e9sentatifs de leur voyage. Avec nous, en tant que distributeurs de souvenirs, vous pouvez assurer la satisfaction de vos clients en proposant des produits authentiques qui mettent en valeur la beaut\u00e9 et la singularit\u00e9 de Barcelone.<\/p>\n","protected":false},"excerpt":{"rendered":"<p>Aimant en m\u00e9tal avec une vue panoramique vibrante de Barcelone, de 8 cm. Le design inclut des \u00e9l\u00e9ments iconiques comme la Sagrada Familia et la colonne de Colomb, le tout dans un style mosa\u00efque color\u00e9. La phrase \u00ab\u00a0I \u2665 Barcelona\u00a0\u00bb se d\u00e9tache en haut, capturant l&rsquo;essence de la ville. Les tons vifs de bleu, vert et rouge lui donnent une touche artistique, id\u00e9ale pour se souvenir de votre visite dans cette ville m\u00e9diterran\u00e9enne passionnante.<\/p>\n","protected":false},"featured_media":11419,"template":"","meta":{"_acf_changed":false},"product_brand":[],"product_cat":[697],"product_tag":[],"class_list":{"0":"post-30969","1":"product","2":"type-product","3":"status-publish","4":"has-post-thumbnail","6":"product_cat-aimants","7":"pa_ciudad-barcelona","8":"pa_motivo-panoramas","9":"pa_pais-espana","11":"first","12":"instock","13":"shipping-taxable","14":"product-type-simple"},"acf":[],"_links":{"self":[{"href":"https:\/\/olemosaic.orbitalia.org\/fr\/wp-json\/wp\/v2\/product\/30969","targetHints":{"allow":["GET"]}}],"collection":[{"href":"https:\/\/olemosaic.orbitalia.org\/fr\/wp-json\/wp\/v2\/product"}],"about":[{"href":"https:\/\/olemosaic.orbitalia.org\/fr\/wp-json\/wp\/v2\/types\/product"}],"wp:featuredmedia":[{"embeddable":true,"href":"https:\/\/olemosaic.orbitalia.org\/fr\/wp-json\/wp\/v2\/media\/11419"}],"wp:attachment":[{"href":"https:\/\/olemosaic.orbitalia.org\/fr\/wp-json\/wp\/v2\/media?parent=30969"}],"wp:term":[{"taxonomy":"product_brand","embeddable":true,"href":"https:\/\/olemosaic.orbitalia.org\/fr\/wp-json\/wp\/v2\/product_brand?post=30969"},{"taxonomy":"product_cat","embeddable":true,"href":"https:\/\/olemosaic.orbitalia.org\/fr\/wp-json\/wp\/v2\/product_cat?post=30969"},{"taxonomy":"product_tag","embeddable":true,"href":"https:\/\/olemosaic.orbitalia.org\/fr\/wp-json\/wp\/v2\/product_tag?post=30969"}],"curies":[{"name":"wp","href":"https:\/\/api.w.org\/{rel}","templated":true}]}}