{"id":30967,"date":"2025-02-20T22:32:46","date_gmt":"2025-02-20T22:32:46","guid":{"rendered":"https:\/\/olemosaic.orbitalia.org\/producto\/iman-de-metal-panoramica-sevilla-plata-8-cm\/"},"modified":"2025-07-25T20:29:53","modified_gmt":"2025-07-25T18:29:53","slug":"aimant-metal-panoramique-seville-argent-8-cm","status":"publish","type":"product","link":"https:\/\/olemosaic.orbitalia.org\/fr\/produit\/aimant-metal-panoramique-seville-argent-8-cm\/","title":{"rendered":"Aimant en m\u00e9tal. Panoramique. S\u00e9ville. Argent. 8 cm."},"content":{"rendered":"<p>Cet aimant m\u00e9tallique pr\u00e9sente une vue panoramique vibrante de S\u00e9ville, avec une taille id\u00e9ale de 8 cm, parfaite pour d\u00e9corer n&rsquo;importe quelle surface m\u00e9tallique. Son design captivant s&rsquo;inspire des mosa\u00efques color\u00e9es andalouses, mettant en valeur les monuments les plus embl\u00e9matiques de la ville, tels que la majestueuse Giralda et l&rsquo;impressionnant Alc\u00e1zar, symboles du riche h\u00e9ritage culturel s\u00e9villan. Les d\u00e9tails m\u00e9ticuleusement \u00e9labor\u00e9s sur l&rsquo;aimant montrent la beaut\u00e9 architecturale de ces ic\u00f4nes, entour\u00e9es de palmiers qui apportent une touche chaleureuse et tropicale \u00e0 l&rsquo;ensemble.<\/p>\n<p>Le fond aux couleurs \u00e9clatantes combine une palette joyeuse et dynamique avec un texte en \u00e9vidence soulignant le mot \u00ab SEVILLA \u00bb, faisant de cet aimant un souvenir repr\u00e9sentatif et attrayant. La qualit\u00e9 du m\u00e9tal utilis\u00e9 garantit sa durabilit\u00e9, assurant que ce souvenir conserve sa splendeur au fil du temps. C&rsquo;est le souvenir id\u00e9al pour les touristes qui souhaitent ramener chez eux un morceau de la beaut\u00e9 s\u00e9villane, capturant l&rsquo;essence du style de vie vibrant de la ville.<\/p>\n<p>Chez Ol\u00e9 Mosaic, nous nous sp\u00e9cialisons dans la distribution de souvenirs en gros qui refl\u00e8tent l&rsquo;authenticit\u00e9 culturelle de l&rsquo;Espagne. Cet aimant panoramique de S\u00e9ville est une excellente option pour les boutiques de cadeaux touristiques \u00e0 la recherche d&rsquo;articles de qualit\u00e9, uniques et m\u00e9morables. Ne manquez pas l&rsquo;opportunit\u00e9 d&rsquo;offrir \u00e0 vos clients un souvenir qui c\u00e9l\u00e8bre la richesse de la culture andalouse.<\/p>\n","protected":false},"excerpt":{"rendered":"<p>Aimant m\u00e9tallique avec une vue panoramique vibrante de S\u00e9ville, de 8 cm. Cet aimant attrayant pr\u00e9sente un design inspir\u00e9 des mosa\u00efques color\u00e9es andalouses, avec des monuments embl\u00e9matiques tels que la Giralda et l&rsquo;Alc\u00e1zar. D\u00e9cor\u00e9 d&rsquo;un fond aux couleurs vives et du mot \u00ab\u00a0SEVILLA\u00a0\u00bb en grand, il capture l&rsquo;essence du patrimoine culturel de la ville. Un souvenir id\u00e9al pour se rappeler la beaut\u00e9 s\u00e9villane ou pour d\u00e9corer n&rsquo;importe quelle surface m\u00e9tallique.<\/p>\n","protected":false},"featured_media":12819,"template":"","meta":{"_acf_changed":false},"product_brand":[],"product_cat":[697],"product_tag":[],"class_list":{"0":"post-30967","1":"product","2":"type-product","3":"status-publish","4":"has-post-thumbnail","6":"product_cat-aimants","7":"pa_ciudad-sevilla","8":"pa_motivo-panoramas","9":"pa_pais-espana","11":"first","12":"instock","13":"shipping-taxable","14":"product-type-simple"},"acf":[],"_links":{"self":[{"href":"https:\/\/olemosaic.orbitalia.org\/fr\/wp-json\/wp\/v2\/product\/30967","targetHints":{"allow":["GET"]}}],"collection":[{"href":"https:\/\/olemosaic.orbitalia.org\/fr\/wp-json\/wp\/v2\/product"}],"about":[{"href":"https:\/\/olemosaic.orbitalia.org\/fr\/wp-json\/wp\/v2\/types\/product"}],"wp:featuredmedia":[{"embeddable":true,"href":"https:\/\/olemosaic.orbitalia.org\/fr\/wp-json\/wp\/v2\/media\/12819"}],"wp:attachment":[{"href":"https:\/\/olemosaic.orbitalia.org\/fr\/wp-json\/wp\/v2\/media?parent=30967"}],"wp:term":[{"taxonomy":"product_brand","embeddable":true,"href":"https:\/\/olemosaic.orbitalia.org\/fr\/wp-json\/wp\/v2\/product_brand?post=30967"},{"taxonomy":"product_cat","embeddable":true,"href":"https:\/\/olemosaic.orbitalia.org\/fr\/wp-json\/wp\/v2\/product_cat?post=30967"},{"taxonomy":"product_tag","embeddable":true,"href":"https:\/\/olemosaic.orbitalia.org\/fr\/wp-json\/wp\/v2\/product_tag?post=30967"}],"curies":[{"name":"wp","href":"https:\/\/api.w.org\/{rel}","templated":true}]}}