{"id":30966,"date":"2025-02-20T22:32:46","date_gmt":"2025-02-20T22:32:46","guid":{"rendered":"https:\/\/olemosaic.orbitalia.org\/producto\/iman-de-metal-panoramica-madrid-plata-8-cm\/"},"modified":"2025-07-25T20:06:09","modified_gmt":"2025-07-25T18:06:09","slug":"aimant-en-metal-panoramique-madrid-argent-8-cm","status":"publish","type":"product","link":"https:\/\/olemosaic.orbitalia.org\/fr\/produit\/aimant-en-metal-panoramique-madrid-argent-8-cm\/","title":{"rendered":"Aimant en m\u00e9tal. Panoramique. Madrid. Argent. 8 cm."},"content":{"rendered":"<p>Cet aimant m\u00e9tallique pr\u00e9sente une vue panoramique captivante en mosa\u00efque de Madrid, avec l&#8217;embl\u00e9matique Porte d&rsquo;Alcal\u00e1 comme protagoniste. Avec ses 8 cm, c&rsquo;est le souvenir parfait pour les amateurs de souvenirs authentiques. Son design artistique combine des couleurs vibrantes qui capturent l&rsquo;essence dynamique de la capitale espagnole. Le mot \u00ab\u00a0MADRID\u00a0\u00bb se d\u00e9tache en grandes lettres frappantes, compl\u00e9tant la repr\u00e9sentation architecturale color\u00e9e et apportant une touche moderne \u00e0 la pi\u00e8ce.<\/p>\n<p>La Porte d&rsquo;Alcal\u00e1, l&rsquo;un des monuments les plus embl\u00e9matiques de Madrid, se dresse comme un symbole d&rsquo;histoire et de culture, rappelant aux visiteurs le riche h\u00e9ritage de la ville. Cet aimant n&rsquo;est pas seulement un accessoire d\u00e9coratif id\u00e9al pour la maison, mais aussi un souvenir repr\u00e9sentatif d&rsquo;une visite m\u00e9morable \u00e0 Madrid, encapsulant l&rsquo;esprit de la ville dans une petite \u0153uvre d&rsquo;art.<\/p>\n<p>Chez Ol\u00e9 Mosaic, nous nous sp\u00e9cialisons dans la distribution en gros de souvenirs, offrant des produits uniques qui se distinguent par leur artisanat et leur pertinence culturelle. Cet aimant de la Porte d&rsquo;Alcal\u00e1 est une excellente option pour les boutiques de cadeaux touristiques qui recherchent des souvenirs authentiques et de qualit\u00e9, fusionnant tradition et modernit\u00e9 dans chaque d\u00e9tail. En tant que grossistes de souvenirs, nous garantissons que chaque pi\u00e8ce est un reflet fid\u00e8le de la richesse culturelle madril\u00e8ne.<\/p>\n","protected":false},"excerpt":{"rendered":"<p>Aimant m\u00e9tallique avec une vue panoramique color\u00e9e de Madrid repr\u00e9sentant la c\u00e9l\u00e8bre Porte d&rsquo;Alcal\u00e1 dans un style mosa\u00efque vibrant. D&rsquo;une taille de 8 cm, cet aimant se distingue par son design artistique et ses d\u00e9tails soign\u00e9s, combinant des couleurs brillantes qui capturent l&rsquo;essence de la ville. Le mot \u00ab\u00a0MADRID\u00a0\u00bb est pr\u00e9sent\u00e9 en grandes lettres frappantes, compl\u00e9tant la sc\u00e8ne avec une touche moderne, id\u00e9al pour se souvenir de votre visite dans la capitale espagnole.<\/p>\n","protected":false},"featured_media":9889,"template":"","meta":{"_acf_changed":false},"product_brand":[],"product_cat":[697],"product_tag":[],"class_list":{"0":"post-30966","1":"product","2":"type-product","3":"status-publish","4":"has-post-thumbnail","6":"product_cat-aimants","7":"pa_ciudad-madrid","8":"pa_motivo-panoramas","9":"pa_pais-espana","11":"first","12":"instock","13":"shipping-taxable","14":"product-type-simple"},"acf":[],"_links":{"self":[{"href":"https:\/\/olemosaic.orbitalia.org\/fr\/wp-json\/wp\/v2\/product\/30966","targetHints":{"allow":["GET"]}}],"collection":[{"href":"https:\/\/olemosaic.orbitalia.org\/fr\/wp-json\/wp\/v2\/product"}],"about":[{"href":"https:\/\/olemosaic.orbitalia.org\/fr\/wp-json\/wp\/v2\/types\/product"}],"wp:featuredmedia":[{"embeddable":true,"href":"https:\/\/olemosaic.orbitalia.org\/fr\/wp-json\/wp\/v2\/media\/9889"}],"wp:attachment":[{"href":"https:\/\/olemosaic.orbitalia.org\/fr\/wp-json\/wp\/v2\/media?parent=30966"}],"wp:term":[{"taxonomy":"product_brand","embeddable":true,"href":"https:\/\/olemosaic.orbitalia.org\/fr\/wp-json\/wp\/v2\/product_brand?post=30966"},{"taxonomy":"product_cat","embeddable":true,"href":"https:\/\/olemosaic.orbitalia.org\/fr\/wp-json\/wp\/v2\/product_cat?post=30966"},{"taxonomy":"product_tag","embeddable":true,"href":"https:\/\/olemosaic.orbitalia.org\/fr\/wp-json\/wp\/v2\/product_tag?post=30966"}],"curies":[{"name":"wp","href":"https:\/\/api.w.org\/{rel}","templated":true}]}}