{"id":30953,"date":"2025-02-20T23:32:45","date_gmt":"2025-02-20T22:32:45","guid":{"rendered":"https:\/\/olemosaic.orbitalia.org\/producto\/iman-de-metal-panoramica-sevilla-8-cm-2\/"},"modified":"2025-07-25T18:41:09","modified_gmt":"2025-07-25T16:41:09","slug":"aimant-en-metal-panoramique-seville-8-cm-2","status":"publish","type":"product","link":"https:\/\/olemosaic.orbitalia.org\/fr\/produit\/aimant-en-metal-panoramique-seville-8-cm-2\/","title":{"rendered":"Aimant en m\u00e9tal. Panoramique. Giralda. S\u00e9ville. 8 cm."},"content":{"rendered":"<p>Cet aimant m\u00e9tallique offre une vue panoramique vibrante de S\u00e9ville, devenant un souvenir incontournable pour ceux qui souhaitent emporter un petit morceau de cette ville andalouse historique. Avec des dimensions de 8 cm, l&rsquo;aimant pr\u00e9sente une repr\u00e9sentation artistique exceptionnelle, mettant en valeur l&#8217;embl\u00e9matique Giralda et l&rsquo;architecture reconnaissable de S\u00e9ville. Son design en mosa\u00efque, qui combine des tons bleus, jaunes et rouges, capture l&rsquo;essence du paysage urbain de S\u00e9ville, plein de couleur et de vie. Le mot \u00ab\u00a0S\u00c9VILLE\u00a0\u00bb couronne l&rsquo;image, renfor\u00e7ant son attrait et faisant de cet aimant un objet non seulement d\u00e9coratif, mais aussi informatif.<\/p>\n<p>Ce souvenir est parfait pour les touristes \u00e0 la recherche d&rsquo;une mani\u00e8re authentique de se souvenir de leur visite dans cette ville charg\u00e9e d&rsquo;histoire et de culture. S\u00e9ville, connue pour son riche h\u00e9ritage flamenco et son impressionnant patrimoine architectural, trouve dans cet aimant une repr\u00e9sentation qui c\u00e9l\u00e8bre sa beaut\u00e9 unique. En tant que distributeurs de souvenirs en gros, chez Ol\u00e9 Mosaic, nous proposons cet aimant de S\u00e9ville comme une excellente option pour les boutiques de cadeaux touristiques, garantissant l&rsquo;authenticit\u00e9 et la qualit\u00e9 de chaque pi\u00e8ce. Un aimant qui non seulement orne le r\u00e9frig\u00e9rateur, mais transporte \u00e9galement ceux qui le contemplent dans les rues chaleureuses de S\u00e9ville.<\/p>\n","protected":false},"excerpt":{"rendered":"<p>Aimant m\u00e9tallique avec une vue panoramique vibrante de S\u00e9ville, de 8 cm. Cet aimant color\u00e9 pr\u00e9sente une repr\u00e9sentation artistique de la ville, mettant en valeur la c\u00e9l\u00e8bre Giralda et l&rsquo;architecture andalouse dans un design de mosa\u00efques combinant des tons bleus, jaunes et rouges. Le mot \u00ab\u00a0S\u00c9VILLE\u00a0\u00bb figure sur la partie sup\u00e9rieure, ajoutant une touche distinctive et attrayante. C&rsquo;est un souvenir parfait qui capture l&rsquo;essence et le charme de cette ville historique.<\/p>\n","protected":false},"featured_media":12821,"template":"","meta":{"_acf_changed":false},"product_brand":[],"product_cat":[697],"product_tag":[],"class_list":{"0":"post-30953","1":"product","2":"type-product","3":"status-publish","4":"has-post-thumbnail","6":"product_cat-aimants","7":"pa_ciudad-sevilla","8":"pa_motivo-panoramas","9":"pa_pais-espana","11":"first","12":"instock","13":"shipping-taxable","14":"product-type-simple"},"acf":[],"_links":{"self":[{"href":"https:\/\/olemosaic.orbitalia.org\/fr\/wp-json\/wp\/v2\/product\/30953","targetHints":{"allow":["GET"]}}],"collection":[{"href":"https:\/\/olemosaic.orbitalia.org\/fr\/wp-json\/wp\/v2\/product"}],"about":[{"href":"https:\/\/olemosaic.orbitalia.org\/fr\/wp-json\/wp\/v2\/types\/product"}],"wp:featuredmedia":[{"embeddable":true,"href":"https:\/\/olemosaic.orbitalia.org\/fr\/wp-json\/wp\/v2\/media\/12821"}],"wp:attachment":[{"href":"https:\/\/olemosaic.orbitalia.org\/fr\/wp-json\/wp\/v2\/media?parent=30953"}],"wp:term":[{"taxonomy":"product_brand","embeddable":true,"href":"https:\/\/olemosaic.orbitalia.org\/fr\/wp-json\/wp\/v2\/product_brand?post=30953"},{"taxonomy":"product_cat","embeddable":true,"href":"https:\/\/olemosaic.orbitalia.org\/fr\/wp-json\/wp\/v2\/product_cat?post=30953"},{"taxonomy":"product_tag","embeddable":true,"href":"https:\/\/olemosaic.orbitalia.org\/fr\/wp-json\/wp\/v2\/product_tag?post=30953"}],"curies":[{"name":"wp","href":"https:\/\/api.w.org\/{rel}","templated":true}]}}