{"id":30939,"date":"2025-02-20T23:32:44","date_gmt":"2025-02-20T22:32:44","guid":{"rendered":"https:\/\/olemosaic.orbitalia.org\/producto\/iman-de-metal-panoramica-lisboa-8-cm-3\/"},"modified":"2025-07-25T19:06:21","modified_gmt":"2025-07-25T17:06:21","slug":"aimant-metal-panoramique-lisbonne-8-cm-fr","status":"publish","type":"product","link":"https:\/\/olemosaic.orbitalia.org\/fr\/produit\/aimant-metal-panoramique-lisbonne-8-cm-fr\/","title":{"rendered":"Aimant en m\u00e9tal. Panoramique. Tramway jaune. Lisbonne. 8 cm."},"content":{"rendered":"<p>Cet aimant m\u00e9tallique est un charmant souvenir de Lisbonne, id\u00e9al pour ceux qui souhaitent emporter un morceau authentique de cette vibrante ville portugaise. D&rsquo;une taille de 8 cm, il pr\u00e9sente une vue panoramique captivante montrant le c\u00e9l\u00e8bre tramway jaune, un symbole embl\u00e9matique qui parcourt les rues color\u00e9es de la capitale portugaise. L&rsquo;illustration comprend des maisons aux toits de tuiles rouges, un trait distinctif de l&rsquo;architecture lisbo\u00e8te, ainsi que des d\u00e9tails \u00e9voquant la vie quotidienne et l&rsquo;ambiance joyeuse de la ville. Le texte \u00ab\u00a0LISBOA\u00a0\u00bb, en lettres blanches, ressort sur un fond bleu profond, compl\u00e9t\u00e9 par un cadre d\u00e9coratif inspir\u00e9 des azulejos traditionnels portugais, qui ajoutent une touche d&rsquo;authenticit\u00e9 et de culture au design. Cet aimant n&rsquo;est pas seulement un objet d\u00e9coratif, il repr\u00e9sente l&rsquo;essence de Lisbonne, parfait pour ceux qui recherchent des souvenirs capturant l&rsquo;\u00e2me de la ville.<\/p>\n<p>Ol\u00e9 Mosaic se sp\u00e9cialise dans la distribution en gros de souvenirs, et cet aimant m\u00e9tallique est une excellente option pour les boutiques de cadeaux touristiques souhaitant proposer des produits repr\u00e9sentatifs de Lisbonne. Gr\u00e2ce \u00e0 son design vibrant et culturellement significatif, cet aimant devient une pi\u00e8ce id\u00e9ale pour se rem\u00e9morer des moments sp\u00e9ciaux dans la magnifique capitale du Portugal, constituant un cadeau parfait pour les touristes et les amoureux du folklore local. En tant que grossistes en souvenirs, nous garantissons qualit\u00e9 et authenticit\u00e9 pour chaque produit.<\/p>\n","protected":false},"excerpt":{"rendered":"<p>Aimant m\u00e9tallique avec une charmante vue panoramique de Lisbonne, de 8 cm. Cet aimant attrayant montre le c\u00e9l\u00e8bre tramway jaune parcourant les rues color\u00e9es de la ville, avec des maisons aux toits rouges et des d\u00e9tails architecturaux singuliers. Son design vibrant inclut le texte \u00ab\u00a0LISBOA\u00a0\u00bb en lettres blanches sur un fond bleu, encadr\u00e9 par des motifs d\u00e9coratifs d&rsquo;azulejos traditionnels. Il est id\u00e9al pour se souvenir de votre visite dans cette magnifique ville portugaise.<\/p>\n","protected":false},"featured_media":11202,"template":"","meta":{"_acf_changed":false},"product_brand":[],"product_cat":[697],"product_tag":[],"class_list":{"0":"post-30939","1":"product","2":"type-product","3":"status-publish","4":"has-post-thumbnail","6":"product_cat-aimants","7":"pa_ciudad-lisboa","8":"pa_motivo-panoramas","9":"pa_pais-portugal","11":"first","12":"instock","13":"shipping-taxable","14":"product-type-simple"},"acf":[],"_links":{"self":[{"href":"https:\/\/olemosaic.orbitalia.org\/fr\/wp-json\/wp\/v2\/product\/30939","targetHints":{"allow":["GET"]}}],"collection":[{"href":"https:\/\/olemosaic.orbitalia.org\/fr\/wp-json\/wp\/v2\/product"}],"about":[{"href":"https:\/\/olemosaic.orbitalia.org\/fr\/wp-json\/wp\/v2\/types\/product"}],"wp:featuredmedia":[{"embeddable":true,"href":"https:\/\/olemosaic.orbitalia.org\/fr\/wp-json\/wp\/v2\/media\/11202"}],"wp:attachment":[{"href":"https:\/\/olemosaic.orbitalia.org\/fr\/wp-json\/wp\/v2\/media?parent=30939"}],"wp:term":[{"taxonomy":"product_brand","embeddable":true,"href":"https:\/\/olemosaic.orbitalia.org\/fr\/wp-json\/wp\/v2\/product_brand?post=30939"},{"taxonomy":"product_cat","embeddable":true,"href":"https:\/\/olemosaic.orbitalia.org\/fr\/wp-json\/wp\/v2\/product_cat?post=30939"},{"taxonomy":"product_tag","embeddable":true,"href":"https:\/\/olemosaic.orbitalia.org\/fr\/wp-json\/wp\/v2\/product_tag?post=30939"}],"curies":[{"name":"wp","href":"https:\/\/api.w.org\/{rel}","templated":true}]}}