{"id":30931,"date":"2025-02-20T22:32:43","date_gmt":"2025-02-20T22:32:43","guid":{"rendered":"https:\/\/olemosaic.orbitalia.org\/producto\/iman-de-metal-toro-sevilla-negro-8-cm\/"},"modified":"2025-07-25T20:17:31","modified_gmt":"2025-07-25T18:17:31","slug":"aimant-metal-taureau-seville-noir-8-cm","status":"publish","type":"product","link":"https:\/\/olemosaic.orbitalia.org\/fr\/produit\/aimant-metal-taureau-seville-noir-8-cm\/","title":{"rendered":"Aimant en m\u00e9tal. Taureau. S\u00e9ville. Noir. 8 cm."},"content":{"rendered":"<p>Cet aimant m\u00e9tallique en forme de taureau est un hommage vibrant \u00e0 la culture espagnole, en particulier \u00e0 la ville embl\u00e9matique de S\u00e9ville. D&rsquo;une dimension de 8 cm, ce souvenir attrayant pr\u00e9sente un design color\u00e9 de style mosa\u00efque, o\u00f9 diverses nuances brillent sur un fond noir, cr\u00e9ant un effet visuel dynamique qui capte l&rsquo;attention. Le taureau, symbole de tradition et de force en Espagne, se dresse avec \u00e9l\u00e9gance, repr\u00e9sent\u00e9 par des fragments color\u00e9s qui \u00e9voquent le riche h\u00e9ritage artistique du pays. \u00c0 ses c\u00f4t\u00e9s, le mot \u00ab\u00a0SEVILLA\u00a0\u00bb est imprim\u00e9 en grandes lettres, renfor\u00e7ant le lien avec la ville et sa riche culture.<\/p>\n<p>Cet aimant n&rsquo;est pas seulement un objet d\u00e9coratif, mais une pi\u00e8ce qui porte en elle l&rsquo;essence du folklore espagnol, constituant un excellent rappel de l&rsquo;h\u00e9ritage culturel et de la passion qui caract\u00e9risent S\u00e9ville. Id\u00e9al pour orner toute surface m\u00e9tallique, des r\u00e9frig\u00e9rateurs aux tableaux magn\u00e9tiques, ce souvenir devient un rappel durable d&rsquo;une visite dans la ville. Chez Ol\u00e9 Mosaic, nous nous sp\u00e9cialisons dans la distribution de souvenirs en gros, et cet aimant de taureau est un choix parfait pour les boutiques de cadeaux touristiques cherchant \u00e0 proposer des produits authentiques et de qualit\u00e9. En tant que grossistes de souvenirs de S\u00e9ville, nous garantissons que chaque aimant capture not seulement la beaut\u00e9, mais aussi l&rsquo;histoire culturelle du lieu.<\/p>\n","protected":false},"excerpt":{"rendered":"<p>Aimant m\u00e9tallique en forme de taureau, symbole de S\u00e9ville, de 8 cm. Cet aimant vibrant pr\u00e9sente un design color\u00e9 de style mosa\u00efque, avec diverses nuances sur un fond noir, cr\u00e9ant un attrait visuel dynamique. Le mot \u00ab\u00a0SEVILLA\u00a0\u00bb se d\u00e9tache en grandes lettres sur le c\u00f4t\u00e9, renfor\u00e7ant le lien avec la ville. Id\u00e9al pour d\u00e9corer toute surface m\u00e9tallique et \u00e9voquer la culture et la tradition espagnoles.<\/p>\n","protected":false},"featured_media":10012,"template":"","meta":{"_acf_changed":false},"product_brand":[],"product_cat":[697],"product_tag":[530],"class_list":{"0":"post-30931","1":"product","2":"type-product","3":"status-publish","4":"has-post-thumbnail","6":"product_cat-aimants","7":"product_tag-animaux","8":"pa_ciudad-sevilla","9":"pa_motivo-taureaux","10":"pa_pais-espana","12":"first","13":"instock","14":"shipping-taxable","15":"product-type-simple"},"acf":[],"_links":{"self":[{"href":"https:\/\/olemosaic.orbitalia.org\/fr\/wp-json\/wp\/v2\/product\/30931","targetHints":{"allow":["GET"]}}],"collection":[{"href":"https:\/\/olemosaic.orbitalia.org\/fr\/wp-json\/wp\/v2\/product"}],"about":[{"href":"https:\/\/olemosaic.orbitalia.org\/fr\/wp-json\/wp\/v2\/types\/product"}],"wp:featuredmedia":[{"embeddable":true,"href":"https:\/\/olemosaic.orbitalia.org\/fr\/wp-json\/wp\/v2\/media\/10012"}],"wp:attachment":[{"href":"https:\/\/olemosaic.orbitalia.org\/fr\/wp-json\/wp\/v2\/media?parent=30931"}],"wp:term":[{"taxonomy":"product_brand","embeddable":true,"href":"https:\/\/olemosaic.orbitalia.org\/fr\/wp-json\/wp\/v2\/product_brand?post=30931"},{"taxonomy":"product_cat","embeddable":true,"href":"https:\/\/olemosaic.orbitalia.org\/fr\/wp-json\/wp\/v2\/product_cat?post=30931"},{"taxonomy":"product_tag","embeddable":true,"href":"https:\/\/olemosaic.orbitalia.org\/fr\/wp-json\/wp\/v2\/product_tag?post=30931"}],"curies":[{"name":"wp","href":"https:\/\/api.w.org\/{rel}","templated":true}]}}