{"id":30927,"date":"2025-02-20T22:32:43","date_gmt":"2025-02-20T22:32:43","guid":{"rendered":"https:\/\/olemosaic.orbitalia.org\/producto\/iman-de-metal-salamandra-negro-8-cm\/"},"modified":"2025-07-25T19:52:42","modified_gmt":"2025-07-25T17:52:42","slug":"aimant-metal-salamandre-noir-8-cm","status":"publish","type":"product","link":"https:\/\/olemosaic.orbitalia.org\/fr\/produit\/aimant-metal-salamandre-noir-8-cm\/","title":{"rendered":"Aimant en m\u00e9tal. Salamandre. Noir. 8 cm."},"content":{"rendered":"<p>Cet aimant m\u00e9tallique en forme de salamandre est un v\u00e9ritable embl\u00e8me de la richesse culturelle et naturelle de l&rsquo;Espagne. D&rsquo;une longueur de 8 cm, cet aimant pr\u00e9sente un design vibrant et color\u00e9 qui \u00e9voque l&rsquo;art traditionnel espagnol, avec une salamandre stylis\u00e9e en mosa\u00efque et des tons allant du vert au bleu et au rouge, sur un \u00e9l\u00e9gant fond noir. La salamandre est un symbole de vie et de transformation dans diverses cultures, et ce design capture son essence avec un art qui rappelle la beaut\u00e9 de la faune ib\u00e9rique.<\/p>\n<p>La finition m\u00e9tallique de l&rsquo;aimant lui conf\u00e8re non seulement une r\u00e9sistance remarquable, mais en fait \u00e9galement un \u00e9l\u00e9ment d\u00e9coratif id\u00e9al pour toute surface m\u00e9tallique, des r\u00e9frig\u00e9rateurs aux tableaux magn\u00e9tiques. Ce souvenir est parfait pour les touristes \u00e0 la recherche d&rsquo;un souvenir significatif de leur visite en Espagne, offrant une pi\u00e8ce qui allie fonctionnalit\u00e9 et esth\u00e9tique. Chez Ol\u00e9 Mosaic, nous sommes leaders dans la distribution de souvenirs en gros, et cet aimant salamandre est une excellente option pour les boutiques de cadeaux touristiques souhaitant proposer des produits authentiques et de qualit\u00e9. Ce n&rsquo;est pas seulement un aimant, mais un rappel color\u00e9 de la vie sauvage et de la culture espagnole qui ravira ceux qui l&rsquo;ach\u00e8tent.<\/p>\n","protected":false},"excerpt":{"rendered":"<p>Aimant m\u00e9tallique en forme de salamandre avec un design color\u00e9 et vibrant. Cet aimant de 8 cm pr\u00e9sente une salamandre stylis\u00e9e en mosa\u00efque sur un fond noir, avec des nuances allant du vert au bleu et au rouge, \u00e9voquant l&rsquo;art traditionnel espagnol. Parfait pour orner toute surface m\u00e9tallique, ce souvenir capture l&rsquo;essence de la faune espagnole et constitue un excellent souvenir de votre visite.<\/p>\n","protected":false},"featured_media":7463,"template":"","meta":{"_acf_changed":false},"product_brand":[],"product_cat":[697],"product_tag":[530],"class_list":{"0":"post-30927","1":"product","2":"type-product","3":"status-publish","4":"has-post-thumbnail","6":"product_cat-aimants","7":"product_tag-animaux","8":"pa_motivo-salamandres","10":"first","11":"instock","12":"shipping-taxable","13":"product-type-simple"},"acf":[],"_links":{"self":[{"href":"https:\/\/olemosaic.orbitalia.org\/fr\/wp-json\/wp\/v2\/product\/30927","targetHints":{"allow":["GET"]}}],"collection":[{"href":"https:\/\/olemosaic.orbitalia.org\/fr\/wp-json\/wp\/v2\/product"}],"about":[{"href":"https:\/\/olemosaic.orbitalia.org\/fr\/wp-json\/wp\/v2\/types\/product"}],"wp:featuredmedia":[{"embeddable":true,"href":"https:\/\/olemosaic.orbitalia.org\/fr\/wp-json\/wp\/v2\/media\/7463"}],"wp:attachment":[{"href":"https:\/\/olemosaic.orbitalia.org\/fr\/wp-json\/wp\/v2\/media?parent=30927"}],"wp:term":[{"taxonomy":"product_brand","embeddable":true,"href":"https:\/\/olemosaic.orbitalia.org\/fr\/wp-json\/wp\/v2\/product_brand?post=30927"},{"taxonomy":"product_cat","embeddable":true,"href":"https:\/\/olemosaic.orbitalia.org\/fr\/wp-json\/wp\/v2\/product_cat?post=30927"},{"taxonomy":"product_tag","embeddable":true,"href":"https:\/\/olemosaic.orbitalia.org\/fr\/wp-json\/wp\/v2\/product_tag?post=30927"}],"curies":[{"name":"wp","href":"https:\/\/api.w.org\/{rel}","templated":true}]}}