{"id":30911,"date":"2025-02-20T23:32:43","date_gmt":"2025-02-20T22:32:43","guid":{"rendered":"https:\/\/olemosaic.orbitalia.org\/producto\/iman-de-metal-corazon-negro-8-cm-2\/"},"modified":"2025-07-25T22:09:44","modified_gmt":"2025-07-25T20:09:44","slug":"aimant-en-metal-coeur-fond-noir-8-cm","status":"publish","type":"product","link":"https:\/\/olemosaic.orbitalia.org\/fr\/produit\/aimant-en-metal-coeur-fond-noir-8-cm\/","title":{"rendered":"Aimant en m\u00e9tal. C\u0153ur. Fond noir. 8 cm."},"content":{"rendered":"<p>Cet aimant m\u00e9tallique en forme de c\u0153ur est un souvenir vibrant, parfait pour se souvenir des moments sp\u00e9ciaux v\u00e9cus en Espagne ou au Portugal. D&rsquo;une taille de 8 cm, son design pr\u00e9sente une joyeuse composition de c\u0153urs de diff\u00e9rentes tailles et couleurs qui se d\u00e9tachent sur un fond noir, cr\u00e9ant un effet visuel captivant. Les tons rouges, bleus et jaunes, inspir\u00e9s de l&rsquo;art de la mosa\u00efque, apportent un air festif et color\u00e9, faisant de cet aimant non seulement un objet d\u00e9coratif, mais aussi une expression d&rsquo;amour et de joie.<\/p>\n<p>Le signe distinctif \u00ab I \u2764\ufe0f \u00bb sur la partie sup\u00e9rieure rehausse son attrait, en faisant un souvenir parfait pour ceux qui ont profit\u00e9 de l&rsquo;hospitalit\u00e9 et du charme de ces r\u00e9gions. L&rsquo;utilisation de motifs de mosa\u00efque ne refl\u00e8te pas seulement l&rsquo;esth\u00e9tique vibrante de la culture locale, mais invite \u00e9galement les touristes \u00e0 emporter un petit morceau de la riche tradition artistique de l&rsquo;Espagne et du Portugal. Cet aimant est une excellente option pour les boutiques de cadeaux touristiques, car il combine fonctionnalit\u00e9 et esth\u00e9tique, \u00e9tant un repr\u00e9sentant authentique et frappant des souvenirs en m\u00e9tal. Chez Ol\u00e9 Mosaic, en tant que grossistes en aimants, nous garantissons la qualit\u00e9 et l&rsquo;originalit\u00e9 de chacun de nos produits.<\/p>\n","protected":false},"excerpt":{"rendered":"<p>Aimant m\u00e9tallique en forme de c\u0153ur avec un design vibrant sur fond noir. Il pr\u00e9sente des c\u0153urs de diff\u00e9rentes tailles et couleurs, avec des \u00e9l\u00e9ments de mosa\u00efque dans les tons rouges, bleus et jaunes, lui donnant un aspect frappant. Il mesure 8 cm et l&rsquo;inscription \u00ab I \u2764\ufe0f \u00bb rehausse son attrait, en faisant un souvenir id\u00e9al pour c\u00e9l\u00e9brer des moments sp\u00e9ciaux en Espagne ou au Portugal.<\/p>\n","protected":false},"featured_media":7457,"template":"","meta":{"_acf_changed":false},"product_brand":[],"product_cat":[697],"product_tag":[],"class_list":{"0":"post-30911","1":"product","2":"type-product","3":"status-publish","4":"has-post-thumbnail","6":"product_cat-aimants","7":"pa_motivo-coeurs","9":"first","10":"instock","11":"shipping-taxable","12":"product-type-simple"},"acf":[],"_links":{"self":[{"href":"https:\/\/olemosaic.orbitalia.org\/fr\/wp-json\/wp\/v2\/product\/30911","targetHints":{"allow":["GET"]}}],"collection":[{"href":"https:\/\/olemosaic.orbitalia.org\/fr\/wp-json\/wp\/v2\/product"}],"about":[{"href":"https:\/\/olemosaic.orbitalia.org\/fr\/wp-json\/wp\/v2\/types\/product"}],"wp:featuredmedia":[{"embeddable":true,"href":"https:\/\/olemosaic.orbitalia.org\/fr\/wp-json\/wp\/v2\/media\/7457"}],"wp:attachment":[{"href":"https:\/\/olemosaic.orbitalia.org\/fr\/wp-json\/wp\/v2\/media?parent=30911"}],"wp:term":[{"taxonomy":"product_brand","embeddable":true,"href":"https:\/\/olemosaic.orbitalia.org\/fr\/wp-json\/wp\/v2\/product_brand?post=30911"},{"taxonomy":"product_cat","embeddable":true,"href":"https:\/\/olemosaic.orbitalia.org\/fr\/wp-json\/wp\/v2\/product_cat?post=30911"},{"taxonomy":"product_tag","embeddable":true,"href":"https:\/\/olemosaic.orbitalia.org\/fr\/wp-json\/wp\/v2\/product_tag?post=30911"}],"curies":[{"name":"wp","href":"https:\/\/api.w.org\/{rel}","templated":true}]}}