{"id":30910,"date":"2025-02-20T23:32:43","date_gmt":"2025-02-20T22:32:43","guid":{"rendered":"https:\/\/olemosaic.orbitalia.org\/producto\/iman-de-metal-corazon-barcelona-negro-8-cm-2\/"},"modified":"2025-07-25T23:28:39","modified_gmt":"2025-07-25T21:28:39","slug":"aimant-en-metal-coeur-bcn-barcelone-noir-8-cm","status":"publish","type":"product","link":"https:\/\/olemosaic.orbitalia.org\/fr\/produit\/aimant-en-metal-coeur-bcn-barcelone-noir-8-cm\/","title":{"rendered":"Aimant en m\u00e9tal. C\u0153ur BCN. Barcelone. Noir. 8 cm."},"content":{"rendered":"<p>Cet aimant m\u00e9tallique en forme de c\u0153ur est un charmant souvenir qui capture l&rsquo;essence vibrante de l&#8217;embl\u00e9matique ville de Barcelone. Avec des dimensions de 8 cm, cet aimant se distingue par son design color\u00e9 et moderne, simulant une mosa\u00efque captivante dans des tons chauds et froids, contrastant avec un \u00e9l\u00e9gant fond noir qui fait ressortir chaque d\u00e9tail. L&rsquo;inscription \u00ab BCN \u00bb est \u00e9labor\u00e9e dans des couleurs \u00e9clatantes, \u00e9voquant la cr\u00e9ativit\u00e9 et l&rsquo;esprit artistique qui caract\u00e9risent cette m\u00e9tropole. Le design n&rsquo;est pas seulement attrayant visuellement, mais il transmet \u00e9galement le riche h\u00e9ritage culturel et architectural de Barcelone, connue pour les chefs-d&rsquo;\u0153uvre de Gaud\u00ed tels que le Parc G\u00fcell et la Sagrada Familia.<\/p>\n<p>Cet aimant se pr\u00e9sente comme une excellente option pour se souvenir de moments sp\u00e9ciaux \u00e0 Barcelone ou comme un magnifique cadeau pour les amoureux de cette ville. Son authenticit\u00e9 en tant que souvenir de Barcelone permet aux touristes d&#8217;emporter un petit morceau de cette ville iconique chez eux, en faisant un objet d\u00e9coratif id\u00e9al pour n&rsquo;importe quel r\u00e9frig\u00e9rateur. Chez Ol\u00e9 Mosaic, nous sommes distributeurs de souvenirs en gros et proposons des aimants qui, en plus d&rsquo;\u00eatre fonctionnels, capturent l&rsquo;essence culturelle de leurs destinations. Cet aimant en forme de c\u0153ur est un produit qui ravira certainement les clients \u00e0 la recherche d&rsquo;un souvenir repr\u00e9sentatif de Barcelone, prouvant qu&rsquo;un simple aimant peut \u00eatre bien plus qu&rsquo;un objet quotidien.<\/p>\n","protected":false},"excerpt":{"rendered":"<p>Aimant m\u00e9tallique en forme de c\u0153ur, repr\u00e9sentant la ville vibrante de Barcelone. Cet aimant de 8 cm pr\u00e9sente un design color\u00e9 et moderne, imitant une mosa\u00efque dans des tons chauds et froids, qui se compl\u00e8tent par un fond noir \u00e9l\u00e9gant. L&rsquo;inscription \u00ab BCN \u00bb se d\u00e9tache dans des couleurs \u00e9clatantes, faisant allusion \u00e0 l&rsquo;esprit artistique et color\u00e9 de la ville. Id\u00e9al pour se souvenir de moments sp\u00e9ciaux \u00e0 Barcelone ou comme cadeau attrayant pour les amoureux de cette m\u00e9tropole embl\u00e9matique.<\/p>\n","protected":false},"featured_media":6883,"template":"","meta":{"_acf_changed":false},"product_brand":[],"product_cat":[697],"product_tag":[],"class_list":{"0":"post-30910","1":"product","2":"type-product","3":"status-publish","4":"has-post-thumbnail","6":"product_cat-aimants","7":"pa_ciudad-barcelona","8":"pa_motivo-coeurs","9":"pa_pais-espana","11":"first","12":"instock","13":"shipping-taxable","14":"product-type-simple"},"acf":[],"_links":{"self":[{"href":"https:\/\/olemosaic.orbitalia.org\/fr\/wp-json\/wp\/v2\/product\/30910","targetHints":{"allow":["GET"]}}],"collection":[{"href":"https:\/\/olemosaic.orbitalia.org\/fr\/wp-json\/wp\/v2\/product"}],"about":[{"href":"https:\/\/olemosaic.orbitalia.org\/fr\/wp-json\/wp\/v2\/types\/product"}],"wp:featuredmedia":[{"embeddable":true,"href":"https:\/\/olemosaic.orbitalia.org\/fr\/wp-json\/wp\/v2\/media\/6883"}],"wp:attachment":[{"href":"https:\/\/olemosaic.orbitalia.org\/fr\/wp-json\/wp\/v2\/media?parent=30910"}],"wp:term":[{"taxonomy":"product_brand","embeddable":true,"href":"https:\/\/olemosaic.orbitalia.org\/fr\/wp-json\/wp\/v2\/product_brand?post=30910"},{"taxonomy":"product_cat","embeddable":true,"href":"https:\/\/olemosaic.orbitalia.org\/fr\/wp-json\/wp\/v2\/product_cat?post=30910"},{"taxonomy":"product_tag","embeddable":true,"href":"https:\/\/olemosaic.orbitalia.org\/fr\/wp-json\/wp\/v2\/product_tag?post=30910"}],"curies":[{"name":"wp","href":"https:\/\/api.w.org\/{rel}","templated":true}]}}