{"id":30903,"date":"2025-02-20T22:32:41","date_gmt":"2025-02-20T22:32:41","guid":{"rendered":"https:\/\/olemosaic.orbitalia.org\/producto\/iman-de-metal-camino-de-santiago-negro-8-cm\/"},"modified":"2025-07-25T19:56:11","modified_gmt":"2025-07-25T17:56:11","slug":"aimant-metal-chemin-compostelle-noir-8-cm","status":"publish","type":"product","link":"https:\/\/olemosaic.orbitalia.org\/fr\/produit\/aimant-metal-chemin-compostelle-noir-8-cm\/","title":{"rendered":"Aimant en m\u00e9tal. Chemin de Compostelle. Noir. 8 cm."},"content":{"rendered":"<p>Cet aimant m\u00e9tallique du Chemin de Compostelle est un souvenir vibrant et \u00e9vocateur, parfait pour ceux qui souhaitent emporter un souvenir significatif de leur p\u00e8lerinage \u00e0 l&#8217;embl\u00e9matique cath\u00e9drale de Saint-Jacques-de-Compostelle. D&rsquo;une dimension de 8 cm, cet aimant attrayant pr\u00e9sente une repr\u00e9sentation stylis\u00e9e de l&rsquo;imposante cath\u00e9drale, connue pour son impressionnante fa\u00e7ade et son importance culturelle dans l&rsquo;histoire de l&rsquo;Espagne. Le design se d\u00e9tache dans un \u00e9l\u00e9gant cadre noir qui rehausse les d\u00e9tails architecturaux dans des tons jaunes, bleus et terre cuite, \u00e9voquant la beaut\u00e9 et la richesse de l&rsquo;h\u00e9ritage jacquaire.<\/p>\n<p>Dans la partie sup\u00e9rieure, le texte \u201cCAMINO SANTIAGO\u201d s&rsquo;int\u00e8gre harmonieusement \u00e0 l&rsquo;illustration, tandis qu&rsquo;une fl\u00e8che, symbole iconique de la route, guide les voyageurs sur cet ancien chemin de foi et d&rsquo;aventure. Cet aimant n&rsquo;est pas seulement un accessoire d\u00e9coratif pour la maison, mais un rappel tangible du parcours et de l&rsquo;histoire qui entoure des millions de p\u00e8lerins chaque ann\u00e9e.<\/p>\n<p>Chez Ol\u00e9 Mosaic, nous sommes fiers de proposer des souvenirs authentiques et repr\u00e9sentatifs, comme cet aimant m\u00e9tallique du Chemin de Compostelle, id\u00e9al pour les boutiques de cadeaux touristiques \u00e0 la recherche de produits porteurs de sens. Cet aimant est une excellente option pour les touristes qui souhaitent emporter un morceau du riche h\u00e9ritage culturel espagnol, garantissant un souvenir durable du Chemin.<\/p>\n","protected":false},"excerpt":{"rendered":"<p>Aimant m\u00e9tallique du Chemin de Compostelle, de 8 cm. Cet aimant attrayant montre une repr\u00e9sentation color\u00e9e et stylis\u00e9e de la c\u00e9l\u00e8bre cath\u00e9drale de Saint-Jacques, encadr\u00e9e de noir pour faire ressortir ses d\u00e9tails architecturaux dans des tons jaunes, bleus et terre cuite. Il inclut le texte \u201cCAMINO SANTIAGO\u201d dans la partie sup\u00e9rieure et une fl\u00e8che symbolisant la route. Id\u00e9al pour se souvenir de ce parcours embl\u00e9matique.<\/p>\n","protected":false},"featured_media":6956,"template":"","meta":{"_acf_changed":false},"product_brand":[],"product_cat":[697],"product_tag":[],"class_list":{"0":"post-30903","1":"product","2":"type-product","3":"status-publish","4":"has-post-thumbnail","6":"product_cat-aimants","7":"pa_ciudad-santiago-de-compostela","8":"pa_pais-espana","10":"first","11":"instock","12":"shipping-taxable","13":"product-type-simple"},"acf":[],"_links":{"self":[{"href":"https:\/\/olemosaic.orbitalia.org\/fr\/wp-json\/wp\/v2\/product\/30903","targetHints":{"allow":["GET"]}}],"collection":[{"href":"https:\/\/olemosaic.orbitalia.org\/fr\/wp-json\/wp\/v2\/product"}],"about":[{"href":"https:\/\/olemosaic.orbitalia.org\/fr\/wp-json\/wp\/v2\/types\/product"}],"wp:featuredmedia":[{"embeddable":true,"href":"https:\/\/olemosaic.orbitalia.org\/fr\/wp-json\/wp\/v2\/media\/6956"}],"wp:attachment":[{"href":"https:\/\/olemosaic.orbitalia.org\/fr\/wp-json\/wp\/v2\/media?parent=30903"}],"wp:term":[{"taxonomy":"product_brand","embeddable":true,"href":"https:\/\/olemosaic.orbitalia.org\/fr\/wp-json\/wp\/v2\/product_brand?post=30903"},{"taxonomy":"product_cat","embeddable":true,"href":"https:\/\/olemosaic.orbitalia.org\/fr\/wp-json\/wp\/v2\/product_cat?post=30903"},{"taxonomy":"product_tag","embeddable":true,"href":"https:\/\/olemosaic.orbitalia.org\/fr\/wp-json\/wp\/v2\/product_tag?post=30903"}],"curies":[{"name":"wp","href":"https:\/\/api.w.org\/{rel}","templated":true}]}}