{"id":30902,"date":"2025-02-20T23:32:41","date_gmt":"2025-02-20T22:32:41","guid":{"rendered":"https:\/\/olemosaic.orbitalia.org\/producto\/iman-de-metal-camino-de-santiago-8-cm-2\/"},"modified":"2025-07-25T18:35:09","modified_gmt":"2025-07-25T16:35:09","slug":"aimant-metal-chemin-compostelle-mosaique-8-cm","status":"publish","type":"product","link":"https:\/\/olemosaic.orbitalia.org\/fr\/produit\/aimant-metal-chemin-compostelle-mosaique-8-cm\/","title":{"rendered":"Aimant en m\u00e9tal. Chemin de Compostelle. Mosa\u00efque. 8 cm."},"content":{"rendered":"<p>Cet aimant m\u00e9tallique du Chemin de Compostelle est un souvenir vibrant qui capture l&rsquo;essence de la c\u00e9l\u00e8bre cath\u00e9drale de Compostelle. Avec ses 8 cm, le design se distingue par sa technique de mosa\u00efque color\u00e9e, avec une palette audacieuse de tons bleus, jaunes et rouges qui refl\u00e8tent le riche patrimoine artistique de la ville. Au centre, la majest\u00e9 de la cath\u00e9drale est illustr\u00e9e avec minutie, de ses tours imposantes aux ornements de la fa\u00e7ade. De plus, la coquille du p\u00e8lerin, symbole iconique du chemin, s&rsquo;ajoute \u00e0 la repr\u00e9sentation culturelle, accompagn\u00e9e du texte \u00ab\u00a0CAMINO DE SANTIAGO\u00a0\u00bb, qui \u00e9voque la tradition de milliers de p\u00e8lerins qui parcourent cette route historique chaque ann\u00e9e.<\/p>\n<p>Cet aimant n&rsquo;est pas seulement un accessoire fonctionnel pour vos souvenirs, mais aussi un v\u00e9ritable rappel d&rsquo;une exp\u00e9rience m\u00e9morable sur l&rsquo;une des routes de p\u00e8lerinage les plus reconnues au monde. Chez Ol\u00e9 Mosaic, nous nous sp\u00e9cialisons dans la distribution de souvenirs en gros, offrant des articles qui se distinguent par leur pertinence culturelle et leur qualit\u00e9 artisanale. Cet aimant est une excellente option pour les boutiques de cadeaux touristiques \u00e0 la recherche de produits uniques et authentiques du Chemin de Compostelle, parfaits pour ceux qui souhaitent ramener un morceau d&rsquo;histoire et de tradition chez eux.<\/p>\n","protected":false},"excerpt":{"rendered":"<p>Aimant en m\u00e9tal du Chemin de Compostelle de 8 cm, \u00e9labor\u00e9 avec un design vibrant repr\u00e9sentant la c\u00e9l\u00e8bre cath\u00e9drale de Compostelle. Cet aimant pr\u00e9sente une technique de mosa\u00efque color\u00e9e, o\u00f9 pr\u00e9dominent les tons bleus, jaunes et rouges qui capturent l&rsquo;essence du patrimoine artistique de la ville. De plus, il inclut l&#8217;embl\u00e9matique coquille du p\u00e8lerin et le texte \u00ab\u00a0CAMINO DE SANTIAGO\u00a0\u00bb, ce qui en fait un souvenir id\u00e9al pour les amoureux de cette route historique.<\/p>\n","protected":false},"featured_media":11197,"template":"","meta":{"_acf_changed":false},"product_brand":[],"product_cat":[697],"product_tag":[],"class_list":{"0":"post-30902","1":"product","2":"type-product","3":"status-publish","4":"has-post-thumbnail","6":"product_cat-aimants","7":"pa_ciudad-santiago-de-compostela","8":"pa_pais-espana","10":"first","11":"instock","12":"shipping-taxable","13":"product-type-simple"},"acf":[],"_links":{"self":[{"href":"https:\/\/olemosaic.orbitalia.org\/fr\/wp-json\/wp\/v2\/product\/30902","targetHints":{"allow":["GET"]}}],"collection":[{"href":"https:\/\/olemosaic.orbitalia.org\/fr\/wp-json\/wp\/v2\/product"}],"about":[{"href":"https:\/\/olemosaic.orbitalia.org\/fr\/wp-json\/wp\/v2\/types\/product"}],"wp:featuredmedia":[{"embeddable":true,"href":"https:\/\/olemosaic.orbitalia.org\/fr\/wp-json\/wp\/v2\/media\/11197"}],"wp:attachment":[{"href":"https:\/\/olemosaic.orbitalia.org\/fr\/wp-json\/wp\/v2\/media?parent=30902"}],"wp:term":[{"taxonomy":"product_brand","embeddable":true,"href":"https:\/\/olemosaic.orbitalia.org\/fr\/wp-json\/wp\/v2\/product_brand?post=30902"},{"taxonomy":"product_cat","embeddable":true,"href":"https:\/\/olemosaic.orbitalia.org\/fr\/wp-json\/wp\/v2\/product_cat?post=30902"},{"taxonomy":"product_tag","embeddable":true,"href":"https:\/\/olemosaic.orbitalia.org\/fr\/wp-json\/wp\/v2\/product_tag?post=30902"}],"curies":[{"name":"wp","href":"https:\/\/api.w.org\/{rel}","templated":true}]}}