{"id":30880,"date":"2025-02-20T23:32:40","date_gmt":"2025-02-20T22:32:40","guid":{"rendered":"https:\/\/olemosaic.orbitalia.org\/producto\/iman-de-metal-buho-mallorca-negro-8-cm-2\/"},"modified":"2025-07-25T19:00:03","modified_gmt":"2025-07-25T17:00:03","slug":"aimant-metal-hibou-majorque-noir-8-cm-2","status":"publish","type":"product","link":"https:\/\/olemosaic.orbitalia.org\/fr\/produit\/aimant-metal-hibou-majorque-noir-8-cm-2\/","title":{"rendered":"Aimant en m\u00e9tal. Hibou. Mosa\u00efque. Majorque. Noir. 8 cm."},"content":{"rendered":"<p>Cet aimant m\u00e9tallique, d\u00e9cor\u00e9 d&rsquo;un design vibrant de hiboux, est le cadeau parfait pour c\u00e9l\u00e9brer la faune unique de Majorque. D&rsquo;une dimension de 8 cm, il pr\u00e9sente une technique de mosa\u00efque color\u00e9e qui souligne la beaut\u00e9 de ces animaux fascinants, arborant des plumages dans des tons bleus, jaunes et oranges. Le fond noir rehausse encore plus les couleurs \u00e9clatantes des hiboux, cr\u00e9ant un contraste attrayant qui en fera un objet frappant pour n&rsquo;importe quel r\u00e9frig\u00e9rateur.<\/p>\n<p>En haut de l&rsquo;aimant, le mot \u00ab MAJORQUE \u00bb appara\u00eet dans une typographie color\u00e9e, ce qui ajoute une touche distinctive et m\u00e9morable \u00e0 ce souvenir. Cet aimant n&rsquo;est pas seulement pratique pour fixer des notes ou des photos, mais il est aussi une repr\u00e9sentation authentique de la riche biodiversit\u00e9 de l&rsquo;\u00eele.<\/p>\n<p>En choisissant cet aimant de hiboux, vous n&#8217;emportez pas seulement un souvenir de Majorque, mais vous ramenez aussi une partie de sa culture et de sa nature. C&rsquo;est une excellente option pour les boutiques de cadeaux touristiques \u00e0 la recherche de produits de qualit\u00e9 qui mettent en avant l&rsquo;essence du lieu. Chez Ol\u00e9 Mosaic, nous sommes distributeurs de souvenirs authentiques et cette pi\u00e8ce est un exemple clair de notre offre. Id\u00e9al pour les touristes qui veulent ramener un morceau de Majorque chez eux, cet aimant est un cadeau qui \u00e9voque des souvenirs et des exp\u00e9riences uniques.<\/p>\n","protected":false},"excerpt":{"rendered":"<p>Aimant m\u00e9tallique d\u00e9cor\u00e9 d&rsquo;un design vibrant de hiboux, repr\u00e9sentant la faune de Majorque. D&rsquo;une taille de 8 cm, cet aimant pr\u00e9sente une technique de mosa\u00efque color\u00e9e qui met en valeur les magnifiques plumages des hiboux dans des tons bleus, jaunes et oranges, sur un fond noir qui rehausse leur beaut\u00e9. Le mot \u00ab MAJORQUE \u00bb est imprim\u00e9 en haut avec une typographie color\u00e9e, faisant de cet aimant un souvenir distinctif de l&rsquo;\u00eele.<\/p>\n","protected":false},"featured_media":11316,"template":"","meta":{"_acf_changed":false},"product_brand":[],"product_cat":[697],"product_tag":[530],"class_list":{"0":"post-30880","1":"product","2":"type-product","3":"status-publish","4":"has-post-thumbnail","6":"product_cat-aimants","7":"product_tag-animaux","8":"pa_ciudad-mallorca","9":"pa_motivo-hiboux","10":"pa_pais-espana","12":"first","13":"instock","14":"shipping-taxable","15":"product-type-simple"},"acf":[],"_links":{"self":[{"href":"https:\/\/olemosaic.orbitalia.org\/fr\/wp-json\/wp\/v2\/product\/30880","targetHints":{"allow":["GET"]}}],"collection":[{"href":"https:\/\/olemosaic.orbitalia.org\/fr\/wp-json\/wp\/v2\/product"}],"about":[{"href":"https:\/\/olemosaic.orbitalia.org\/fr\/wp-json\/wp\/v2\/types\/product"}],"wp:featuredmedia":[{"embeddable":true,"href":"https:\/\/olemosaic.orbitalia.org\/fr\/wp-json\/wp\/v2\/media\/11316"}],"wp:attachment":[{"href":"https:\/\/olemosaic.orbitalia.org\/fr\/wp-json\/wp\/v2\/media?parent=30880"}],"wp:term":[{"taxonomy":"product_brand","embeddable":true,"href":"https:\/\/olemosaic.orbitalia.org\/fr\/wp-json\/wp\/v2\/product_brand?post=30880"},{"taxonomy":"product_cat","embeddable":true,"href":"https:\/\/olemosaic.orbitalia.org\/fr\/wp-json\/wp\/v2\/product_cat?post=30880"},{"taxonomy":"product_tag","embeddable":true,"href":"https:\/\/olemosaic.orbitalia.org\/fr\/wp-json\/wp\/v2\/product_tag?post=30880"}],"curies":[{"name":"wp","href":"https:\/\/api.w.org\/{rel}","templated":true}]}}