{"id":30873,"date":"2025-02-20T23:32:39","date_gmt":"2025-02-20T22:32:39","guid":{"rendered":"https:\/\/olemosaic.orbitalia.org\/producto\/iman-de-metal-sagrada-familia-barcelona-8-cm-19\/"},"modified":"2025-07-25T18:40:56","modified_gmt":"2025-07-25T16:40:56","slug":"aimant-en-metal-sagrada-familia-barcelone-8-cm-19","status":"publish","type":"product","link":"https:\/\/olemosaic.orbitalia.org\/fr\/produit\/aimant-en-metal-sagrada-familia-barcelone-8-cm-19\/","title":{"rendered":"Aimant en m\u00e9tal. Sagrada Familia. Motifs floraux. Barcelone. 8 cm."},"content":{"rendered":"<p>Cet aimant m\u00e9tallique de la Sagrada Familia est un souvenir color\u00e9 qui capture l&rsquo;essence de Barcelone. Avec ses 8 cm, il se distingue par son illustration stylis\u00e9e de la c\u00e9l\u00e8bre basilique, con\u00e7ue par le g\u00e9nial Antoni Gaud\u00ed. Le design met en valeur les tours embl\u00e9matiques de la Sagrada Familia, qui semblent s&rsquo;\u00e9lever vers le ciel, ainsi que les d\u00e9tails architecturaux uniques qui en ont fait un symbole, non seulement de la ville, mais du modernisme catalan. Le fond bleu vibrant compl\u00e8te parfaitement les mosa\u00efques aux tons rouges, verts et jaunes, cr\u00e9ant un effet festif qui \u00e9voque l&rsquo;ambiance vibrante de Barcelone.<\/p>\n<p>Le texte \u00ab\u00a0I \u2665 Barcelone\u00a0\u00bb ajoute une touche \u00e9motionnelle avec la ville m\u00e9diterran\u00e9enne, faisant de cet aimant une excellente option pour les touristes et les collectionneurs souhaitant emporter un petit morceau de Barcelone. Ce souvenir n&rsquo;est pas seulement un objet d\u00e9coratif, mais repr\u00e9sente \u00e9galement une partie essentielle de l&rsquo;identit\u00e9 culturelle de la r\u00e9gion. Chez Ol\u00e9 Mosaic, notre engagement est d&rsquo;offrir des souvenirs authentiques et de qualit\u00e9, et cet aimant de la Sagrada Familia est un exemple parfait de la fusion entre l&rsquo;art et l&rsquo;architecture dans un souvenir repr\u00e9sentatif. Id\u00e9al pour les boutiques de cadeaux touristiques \u00e0 la recherche de produits m\u00e9morables ayant une signification culturelle. En tant que distributeur de souvenirs en gros, nous garantissons que cet aimant sera un ajout remarquable \u00e0 toute collection.<\/p>\n","protected":false},"excerpt":{"rendered":"<p>Aimant m\u00e9tallique de la Sagrada Familia de Barcelone, de 8 cm. Cet aimant color\u00e9 pr\u00e9sente une illustration stylis\u00e9e de la c\u00e9l\u00e8bre basilique d&rsquo;Antoni Gaud\u00ed, mettant en avant ses tours caract\u00e9ristiques et ses d\u00e9tails architecturaux uniques. Le fond bleu et les mosa\u00efques vibrantes aux tons rouges, verts et jaunes lui donnent un air festif, tandis que le texte \u00ab\u00a0I \u2665 Barcelone\u00a0\u00bb souligne le lien avec la ville m\u00e9diterran\u00e9enne. Id\u00e9al pour les collectionneurs ou comme souvenir.<\/p>\n","protected":false},"featured_media":13545,"template":"","meta":{"_acf_changed":false},"product_brand":[],"product_cat":[697],"product_tag":[],"class_list":{"0":"post-30873","1":"product","2":"type-product","3":"status-publish","4":"has-post-thumbnail","6":"product_cat-aimants","7":"pa_ciudad-barcelona","8":"pa_motivo-sagrada-familia","9":"pa_pais-espana","11":"first","12":"instock","13":"shipping-taxable","14":"product-type-simple"},"acf":[],"_links":{"self":[{"href":"https:\/\/olemosaic.orbitalia.org\/fr\/wp-json\/wp\/v2\/product\/30873","targetHints":{"allow":["GET"]}}],"collection":[{"href":"https:\/\/olemosaic.orbitalia.org\/fr\/wp-json\/wp\/v2\/product"}],"about":[{"href":"https:\/\/olemosaic.orbitalia.org\/fr\/wp-json\/wp\/v2\/types\/product"}],"wp:featuredmedia":[{"embeddable":true,"href":"https:\/\/olemosaic.orbitalia.org\/fr\/wp-json\/wp\/v2\/media\/13545"}],"wp:attachment":[{"href":"https:\/\/olemosaic.orbitalia.org\/fr\/wp-json\/wp\/v2\/media?parent=30873"}],"wp:term":[{"taxonomy":"product_brand","embeddable":true,"href":"https:\/\/olemosaic.orbitalia.org\/fr\/wp-json\/wp\/v2\/product_brand?post=30873"},{"taxonomy":"product_cat","embeddable":true,"href":"https:\/\/olemosaic.orbitalia.org\/fr\/wp-json\/wp\/v2\/product_cat?post=30873"},{"taxonomy":"product_tag","embeddable":true,"href":"https:\/\/olemosaic.orbitalia.org\/fr\/wp-json\/wp\/v2\/product_tag?post=30873"}],"curies":[{"name":"wp","href":"https:\/\/api.w.org\/{rel}","templated":true}]}}