{"id":30872,"date":"2025-02-20T23:32:39","date_gmt":"2025-02-20T22:32:39","guid":{"rendered":"https:\/\/olemosaic.orbitalia.org\/producto\/iman-de-metal-sagrada-familia-barcelona-negro-8-cm-7\/"},"modified":"2025-07-25T19:30:24","modified_gmt":"2025-07-25T17:30:24","slug":"aimant-en-metal-sagrada-familia-barcelone-noir-8-cm-7","status":"publish","type":"product","link":"https:\/\/olemosaic.orbitalia.org\/fr\/produit\/aimant-en-metal-sagrada-familia-barcelone-noir-8-cm-7\/","title":{"rendered":"Aimant en m\u00e9tal. Sagrada Familia. Vitrail. Barcelone. Noir. 8 cm."},"content":{"rendered":"<p>Cet aimant m\u00e9tallique de l&#8217;embl\u00e9matique Sagrada Familia de Barcelone est un souvenir vibrant et artistique qui capture l&rsquo;essence du chef-d&rsquo;\u0153uvre d&rsquo;Antoni Gaud\u00ed. D&rsquo;une taille de 8 cm, il se distingue par son design color\u00e9, inspir\u00e9 de la technique du vitrail, qui \u00e9voque la magnificence architecturale de la basilique. Le fond noir fait ressortir les couleurs vibrantes repr\u00e9sentant les clochers et les d\u00e9tails ornementaux de la Sagrada Familia, cr\u00e9ant un contraste visuel impressionnant qui invite \u00e0 admirer sa beaut\u00e9 singuli\u00e8re.<\/p>\n<p>Le nom \u00ab\u00a0Barcelone\u00a0\u00bb appara\u00eet dans la partie sup\u00e9rieure, en lettres audacieuses et modernes, ce qui fait de cet aimant un d\u00e9tail non seulement d\u00e9coratif, mais aussi informatif, parfait pour se souvenir de la ville et de son riche h\u00e9ritage culturel. La Sagrada Familia, symbole incontest\u00e9 de Barcelone, est un t\u00e9moignage du talent et de la vision de Gaud\u00ed, et ce souvenir repr\u00e9sente fid\u00e8lement son \u0153uvre, ce qui en fait une excellente option pour les touristes \u00e0 la recherche de souvenirs significatifs.<\/p>\n<p>Chez Ol\u00e9 Mosaic, nous nous sp\u00e9cialisons dans la distribution de souvenirs en gros, et cet aimant de la Sagrada Familia est un ajout parfait pour les boutiques de cadeaux touristiques souhaitant proposer des produits authentiques c\u00e9l\u00e9brant la culture espagnole. C&rsquo;est un aimant id\u00e9al pour embellir n&rsquo;importe quel r\u00e9frig\u00e9rateur ou espace personnel, rappelant toujours la magie de Barcelone et son architecture embl\u00e9matique.<\/p>\n","protected":false},"excerpt":{"rendered":"<p>Aimant m\u00e9tallique repr\u00e9sentant l&#8217;embl\u00e9matique Sagrada Familia de Barcelone, avec un design color\u00e9 inspir\u00e9 de la technique du vitrail. Cet aimant de 8 cm se distingue par son fond noir qui rehausse les couleurs vibrantes de l&rsquo;\u0153uvre de Gaud\u00ed, montrant les pinacles caract\u00e9ristiques et les d\u00e9tails architecturaux. Avec le nom \u00ab Barcelone \u00bb imprim\u00e9 sur la partie sup\u00e9rieure, c&rsquo;est un souvenir id\u00e9al qui fusionne art et culture, parfait pour d\u00e9corer votre r\u00e9frig\u00e9rateur ou tout espace personnel.<\/p>\n","protected":false},"featured_media":11384,"template":"","meta":{"_acf_changed":false},"product_brand":[],"product_cat":[697],"product_tag":[],"class_list":{"0":"post-30872","1":"product","2":"type-product","3":"status-publish","4":"has-post-thumbnail","6":"product_cat-aimants","7":"pa_ciudad-barcelona","8":"pa_motivo-sagrada-familia","9":"pa_pais-espana","11":"first","12":"instock","13":"shipping-taxable","14":"product-type-simple"},"acf":[],"_links":{"self":[{"href":"https:\/\/olemosaic.orbitalia.org\/fr\/wp-json\/wp\/v2\/product\/30872","targetHints":{"allow":["GET"]}}],"collection":[{"href":"https:\/\/olemosaic.orbitalia.org\/fr\/wp-json\/wp\/v2\/product"}],"about":[{"href":"https:\/\/olemosaic.orbitalia.org\/fr\/wp-json\/wp\/v2\/types\/product"}],"wp:featuredmedia":[{"embeddable":true,"href":"https:\/\/olemosaic.orbitalia.org\/fr\/wp-json\/wp\/v2\/media\/11384"}],"wp:attachment":[{"href":"https:\/\/olemosaic.orbitalia.org\/fr\/wp-json\/wp\/v2\/media?parent=30872"}],"wp:term":[{"taxonomy":"product_brand","embeddable":true,"href":"https:\/\/olemosaic.orbitalia.org\/fr\/wp-json\/wp\/v2\/product_brand?post=30872"},{"taxonomy":"product_cat","embeddable":true,"href":"https:\/\/olemosaic.orbitalia.org\/fr\/wp-json\/wp\/v2\/product_cat?post=30872"},{"taxonomy":"product_tag","embeddable":true,"href":"https:\/\/olemosaic.orbitalia.org\/fr\/wp-json\/wp\/v2\/product_tag?post=30872"}],"curies":[{"name":"wp","href":"https:\/\/api.w.org\/{rel}","templated":true}]}}