{"id":30845,"date":"2025-02-20T23:32:38","date_gmt":"2025-02-20T22:32:38","guid":{"rendered":"https:\/\/olemosaic.orbitalia.org\/producto\/iman-de-metal-panoramica-barcelona-plata-8-cm-4\/"},"modified":"2025-07-25T19:23:11","modified_gmt":"2025-07-25T17:23:11","slug":"aimant-metal-panoramique-barcelone-argent-8-cm-4","status":"publish","type":"product","link":"https:\/\/olemosaic.orbitalia.org\/fr\/produit\/aimant-metal-panoramique-barcelone-argent-8-cm-4\/","title":{"rendered":"Aimant en m\u00e9tal. Panoramique. Architecture Barcelone. Argent. 8 cm."},"content":{"rendered":"<p>Cet aimant m\u00e9tallique de Barcelone est un souvenir vibrant qui capture l&rsquo;essence de la cit\u00e9 comtale \u00e0 travers son design en mosa\u00efque. D&rsquo;une taille de 8 cm, il pr\u00e9sente un panorama color\u00e9 incluant les formes iconiques des monuments les plus embl\u00e9matiques, tels que le c\u00e9l\u00e8bre dragon du Parc G\u00fcell et la majestueuse Sagrada Familia. Les lettres \u00ab\u00a0Barcelona\u00a0\u00bb ornent la partie sup\u00e9rieure avec un style color\u00e9 et frappant qui refl\u00e8te la joie et l&rsquo;art caract\u00e9ristiques de la ville.<\/p>\n<p>Le design en mosa\u00efque souligne la richesse culturelle de Barcelone, o\u00f9 le modernisme catalan et l&rsquo;\u0153uvre d&rsquo;Antoni Gaud\u00ed sont in\u00e9gal\u00e9s. Cet aimant n&rsquo;est pas seulement un objet d\u00e9coratif, mais un v\u00e9ritable souvenir qui rend hommage \u00e0 la vitalit\u00e9 et \u00e0 la cr\u00e9ativit\u00e9 de la ville. Id\u00e9al pour les touristes cherchant \u00e0 emporter un morceau de cette ville fascinante, ce souvenir est parfait pour \u00eatre expos\u00e9 sur des r\u00e9frig\u00e9rateurs ou des surfaces m\u00e9talliques, rappelant quotidiennement la magie de Barcelone. Chez Ol\u00e9 Mosaic, sp\u00e9cialis\u00e9s dans la distribution de souvenirs en gros, nous proposons cet aimant m\u00e9tallique comme une excellente option pour les boutiques de cadeaux touristiques recherchant des produits repr\u00e9sentatifs et authentiques de la capitale catalane. Cet aimant, faisant partie de notre collection de souvenirs de Barcelone, est un reflet de l&rsquo;art et de l&rsquo;authenticit\u00e9 que chaque visiteur souhaite emporter.<\/p>\n","protected":false},"excerpt":{"rendered":"<p>Aimant m\u00e9tallique avec un panorama vibrant de Barcelone, capturant l&rsquo;essence de la ville avec une repr\u00e9sentation color\u00e9e de ses monuments les plus embl\u00e9matiques. D&rsquo;une taille de 8 cm, cet aimant se distingue par son design en mosa\u00efque, incluant des formes iconiques comme le dragon du Parc G\u00fcell et la Sagrada Familia. Les lettres \u00ab\u00a0Barcelona\u00a0\u00bb ornent la partie sup\u00e9rieure, tandis que les couleurs vives et vari\u00e9es \u00e9voquent la joie et l&rsquo;art de la cit\u00e9 comtale. Id\u00e9al comme souvenir ou cadeau.<\/p>\n","protected":false},"featured_media":11421,"template":"","meta":{"_acf_changed":false},"product_brand":[],"product_cat":[697],"product_tag":[],"class_list":{"0":"post-30845","1":"product","2":"type-product","3":"status-publish","4":"has-post-thumbnail","6":"product_cat-aimants","7":"pa_ciudad-barcelona","8":"pa_motivo-panoramas","9":"pa_pais-espana","11":"first","12":"instock","13":"shipping-taxable","14":"product-type-simple"},"acf":[],"_links":{"self":[{"href":"https:\/\/olemosaic.orbitalia.org\/fr\/wp-json\/wp\/v2\/product\/30845","targetHints":{"allow":["GET"]}}],"collection":[{"href":"https:\/\/olemosaic.orbitalia.org\/fr\/wp-json\/wp\/v2\/product"}],"about":[{"href":"https:\/\/olemosaic.orbitalia.org\/fr\/wp-json\/wp\/v2\/types\/product"}],"wp:featuredmedia":[{"embeddable":true,"href":"https:\/\/olemosaic.orbitalia.org\/fr\/wp-json\/wp\/v2\/media\/11421"}],"wp:attachment":[{"href":"https:\/\/olemosaic.orbitalia.org\/fr\/wp-json\/wp\/v2\/media?parent=30845"}],"wp:term":[{"taxonomy":"product_brand","embeddable":true,"href":"https:\/\/olemosaic.orbitalia.org\/fr\/wp-json\/wp\/v2\/product_brand?post=30845"},{"taxonomy":"product_cat","embeddable":true,"href":"https:\/\/olemosaic.orbitalia.org\/fr\/wp-json\/wp\/v2\/product_cat?post=30845"},{"taxonomy":"product_tag","embeddable":true,"href":"https:\/\/olemosaic.orbitalia.org\/fr\/wp-json\/wp\/v2\/product_tag?post=30845"}],"curies":[{"name":"wp","href":"https:\/\/api.w.org\/{rel}","templated":true}]}}